{"id":2791,"date":"2022-09-20T11:00:07","date_gmt":"2022-09-20T08:00:07","guid":{"rendered":"https:\/\/rocketplay-new.com\/welcome-offer\/"},"modified":"2026-02-24T17:12:02","modified_gmt":"2026-02-24T14:12:02","slug":"welcome-offer","status":"publish","type":"page","link":"https:\/\/rocketplay-new.com\/da\/welcome-offer\/","title":{"rendered":"Hvad er en kasinovelkomstbonus?"},"content":{"rendered":"<p><img loading=\"lazy\" decoding=\"async\" class=\" wp-image-430 aligncenter\" src=\"https:\/\/rocketplay-new.com\/wp-content\/uploads\/2022\/09\/rocket-play-welcome-bonus-2-300x93.jpg\" alt=\"Welcome bonus Rocket play\" width=\"694\" height=\"215\" srcset=\"https:\/\/rocketplay-new.com\/wp-content\/uploads\/2022\/09\/rocket-play-welcome-bonus-2-300x93.jpg 300w, https:\/\/rocketplay-new.com\/wp-content\/uploads\/2022\/09\/rocket-play-welcome-bonus-2-768x238.jpg 768w, https:\/\/rocketplay-new.com\/wp-content\/uploads\/2022\/09\/rocket-play-welcome-bonus-2.jpg 905w\" sizes=\"auto, (max-width: 694px) 100vw, 694px\" \/><\/p>\n<p>Der er pr\u00e6mier, der kun er tilg\u00e6ngelige for nytilkomne. S\u00e5danne privilegier kaldes velkomsttilbud. De aktiveres, efter at en person opretter en konto p\u00e5 siden. Nogle gange skal du stadig bruge dine penge (genopladningskonto) eller bruge en bestemt kampagnekode for at modtage en bel\u00f8nning.<\/p>\n<p>Der er selvf\u00f8lgelig ogs\u00e5 casinoet <a href=\"https:\/\/rocketplay-new.com\/da\">Rocket Play<\/a> velkomsttilbud. Der er endda to af dem, s\u00e5 du helt sikkert f\u00f8ler dig speciel ved at blive medlem af f\u00e6llesskabet i dette spillehus. Hovedform\u00e5let med disse bonusser er at tiltr\u00e6kke dig til kasinoet, \u00f8ge din bankroll og introducere dig til nogle slots. Pr\u00e6mier kan kun modtages af begyndere. Ingen andre modtager s\u00e5danne bel\u00f8nninger.<\/p>\n<p>Ethvert casino, hvis det \u00f8nsker at f\u00e5 mange kunder, skal finde p\u00e5 noget for at tiltr\u00e6kke deres g\u00e6ster. S\u00e5 online casinoet Rocket Play velkomstbonusser beviser, at denne side er klar til at give dig gaver og gode tilbud, s\u00e5 du nyder oplevelsen af at tilbringe tid her.<\/p>\n<p style=\"text-align: center;\"><span style=\"font-weight: 400;\"><div class=\"tosh-btn\"><a href=\"\/go-casino\/\" target=\"_blank\" rel=\"noopener\">F\u00c5 BONUS<\/a><\/div><\/span><\/p>\n<h2>TYPER AF VELKOMST TILBUD ROKET PLAY CASINO<\/h2>\n<p>I denne institution skal du genopfylde din konto for at modtage en pr\u00e6mie. Dette er normal praksis. Hvis en person allerede har penge p\u00e5 sin konto, opfatter kasinoet ham som solvent. I dette tilf\u00e6lde har han ret til mere gener\u00f8se og interessante gaver.<\/p>\n<p>Dette er, hvad der skete i dette kasino. Bel\u00f8nningerne er virkelig meget gode. De udstedes to gange:<\/p>\n<p>til den f\u00f8rste genopfyldning af kontoen;<br \/>\nfor et genindskud.<\/p>\n<p>Der er noget, der adskiller Rocket Plays bedste casino velkomstbonusser fra resten. Dette er deres st\u00f8rrelse og indhold. Foruden penge f\u00e5r du trods alt ogs\u00e5 gratis spins i nogle slots.<\/p>\n<p>Pengene uddeles i form af en matchbonus. Dette er en form for bel\u00f8nning, hvis st\u00f8rrelse afh\u00e6nger af din genopfyldning. Bonussen er en vis procentdel af indbetalingen. I dette casino f\u00e5r du for f\u00f8rste gang 100% ekstra, det vil sige det dobbelte bel\u00f8b. Og anden gang vil bel\u00f8bet tredobles, fordi kasinoet vil opkr\u00e6ve dig 200%.<\/p>\n<p>Gratis spins er hjullanceringer i slots p\u00e5 bekostning af huset. P\u00e5 denne side f\u00e5r du s\u00e5 mange som 100. Udgaven vil blive opdelt i flere gange, s\u00e5 du kan nyde det gratis spil s\u00e5 l\u00e6nge som muligt, og ikke bruge alt p\u00e5 \u00e9n gang.<\/p>\n<p>Det viser sig, at Rocket Play-velkomsttilbuddet Australien indeholder to indskudsmatchbonusser og yderligere spins som en gave til alle, der ikke var bange for at foretage en indbetaling for f\u00f8rste gang eller anden gang. S\u00e5danne forhold er sj\u00e6ldne, s\u00e5 vi kan g\u00e5 ud fra, at institutionen har et meget fedt tilbud til tilflyttere.<\/p>\n<p><img loading=\"lazy\" decoding=\"async\" class=\" wp-image-435 aligncenter\" src=\"https:\/\/rocketplay-new.com\/wp-content\/uploads\/2022\/09\/rocketplay-site-3-300x114.png\" alt=\"Rocket plat slots\" width=\"737\" height=\"280\" srcset=\"https:\/\/rocketplay-new.com\/wp-content\/uploads\/2022\/09\/rocketplay-site-3-300x114.png 300w, https:\/\/rocketplay-new.com\/wp-content\/uploads\/2022\/09\/rocketplay-site-3-768x291.png 768w, https:\/\/rocketplay-new.com\/wp-content\/uploads\/2022\/09\/rocketplay-site-3.png 930w\" sizes=\"auto, (max-width: 737px) 100vw, 737px\" \/><\/p>\n<p>Tjek deres vigtigste ejendommeligheder.<\/p>\n<table>\n<tbody>\n<tr>\n<td><span style=\"font-weight: 400;\">Bonus<\/span><\/td>\n<td>Bel\u00f8b<\/td>\n<td>Minimum indbetaling<\/td>\n<td>Max pengebel\u00f8b<\/td>\n<td>v\u00e6ddem\u00e5l<\/td>\n<\/tr>\n<tr>\n<td>1 depositum<\/td>\n<td>Tilf\u00f8j 100 % og 100 spins<\/td>\n<td><span style=\"font-weight: 400;\">30 DKK<\/span><\/td>\n<td><span style=\"font-weight: 400;\">300 DKK<\/span><\/td>\n<td><span style=\"font-weight: 400;\">x40<\/span><\/td>\n<\/tr>\n<tr>\n<td>2 depositum<\/td>\n<td><span style=\"font-weight: 400;\">200%<\/span><\/td>\n<td><span style=\"font-weight: 400;\">75 DKK<\/span><\/td>\n<td><span style=\"font-weight: 400;\">300 DKK<\/span><\/td>\n<td><span style=\"font-weight: 400;\">x40<\/span><\/td>\n<\/tr>\n<\/tbody>\n<\/table>\n<p>Du skal ogs\u00e5 vide, at gratis hjullanceringer kun kan bruges i nogle slots, og ikke alle i tr\u00e6k. Dette casino tilbyder dig at bruge bonussen p\u00e5 f\u00f8lgende spil fra BGaming:<\/p>\n<ul>\n<li>Aztec Magic er en cool slot med en hjulfaldsfunktion, der giver dig mulighed for at lave profitable kombinationer, selv uden at dreje hjulene;<\/li>\n<li>Fire Lightning er en gammel gr\u00e6sk-tema slot, der kommer med bonussymboler og en masse andre interessante ting.<\/li>\n<\/ul>\n<p>Hvis du er klar til at f\u00e5 det bedste casino velkomsttilbud Rocket Play, s\u00e5 g\u00e5 ikke glip af din chance og opret en konto nu!<\/p>\n<p style=\"text-align: center;\"><span style=\"font-weight: 400;\"><div class=\"tosh-btn\"><a href=\"\/go-casino\/\" target=\"_blank\" rel=\"noopener\">F\u00c5 BONUS<\/a><\/div><\/span><\/p>\n<h2>Ofte stillede sp\u00f8rgsm\u00e5l om velkomstbonusser<\/h2>\n<h3>HVAD ER GYLDIGHEDSPERIODEN FOR DENNE BONUS?<\/h3>\n<p>Den er gyldig i 5 dage. Hvis du i l\u00f8bet af denne tid ikke har genopfyldt din konto eller begyndt at spille med disse penge, s\u00e5 vil bonussen blive deaktiveret. S\u00e5 efter registreringen beh\u00f8ver du ikke vente, du skal straks genopfylde din konto og handle!<\/p>\n<h3>HVORDAN F\u00c5R MAN ENDNU FLERE PENGE FRA INSTITUTIONEN?<\/h3>\n<p>Udover velkomst har casinoet en r\u00e6kke andre tilbud. For eksempel til high rollers. Med den kan du f\u00e5 endnu flere penge.<\/p>\n<h3>HVORDAN AKTIVERER MAN BONUSEN?<\/h3>\n<p>Du skal blot oprette en konto og derefter inds\u00e6tte mindst 30 australske dollars p\u00e5 din konto. Bonussen aktiveres automatisk efter disse handlinger.<\/p>\n<p>L\u00e6s ogs\u00e5 om: <a href=\"https:\/\/rocketplay-new.com\/da\/regular-bonuses\/\">Regelm\u00e6ssige bonusser Raketspil<\/a><\/p>\n","protected":false},"excerpt":{"rendered":"<p>Der er pr\u00e6mier, der kun er tilg\u00e6ngelige for nytilkomne. S\u00e5danne privilegier kaldes velkomsttilbud. De aktiveres, efter at en person opretter en konto p\u00e5 siden. Nogle gange skal du stadig bruge dine penge (genopladningskonto) eller bruge en bestemt kampagnekode for at modtage en bel\u00f8nning. Der er selvf\u00f8lgelig ogs\u00e5 casinoet Rocket Play velkomsttilbud. Der er endda to&#8230;<\/p>\n","protected":false},"author":1,"featured_media":0,"parent":0,"menu_order":0,"comment_status":"closed","ping_status":"closed","template":"","meta":{"_acf_changed":false,"_kad_post_transparent":"default","_kad_post_title":"default","_kad_post_layout":"default","_kad_post_sidebar_id":"","_kad_post_content_style":"default","_kad_post_vertical_padding":"default","_kad_post_feature":"","_kad_post_feature_position":"","_kad_post_header":false,"_kad_post_footer":false,"footnotes":""},"class_list":["post-2791","page","type-page","status-publish","hentry"],"acf":[],"rttpg_featured_image_url":null,"rttpg_author":{"display_name":"John","author_link":"https:\/\/rocketplay-new.com\/da\/author\/pemvas95n89x\/"},"rttpg_comment":0,"rttpg_category":null,"rttpg_excerpt":"Der er pr\u00e6mier, der kun er tilg\u00e6ngelige for nytilkomne. S\u00e5danne privilegier kaldes velkomsttilbud. De aktiveres, efter at en person opretter en konto p\u00e5 siden. Nogle gange skal du stadig bruge dine penge (genopladningskonto) eller bruge en bestemt kampagnekode for at modtage en bel\u00f8nning. Der er selvf\u00f8lgelig ogs\u00e5 casinoet Rocket Play velkomsttilbud. Der er endda to...","_links":{"self":[{"href":"https:\/\/rocketplay-new.com\/da\/wp-json\/wp\/v2\/pages\/2791","targetHints":{"allow":["GET"]}}],"collection":[{"href":"https:\/\/rocketplay-new.com\/da\/wp-json\/wp\/v2\/pages"}],"about":[{"href":"https:\/\/rocketplay-new.com\/da\/wp-json\/wp\/v2\/types\/page"}],"author":[{"embeddable":true,"href":"https:\/\/rocketplay-new.com\/da\/wp-json\/wp\/v2\/users\/1"}],"replies":[{"embeddable":true,"href":"https:\/\/rocketplay-new.com\/da\/wp-json\/wp\/v2\/comments?post=2791"}],"version-history":[{"count":4,"href":"https:\/\/rocketplay-new.com\/da\/wp-json\/wp\/v2\/pages\/2791\/revisions"}],"predecessor-version":[{"id":11685,"href":"https:\/\/rocketplay-new.com\/da\/wp-json\/wp\/v2\/pages\/2791\/revisions\/11685"}],"wp:attachment":[{"href":"https:\/\/rocketplay-new.com\/da\/wp-json\/wp\/v2\/media?parent=2791"}],"curies":[{"name":"wp","href":"https:\/\/api.w.org\/{rel}","templated":true}]}}