{"id":2786,"date":"2022-09-20T13:49:36","date_gmt":"2022-09-20T10:49:36","guid":{"rendered":"https:\/\/rocketplay-new.com\/wolf-treasure\/"},"modified":"2026-02-25T15:11:47","modified_gmt":"2026-02-25T12:11:47","slug":"wolf-treasure","status":"publish","type":"page","link":"https:\/\/rocketplay-new.com\/da\/wolf-treasure\/","title":{"rendered":"Wolf Treasure anmeldelse"},"content":{"rendered":"<p><img loading=\"lazy\" decoding=\"async\" class=\" wp-image-461 aligncenter\" src=\"https:\/\/rocketplay-new.com\/wp-content\/uploads\/2022\/09\/wolf-treasure-slot-intro-300x145.webp\" alt=\"Wolf Treasure slot\" width=\"660\" height=\"319\" srcset=\"https:\/\/rocketplay-new.com\/wp-content\/uploads\/2022\/09\/wolf-treasure-slot-intro-300x145.webp 300w, https:\/\/rocketplay-new.com\/wp-content\/uploads\/2022\/09\/wolf-treasure-slot-intro-768x372.webp 768w, https:\/\/rocketplay-new.com\/wp-content\/uploads\/2022\/09\/wolf-treasure-slot-intro.webp 825w\" sizes=\"auto, (max-width: 660px) 100vw, 660px\" \/><\/p>\n<h2>SPILOPLYSNINGER<\/h2>\n<p>Underholdning i et kasino kan ikke forestilles uden slots. Dette er en integreret del af enhver gamblers liv. Og spilleautomater med dyriske temaer indtager altid en s\u00e6rlig plads blandt dem. I den vilde naturs verden kan du ikke kun nyde nye fornemmelser, men ogs\u00e5 finde mange sj\u00e6ldne skatte. Som for eksempel i Rocket Play Wolf Treasure slot online.<\/p>\n<p>Slottet blev udgivet i 2017, men er stadig popul\u00e6rt. Ogs\u00e5 mange casinoer bruger det til at give deres kunder gratis spins p\u00e5 hjulene.<\/p>\n<p>Dette er underholdning for dem, der elsker klassikerne. Det ligner retro spilleautomater, der er i landbaserede kasinoer. Alt i det: design, musikalsk akkompagnement og bonusrunder, tag spilleren ind i gamblingens verden. Pr\u00f8v det, og du vil teste dit held i det. Men f\u00f8r det, l\u00e6r de vigtigste oplysninger om, hvordan det fungerer.<\/p>\n<p><span style=\"font-weight: 400;\"><div class=\"tosh-btn\"><a href=\"\/go-casino\/\" target=\"_blank\" rel=\"noopener\">F\u00c5 BONUS<\/a><\/div><\/span><\/p>\n<h2>WOLF TREASURE SLOT RTP, DETALJER OG INDSATSGR\u00c6NSER<\/h2>\n<p>Australske spillere kan desv\u00e6rre ikke nyde alt det mangfoldige udvalg af slots. Nogle udbydere arbejder ikke i landet. Men du beh\u00f8ver ikke blive ked af det. N\u00e5r alt kommer til alt, ligner mange slots kultspil fra kendte udviklere, og nogle gange overg\u00e5r de endda dem.<\/p>\n<p>Denne spillemaskine blev skabt baseret p\u00e5 Wolf Gold. Du bem\u00e6rker m\u00e5ske, at de har meget ens designs. Men denne spillemaskine er eksklusiv. Det er udviklet af et team fra IGTech. Og nu, takket v\u00e6re dette, kan indbyggerne i landet nyde interessante emner.<\/p>\n<p>Wolf Treasure gratis spins Australia er tilg\u00e6ngelige p\u00e5 Rocket Play-webstedet. Men udover dette er der en masse andre interessante funktioner. De er beskrevet mere detaljeret i tabellen.<\/p>\n<table>\n<tbody>\n<tr>\n<td>Vend tilbage til spilleren<\/td>\n<td>96 % \u2014 gennemsnitlig og god indikator inden for slots<\/td>\n<\/tr>\n<tr>\n<td>Minimum og maksimum satser<\/td>\n<td><span style=\"font-weight: 400;\">0,25 \u2014 125 AUD<\/span><\/td>\n<\/tr>\n<tr>\n<td>Bonus symboler<\/td>\n<td>Der er et Scatter-, Wild-, Multiplikator-symbol<\/td>\n<\/tr>\n<tr>\n<td>Bonusrunde med \u00f8gede udbetalinger<\/td>\n<td>Ja, giver dig mulighed for at vinde jackpotten eller gange gevinsterne<\/td>\n<\/tr>\n<tr>\n<td>Jackpot funktion<\/td>\n<td><span style=\"font-family: var(--global-body-font-family);\">Til stedeSuch characteristics can be considered very good. Especially when you consider that this slot is over 5 years old. It is still relevant and able to bring profit. Moreover, its design does not look dated. It can only cause nostalgia for those who have long been a participant in the world of excitement.<\/span><\/td>\n<\/tr>\n<\/tbody>\n<\/table>\n<p>Symbolerne her er kortv\u00e6rdier, de er de billigste. Billeder af dyr bliver allerede mere v\u00e6rdifulde, blandt hvilke der selvf\u00f8lgelig ogs\u00e5 er en ulv. S\u00e5 Rocket Play Wolf Treasure online spilleautomater ser lyse og farverige ud.<\/p>\n<h2>BONUSFUNKTIONER<\/h2>\n<p>Spillet har flere bonusrunder. Den f\u00f8rste er gratis spins. De aktiveres af scatters og har ingen komplicerede regler. Alt er enkelt og sker i denne r\u00e6kkef\u00f8lge:<\/p>\n<ul>\n<li>Du f\u00e5r scatter-symboler.<\/li>\n<li>En runde med 5 spins starter.<\/li>\n<li>Hvis scatters lander igen, tilf\u00f8jes yderligere 3 spins.<\/li>\n<\/ul>\n<p>For at alt skal fungere, har du brug for antallet af scatters \u2014 3. Takket v\u00e6re dette kan du tjene gode penge i spilleautomaten. Is\u00e6r hvis du bruger Rocket Play Wolf Treasure no deposit bonus.<\/p>\n<p>En anden bonusfunktion er respins. De lanceres, n\u00e5r pengesymboler vises og gentages et ubegr\u00e6nset antal gange. Det kommer helt an p\u00e5, hvor heldig du er!<\/p>\n<p><span style=\"font-weight: 400;\"><div class=\"tosh-btn\"><a href=\"\/go-casino\/\" target=\"_blank\" rel=\"noopener\">F\u00c5 BONUS<\/a><\/div><\/span><\/p>\n<p>Du kan roligt betragte denne maskine som en fantastisk m\u00e5de at have det sjovt p\u00e5. Ja, det er ikke den nyeste spillemaskine derude, men den g\u00e5r stadig st\u00e6rkt takket v\u00e6re dens nostalgiske design og fede bonusfunktioner.<\/p>\n<p><img loading=\"lazy\" decoding=\"async\" class=\" wp-image-462 aligncenter\" src=\"https:\/\/rocketplay-new.com\/wp-content\/uploads\/2022\/09\/wolf-treasure-screenshot-intro-300x170.webp\" alt=\"Wolf Treasure slot game\" width=\"745\" height=\"422\" srcset=\"https:\/\/rocketplay-new.com\/wp-content\/uploads\/2022\/09\/wolf-treasure-screenshot-intro-300x170.webp 300w, https:\/\/rocketplay-new.com\/wp-content\/uploads\/2022\/09\/wolf-treasure-screenshot-intro.webp 750w\" sizes=\"auto, (max-width: 745px) 100vw, 745px\" \/><\/p>\n<h2>FAQ<\/h2>\n<h3>ER DET MULIGT AT SPILLE DETTE SPIL UDEN INVESTERINGER?<\/h3>\n<p>Hvis du ikke vil bruge dine penge, kan du selvf\u00f8lgelig spille gratis. For at g\u00f8re dette skal du bare k\u00f8re slot i demo-tilstand.<\/p>\n<h3>HVAD ER DEN MAKSIMUM GEVINST JEG KAN F\u00c5?<\/h3>\n<p>Afh\u00e6nger af st\u00f8rrelsen p\u00e5 din indsats. Gang det med 2000 og find ud af, hvor meget du kan vinde, hvis du er heldig.<\/p>\n<h3>ER DET MULIGT AT SPILLE FRA MOBILTELEFON?<\/h3>\n<p>Ja, denne spillemaskine er tilpasset sm\u00e5 sk\u00e6rme.<\/p>\n<p>L\u00e6s ogs\u00e5 om: <a style=\"font-family: var(--global-body-font-family); font-size: 16px; font-weight: normal;\" href=\"https:\/\/rocketplay-new.com\/da\/9-coins\/\">9 Coins Slot<\/a><\/p>\n","protected":false},"excerpt":{"rendered":"<p>SPILOPLYSNINGER Underholdning i et kasino kan ikke forestilles uden slots. Dette er en integreret del af enhver gamblers liv. Og spilleautomater med dyriske temaer indtager altid en s\u00e6rlig plads blandt dem. I den vilde naturs verden kan du ikke kun nyde nye fornemmelser, men ogs\u00e5 finde mange sj\u00e6ldne skatte. Som for eksempel i Rocket Play&#8230;<\/p>\n","protected":false},"author":1,"featured_media":0,"parent":0,"menu_order":0,"comment_status":"closed","ping_status":"closed","template":"","meta":{"_acf_changed":false,"_kad_post_transparent":"default","_kad_post_title":"default","_kad_post_layout":"default","_kad_post_sidebar_id":"","_kad_post_content_style":"default","_kad_post_vertical_padding":"default","_kad_post_feature":"","_kad_post_feature_position":"","_kad_post_header":false,"_kad_post_footer":false,"footnotes":""},"class_list":["post-2786","page","type-page","status-publish","hentry"],"acf":[],"rttpg_featured_image_url":null,"rttpg_author":{"display_name":"John","author_link":"https:\/\/rocketplay-new.com\/da\/author\/pemvas95n89x\/"},"rttpg_comment":0,"rttpg_category":null,"rttpg_excerpt":"SPILOPLYSNINGER Underholdning i et kasino kan ikke forestilles uden slots. Dette er en integreret del af enhver gamblers liv. Og spilleautomater med dyriske temaer indtager altid en s\u00e6rlig plads blandt dem. I den vilde naturs verden kan du ikke kun nyde nye fornemmelser, men ogs\u00e5 finde mange sj\u00e6ldne skatte. Som for eksempel i Rocket Play...","_links":{"self":[{"href":"https:\/\/rocketplay-new.com\/da\/wp-json\/wp\/v2\/pages\/2786","targetHints":{"allow":["GET"]}}],"collection":[{"href":"https:\/\/rocketplay-new.com\/da\/wp-json\/wp\/v2\/pages"}],"about":[{"href":"https:\/\/rocketplay-new.com\/da\/wp-json\/wp\/v2\/types\/page"}],"author":[{"embeddable":true,"href":"https:\/\/rocketplay-new.com\/da\/wp-json\/wp\/v2\/users\/1"}],"replies":[{"embeddable":true,"href":"https:\/\/rocketplay-new.com\/da\/wp-json\/wp\/v2\/comments?post=2786"}],"version-history":[{"count":7,"href":"https:\/\/rocketplay-new.com\/da\/wp-json\/wp\/v2\/pages\/2786\/revisions"}],"predecessor-version":[{"id":11692,"href":"https:\/\/rocketplay-new.com\/da\/wp-json\/wp\/v2\/pages\/2786\/revisions\/11692"}],"wp:attachment":[{"href":"https:\/\/rocketplay-new.com\/da\/wp-json\/wp\/v2\/media?parent=2786"}],"curies":[{"name":"wp","href":"https:\/\/api.w.org\/{rel}","templated":true}]}}