{"id":2665,"date":"2022-08-18T14:04:56","date_gmt":"2022-08-18T11:04:56","guid":{"rendered":"https:\/\/rocketplay-new.com\/slot-machines\/break-da-bank\/"},"modified":"2025-11-26T20:07:04","modified_gmt":"2025-11-26T17:07:04","slug":"break-da-bank","status":"publish","type":"page","link":"https:\/\/rocketplay-new.com\/da\/slot-machines\/break-da-bank\/","title":{"rendered":"Gennemg\u00e5 Break Da Bank Slot"},"content":{"rendered":"<p>Opfyld dr\u00f8mmen om alle gangstere fra filmene \u2013 pr\u00f8v at komme ind i banken og bliv rig. Det er trods alt meget muligt takket v\u00e6re Break da Bank Again slot. Pr\u00f8v at investere nogle rigtige penge her og l\u00e6g m\u00e6rke til, hvordan det vil mere end betale sig for dig i den n\u00e6rmeste fremtid. En unik spillemaskine fra Microgaming med et cool tema vil perfekt udvande din aften og vise, hvor forskelligartede videospil kan v\u00e6re.<\/p>\n<p style=\"text-align: center;\"><img loading=\"lazy\" decoding=\"async\" class=\"aligncenter wp-image-327 size-large\" src=\"https:\/\/rocketplay-new.com\/wp-content\/uploads\/2022\/08\/breakdabank-logo-1024x359.jpeg\" alt=\"BreakDaBank logo\" width=\"1024\" height=\"359\" srcset=\"https:\/\/rocketplay-new.com\/wp-content\/uploads\/2022\/08\/breakdabank-logo-1024x359.jpeg 1024w, https:\/\/rocketplay-new.com\/wp-content\/uploads\/2022\/08\/breakdabank-logo-300x105.jpeg 300w, https:\/\/rocketplay-new.com\/wp-content\/uploads\/2022\/08\/breakdabank-logo-768x269.jpeg 768w, https:\/\/rocketplay-new.com\/wp-content\/uploads\/2022\/08\/breakdabank-logo.jpeg 1140w\" sizes=\"auto, (max-width: 1024px) 100vw, 1024px\" \/><\/p>\n<h2>BREAK DA BANK IGEN: LANCERER SLOTET FOR F\u00d8RSTE GANG<\/h2>\n<p>Spillets funktionalitet kan variere afh\u00e6ngigt af hvilken version du har \u00e5bnet. Da Microgaming har flere muligheder for bankspil, for eksempel Break da Bank Again megaways, som har lidt andre regler.<\/p>\n<p>I dag taler vi om det s\u00e6dvanlige spil. For at k\u00f8re det skal du bruge:<\/p>\n<ul>\n<li>Opret din profil p\u00e5 casinoets hjemmeside eller indtast din personlige konto, hvis du allerede har en.<\/li>\n<li>Find dette spil i s\u00f8gningen.<\/li>\n<li>K\u00f8r spilleautomaten i normal tilstand, eller sl\u00e5 Break da Bank igen gratis spil til.<\/li>\n<li>Studer oplysningerne om spilleautomaten og se p\u00e5 st\u00f8rrelsen af \u200b\u200bindsatsen (hvis du spiller for penge). Juster den, hvis standardst\u00f8rrelsen ikke passer dig.<\/li>\n<li>Start spins ved at trykke p\u00e5 midterknappen.<\/li>\n<\/ul>\n<p>For nemheds skyld er der ogs\u00e5 et automatisk spil, hvor du skal indstille antallet af spins, der vil blive lanceret automatisk. Du kan ogs\u00e5 fremskynde rotationen af \u200b\u200bhjulene ved at klikke p\u00e5 knappen for accelererede spins.<\/p>\n<p>En anden vigtig pointe er, at for at kunne spille om penge, skal du have genopfyldt din konto. Udvalget af indsatser i denne slot er 0,09-45.<\/p>\n<p><span style=\"font-weight: 400;\"><div class=\"tosh-btn\"><a href=\"\/go-casino\/\" target=\"_blank\" rel=\"noopener\">F\u00c5 BONUS<\/a><\/div><\/span><\/p>\n<h2>KARAKTERISTIKA FOR BREAK DA BANK IGEN<\/h2>\n<p>Objektivt set har denne slot en ret simpel struktur. Den best\u00e5r af 5 hjul med tre r\u00e6kker af symboler. Der er kun 9 betalingslinjer her, hvilket ikke er s\u00e5 mange sammenlignet med andre slots. Men p\u00e5 grund af den gennemsnitlige volatilitet danner de ofte vindende kombinationer af gode st\u00f8rrelser. P\u00e5 grund af dette er investeringsspillet at foretr\u00e6kke frem for Break da Bank Again-demoen.<\/p>\n<p>Symbolerne p\u00e5 denne spilleautomat er forbundet med traditionelle casinobilleder og selvf\u00f8lgelig med banktemaet. Der er:<\/p>\n<ul>\n<li>flerfarvede kortv\u00e6rdier;<\/li>\n<li>guldbarrer;<\/li>\n<li>pakker med dollars;<\/li>\n<li>m\u00f8nter;<\/li>\n<li>bankchecks;<\/li>\n<li>\u00e6delstene.<\/li>\n<\/ul>\n<p>Der er ogs\u00e5 et s\u00e6rligt symbol her &#8211; pengeskabet, som er Scatter. Spillets logo er Wild-symbolet. De bringer specielle funktioner.<\/p>\n<p>For eksempel er Scatter ikke afh\u00e6ngig af betalingslinjer og kan \u00e5bne bonusrunder, som er gratis for spilleren. Antallet af Break da Bank Again gratis spins er ikke altid det samme. Det afh\u00e6nger af antallet af pengeskabe, der faldt p\u00e5 sk\u00e6rmen. Rotationer kan v\u00e6re fra 15 til 25.<\/p>\n<p>Forresten, under den s\u00e6rlige runde krediteres alle gevinster i henhold til din sidste indsats og vil stige fem gange.<\/p>\n<p>Men hemmeligheden bag Wild-symbolet er ikke kun, at det erstatter andre billeder. Alle kombinationer lavet med hans deltagelse ganges med 5, hvilket ogs\u00e5 \u00f8ger dine gevinster markant.<\/p>\n<h2>TEMA &amp; DESIGN<\/h2>\n<p>Det, der g\u00f8r dette spil frisk og urbant, er blot dets tema. Atmosf\u00e6ren i banken formidles rigtig godt. Slidsens design er diskret. Baggrunden er stiliseret som en bankboks, og symbolerne p\u00e5 hjulene st\u00e5r klart p\u00e5 den. Den grafiske kvalitet er h\u00f8j; p\u00e5 nogen sk\u00e6rm vil du ikke se pixels eller et sl\u00f8ret billede. Animationen er diskret.<\/p>\n<p>S\u00e6rligt i\u00f8jnefaldende er, hvordan scatter-symbolet er lavet. Dette er et lukket pengeskab, der \u00e5bner, hvis mindst 3 stykker falder ud p\u00e5 banen. En bankmand vil komme ud af et stort pengeskab, og bag ham vil du se bjerge af rigdom, som du kom her for.<\/p>\n<p>Hvad ang\u00e5r det musikalske akkompagnement, er det her us\u00e6dvanligt. I baggrunden kan du h\u00f8re rumlen fra en fungerende bankfilial. Under spins fremkommer en karakteristisk lyd, ligesom under gevinster. Men hvis du \u00f8nsker det, kan du sl\u00e5 lydsporet fra.<\/p>\n<p style=\"text-align: center;\"><img loading=\"lazy\" decoding=\"async\" class=\"aligncenter wp-image-329 size-full\" src=\"https:\/\/rocketplay-new.com\/wp-content\/uploads\/2022\/08\/break-da-bank-slot-1.jpeg\" alt=\"\" width=\"730\" height=\"500\" srcset=\"https:\/\/rocketplay-new.com\/wp-content\/uploads\/2022\/08\/break-da-bank-slot-1.jpeg 730w, https:\/\/rocketplay-new.com\/wp-content\/uploads\/2022\/08\/break-da-bank-slot-1-300x205.jpeg 300w\" sizes=\"auto, (max-width: 730px) 100vw, 730px\" \/><\/p>\n<h2>KONKLUSION<\/h2>\n<p>Vi kan antage, at Break da Bank Again Australia ikke forg\u00e6ves er s\u00e5 popul\u00e6r. Det skiller sig ud fra resten; ikke kedeligt og interessant. P\u00e5 trods af at der ikke er nogen h\u00f8j volatilitet her, er det sagtens muligt at f\u00e5 store gevinster.<\/p>\n<p>RTP her er 95,43% \u2013 en god indikator for en spiller. Du kan komme ind her selv med en lille bankroll.<\/p>\n<p>\u00d8jeblikkelig spil er tilg\u00e6ngelig for alle brugere, uanset om en person spiller fra en computer eller telefon. Udvikleren har tilpasset spillet til alle enheder, s\u00e5 det er nu meget nemmere at hacke en bank! Slottet kan klart anbefales til alle, der stadig ikke er bekendt med det.<\/p>\n<p>Anmeldelser om slots:<\/p>\n<p><a href=\"https:\/\/rocketplay-new.com\/da\/slot-machines\/mega-moolah\/\">Mega Moolah<\/a><br \/>\n<a href=\"https:\/\/rocketplay-new.com\/da\/slot-machines\/lightning-link\/\">Lyn Link<\/a><\/p>\n","protected":false},"excerpt":{"rendered":"<p>Opfyld dr\u00f8mmen om alle gangstere fra filmene \u2013 pr\u00f8v at komme ind i banken og bliv rig. Det er trods alt meget muligt takket v\u00e6re Break da Bank Again slot. Pr\u00f8v at investere nogle rigtige penge her og l\u00e6g m\u00e6rke til, hvordan det vil mere end betale sig for dig i den n\u00e6rmeste fremtid. En&#8230;<\/p>\n","protected":false},"author":1,"featured_media":0,"parent":2514,"menu_order":0,"comment_status":"closed","ping_status":"closed","template":"","meta":{"_acf_changed":false,"_kad_post_transparent":"default","_kad_post_title":"default","_kad_post_layout":"default","_kad_post_sidebar_id":"","_kad_post_content_style":"default","_kad_post_vertical_padding":"default","_kad_post_feature":"","_kad_post_feature_position":"","_kad_post_header":false,"_kad_post_footer":false,"footnotes":""},"class_list":["post-2665","page","type-page","status-publish","hentry"],"acf":[],"rttpg_featured_image_url":null,"rttpg_author":{"display_name":"John","author_link":"https:\/\/rocketplay-new.com\/da\/author\/pemvas95n89x\/"},"rttpg_comment":0,"rttpg_category":null,"rttpg_excerpt":"Opfyld dr\u00f8mmen om alle gangstere fra filmene \u2013 pr\u00f8v at komme ind i banken og bliv rig. Det er trods alt meget muligt takket v\u00e6re Break da Bank Again slot. Pr\u00f8v at investere nogle rigtige penge her og l\u00e6g m\u00e6rke til, hvordan det vil mere end betale sig for dig i den n\u00e6rmeste fremtid. En...","_links":{"self":[{"href":"https:\/\/rocketplay-new.com\/da\/wp-json\/wp\/v2\/pages\/2665","targetHints":{"allow":["GET"]}}],"collection":[{"href":"https:\/\/rocketplay-new.com\/da\/wp-json\/wp\/v2\/pages"}],"about":[{"href":"https:\/\/rocketplay-new.com\/da\/wp-json\/wp\/v2\/types\/page"}],"author":[{"embeddable":true,"href":"https:\/\/rocketplay-new.com\/da\/wp-json\/wp\/v2\/users\/1"}],"replies":[{"embeddable":true,"href":"https:\/\/rocketplay-new.com\/da\/wp-json\/wp\/v2\/comments?post=2665"}],"version-history":[{"count":3,"href":"https:\/\/rocketplay-new.com\/da\/wp-json\/wp\/v2\/pages\/2665\/revisions"}],"predecessor-version":[{"id":5868,"href":"https:\/\/rocketplay-new.com\/da\/wp-json\/wp\/v2\/pages\/2665\/revisions\/5868"}],"up":[{"embeddable":true,"href":"https:\/\/rocketplay-new.com\/da\/wp-json\/wp\/v2\/pages\/2514"}],"wp:attachment":[{"href":"https:\/\/rocketplay-new.com\/da\/wp-json\/wp\/v2\/media?parent=2665"}],"curies":[{"name":"wp","href":"https:\/\/api.w.org\/{rel}","templated":true}]}}