{"id":2522,"date":"2022-08-18T13:37:44","date_gmt":"2022-08-18T10:37:44","guid":{"rendered":"https:\/\/rocketplay-new.com\/slot-machines\/book-of-dead\/"},"modified":"2025-11-26T20:09:06","modified_gmt":"2025-11-26T17:09:06","slug":"book-of-dead","status":"publish","type":"page","link":"https:\/\/rocketplay-new.com\/da\/slot-machines\/book-of-dead\/","title":{"rendered":"Gennemg\u00e5 Book of Dead Slot"},"content":{"rendered":"<p>Unraveling the mysteries of the ancient Egyptian tombs, looking for treasures there, risking your own funds \u2013 why not an exciting adventure? Ancient Egyptian slots amaze with the beauty of their design and magnetic musical accompaniment. Therefore, it is not surprising that there are dozens of them in modern online casinos. Today we will discuss the cult slot in this topic, and you will get the most objective Book of Dead review and understand whether this video game will suit your needs.<\/p>\n<p style=\"text-align: center;\"><img loading=\"lazy\" decoding=\"async\" class=\"aligncenter wp-image-314 size-full\" src=\"https:\/\/rocketplay-new.com\/wp-content\/uploads\/2022\/08\/book-of-dead-logo.jpeg\" alt=\"book of dead logo\" width=\"720\" height=\"471\" srcset=\"https:\/\/rocketplay-new.com\/wp-content\/uploads\/2022\/08\/book-of-dead-logo.jpeg 720w, https:\/\/rocketplay-new.com\/wp-content\/uploads\/2022\/08\/book-of-dead-logo-300x196.jpeg 300w\" sizes=\"auto, (max-width: 720px) 100vw, 720px\" \/><\/p>\n<h2>DEMO MODE \u2013 GRATIS INTRODUKTION TIL BOOK OF DEAD<\/h2>\n<p>Efter at have lanceret dette videospil for f\u00f8rste gang, kan du ikke forblive ligeglad med det. Men det er altid bedre at g\u00f8re det f\u00f8rste bekendtskab uden at bruge dine penge p\u00e5 det. Det er til s\u00e5danne form\u00e5l, at du kan spille Book of Dead gratis.<\/p>\n<p>Et s\u00e5dant regime vil hj\u00e6lpe dig:<\/p>\n<ul>\n<li>forst\u00e5 spaltens mekanik;<\/li>\n<li>f\u00f8l, om du kan lide det eller ej;<\/li>\n<li>evaluere kvaliteten af \u200b\u200bgrafik og lyd;<\/li>\n<li>kontrollere hyppigheden af \u200b\u200bvindende kombinationer;<\/li>\n<li>test spillets strategi.<\/li>\n<\/ul>\n<p>Spillere fra Australien har mulighed for at spille spilleautomaten gratis, hvis de endnu ikke er klar til at bruge penge p\u00e5 den eller simpelthen ikke har deres egen bankroll.<\/p>\n<p><span style=\"font-weight: 400;\"><div class=\"tosh-btn\"><a href=\"\/go-casino\/\" target=\"_blank\" rel=\"noopener\">F\u00c5 BONUS<\/a><\/div><\/span><\/p>\n<h2>SYMBOLER, PRISER OG ANDRE DETALJER OM D\u00d8DEBOGEN<\/h2>\n<p>Uden at pynte er Book of Dead-spilleautomaten en klassiker i denne genre. I lighed med dette spil fra Play&#8217;n Go er dusinvis af lignende videospil blevet skabt. Og alt takket v\u00e6re de interessante funktioner, som udvikleren har lagt ind her.<\/p>\n<p>S\u00e5 lad os tale om symboler f\u00f8rst. Der er ti af dem her:<\/p>\n<ul>\n<li>kortv\u00e6rdier (fra 10 til es);<\/li>\n<li>Egyptiske symboler (Anubis, Farao og andre);<\/li>\n<li>Rich Wilde \u2013 rejsende og hovedperson;<\/li>\n<li>gylden bog.<\/li>\n<\/ul>\n<p>Det mest specielle er selvf\u00f8lgelig wild-symbolet. Hans rolle spilles af en mystisk bog. Den er i stand til at erstatte andre symboler, samt aktivere bonusrunden, n\u00e5r den dukker op i et bel\u00f8b p\u00e5 3 eller mere hvor som helst p\u00e5 feltet. Derudover bringer det ogs\u00e5 gevinster p\u00e5 egen h\u00e5nd.<\/p>\n<p>Teknisk information:<\/p>\n<ul>\n<li>trommer &#8211; 5;<\/li>\n<li>betalingslinjer &#8211; 10;<\/li>\n<li>automatisk spil \u2013 ja;<\/li>\n<li>accelereret rotation \u2013 ja;<\/li>\n<li>minimumssatsen er 0,01;<\/li>\n<li>maksimum &#8211; 100.<\/li>\n<\/ul>\n<p>Det maksimale output, som Book of Dead online er i stand til, er en halv million. Og du har alle muligheder for det!<\/p>\n<p style=\"text-align: center;\"><img loading=\"lazy\" decoding=\"async\" class=\"aligncenter wp-image-315 size-full\" src=\"https:\/\/rocketplay-new.com\/wp-content\/uploads\/2022\/08\/book-of-dead-slot.jpeg\" alt=\"Book of Dead slot\" width=\"838\" height=\"456\" srcset=\"https:\/\/rocketplay-new.com\/wp-content\/uploads\/2022\/08\/book-of-dead-slot.jpeg 838w, https:\/\/rocketplay-new.com\/wp-content\/uploads\/2022\/08\/book-of-dead-slot-300x163.jpeg 300w, https:\/\/rocketplay-new.com\/wp-content\/uploads\/2022\/08\/book-of-dead-slot-768x418.jpeg 768w\" sizes=\"auto, (max-width: 838px) 100vw, 838px\" \/><\/p>\n<h2>FORDOBLING CHANCE OG ANDEN D\u00d8D BOG<\/h2>\n<p>For at tjene rigtig store bel\u00f8b skal spilleren fange bonussymboler, som her er spinbogen. Det starter bonusrunden, hvor gevinsterne bliver meget st\u00f8rre, og spillerens saldo forbliver den samme, som den var f\u00f8r den begyndte.<\/p>\n<p>Hvad best\u00e5r bonusrunden af? Det er 10 gratis spins, hvor automaten ikke tr\u00e6kker penge fra spilleren, men kun kreditter. Spins spilles automatisk.<\/p>\n<p>Hvordan starter det? Hvis der er 3 eller flere bogsymboler p\u00e5 sk\u00e6rmen. Det er lige meget, om de lander p\u00e5 en vinderlinje eller ej.<\/p>\n<p>Kan bonusrunden forts\u00e6ttes? Ja, hvis du er s\u00e5 heldig, at der dukker 3 billeder mere af b\u00f8ger op. S\u00e5 vil Book of Dead gratis spins blive lanceret igen. Dette kan forts\u00e6tte indtil den maksimale gevinst.<\/p>\n<p>Derudover vises ekspanderende symboler tilf\u00e6ldigt under bonusrunden. Ethvert billede kan fungere som deres rolle. Afh\u00e6ngigt af dette vil det bel\u00f8b, du kan vinde, \u00e6ndre sig.<\/p>\n<p>En anden fed funktion, hvor du kan fordoble eller firdoble din sidste gevinst, det er et chancespil. Dens grundl\u00e6ggende regler er:<\/p>\n<p>v\u00e6lg farven p\u00e5 det kort, der \u00e5bner, og fordoble det sidste bel\u00f8b;<br \/>\nv\u00e6lg en kortfarve og firdoble pengebel\u00f8bet.<\/p>\n<p>Hvis din forudsigelse er korrekt, kan spillet forts\u00e6ttes efter behag. Dette kan g\u00f8res op til 5 gange. Hvis du ikke har g\u00e6ttet farven eller kul\u00f8ren, slutter runden automatisk.<\/p>\n<p>Denne spillemaskine har meget enkle regler. Men det er lige s\u00e5 nemt at tjene rigtige penge i Book of Dead.<\/p>\n<p>Udover fede funktioner finder du ogs\u00e5 et godt design her. Slottet ser moderne ud, selvom det blev udgivet for omkring 5 \u00e5r siden. I baggrunden ser spilleren en gammel grav, og spillefeltet er fyldt med lyse symboler og gode animationer.<\/p>\n<p><span style=\"font-weight: 400;\"><div class=\"tosh-btn\"><a href=\"\/go-casino\/\" target=\"_blank\" rel=\"noopener\">F\u00c5 BONUS<\/a><\/div><\/span><\/p>\n<h2>BOOK OF DEAD FAQ<\/h2>\n<h3>HVAD ER RTP-PROCENTEN I DENNE SPILLE?<\/h3>\n<p>Producenten angiver en indikator p\u00e5 96,21%. Det anses for godt nok. Dette opn\u00e5s ved tilstedev\u00e6relsen af \u200b\u200ben bonusrunde i spillet. Denne indikator giver spilleren mulighed for at regne ikke kun med et afkast, men ogs\u00e5 p\u00e5 stigningen i bankrollen med passende held.<\/p>\n<h3>HVOR OFTE VINDER JEG I DENNE SPILLE, OG HVOR STORE ER GEMINERNE?<\/h3>\n<p>Volatilitet er ansvarlig for dette i slots. Book of Dead har et gennemsnit. Det betyder, at gevinsterne bliver sm\u00e5, men ret regelm\u00e6ssige. Denne mulighed er velegnet til langsigtet, selvom den ikke giver dig mulighed for at ramme jackpotten skarpt.<\/p>\n<h3>KAN JEG SPILLE BOOK OF DEAD UDEN AT SPILDE MINE PENGE?<\/h3>\n<p>Selvf\u00f8lgelig. Udvikleren har lavet en demoversion, som er tilg\u00e6ngelig for alle g\u00e6ster p\u00e5 kasinoet, hvor spilleautomaten pr\u00e6senteres.<\/p>\n<p>Anmeldelser om slots:<\/p>\n<p><a href=\"https:\/\/rocketplay-new.com\/da\/slot-machines\/wizard-of-oz\/\">Troldmanden fra Oz<\/a><br \/>\n<a href=\"https:\/\/rocketplay-new.com\/da\/slot-machines\/starburst\/\">Starburst<\/a><\/p>\n","protected":false},"excerpt":{"rendered":"<p>Unraveling the mysteries of the ancient Egyptian tombs, looking for treasures there, risking your own funds \u2013 why not an exciting adventure? Ancient Egyptian slots amaze with the beauty of their design and magnetic musical accompaniment. Therefore, it is not surprising that there are dozens of them in modern online casinos. Today we will discuss&#8230;<\/p>\n","protected":false},"author":1,"featured_media":0,"parent":2514,"menu_order":0,"comment_status":"closed","ping_status":"closed","template":"","meta":{"_acf_changed":false,"_kad_post_transparent":"default","_kad_post_title":"default","_kad_post_layout":"default","_kad_post_sidebar_id":"","_kad_post_content_style":"default","_kad_post_vertical_padding":"default","_kad_post_feature":"","_kad_post_feature_position":"","_kad_post_header":false,"_kad_post_footer":false,"footnotes":""},"class_list":["post-2522","page","type-page","status-publish","hentry"],"acf":[],"rttpg_featured_image_url":null,"rttpg_author":{"display_name":"John","author_link":"https:\/\/rocketplay-new.com\/da\/author\/pemvas95n89x\/"},"rttpg_comment":0,"rttpg_category":null,"rttpg_excerpt":"Unraveling the mysteries of the ancient Egyptian tombs, looking for treasures there, risking your own funds \u2013 why not an exciting adventure? Ancient Egyptian slots amaze with the beauty of their design and magnetic musical accompaniment. Therefore, it is not surprising that there are dozens of them in modern online casinos. Today we will discuss...","_links":{"self":[{"href":"https:\/\/rocketplay-new.com\/da\/wp-json\/wp\/v2\/pages\/2522","targetHints":{"allow":["GET"]}}],"collection":[{"href":"https:\/\/rocketplay-new.com\/da\/wp-json\/wp\/v2\/pages"}],"about":[{"href":"https:\/\/rocketplay-new.com\/da\/wp-json\/wp\/v2\/types\/page"}],"author":[{"embeddable":true,"href":"https:\/\/rocketplay-new.com\/da\/wp-json\/wp\/v2\/users\/1"}],"replies":[{"embeddable":true,"href":"https:\/\/rocketplay-new.com\/da\/wp-json\/wp\/v2\/comments?post=2522"}],"version-history":[{"count":3,"href":"https:\/\/rocketplay-new.com\/da\/wp-json\/wp\/v2\/pages\/2522\/revisions"}],"predecessor-version":[{"id":5867,"href":"https:\/\/rocketplay-new.com\/da\/wp-json\/wp\/v2\/pages\/2522\/revisions\/5867"}],"up":[{"embeddable":true,"href":"https:\/\/rocketplay-new.com\/da\/wp-json\/wp\/v2\/pages\/2514"}],"wp:attachment":[{"href":"https:\/\/rocketplay-new.com\/da\/wp-json\/wp\/v2\/media?parent=2522"}],"curies":[{"name":"wp","href":"https:\/\/api.w.org\/{rel}","templated":true}]}}