{"id":2514,"date":"2022-06-13T20:51:19","date_gmt":"2022-06-13T17:51:19","guid":{"rendered":"https:\/\/rocketplay-new.com\/slot-machines\/"},"modified":"2025-04-07T16:22:59","modified_gmt":"2025-04-07T13:22:59","slug":"slot-machines","status":"publish","type":"page","link":"https:\/\/rocketplay-new.com\/da\/slot-machines\/","title":{"rendered":"Spilleautomater p\u00e5 RocketPlay Casino"},"content":{"rendered":"<p>Opfindelsen af spilleautomaten i slutningen af det 19. \u00e5rhundrede var en vigtig begivenhed i gamblingens verden. Slots overgik hurtigt andre former for underholdning i popularitet. I moderne casinoer v\u00e6lges de af mere end 70 % af spillerne. Nogle gange kan du l\u00e6se, at ideen om en spilleautomatopfinder Charles Fey l\u00e5nte fra poker. Og det er rigtigt, ofte bruges kort som symbolske billeder p\u00e5 hjulene, og kombinationerne minder lidt om poker. Men alligevel, selvom ingeni\u00f8ren startede fra kortspillet, gik han til sidst ret langt fra det.<\/p>\n<p><img loading=\"lazy\" decoding=\"async\" class=\"aligncenter wp-image-4778\" src=\"https:\/\/rocketplay-new.com\/wp-content\/uploads\/2024\/02\/111.png\" alt=\"Slot RocketPlay\" width=\"800\" height=\"478\" srcset=\"https:\/\/rocketplay-new.com\/wp-content\/uploads\/2024\/02\/111.png 1340w, https:\/\/rocketplay-new.com\/wp-content\/uploads\/2024\/02\/111-300x179.png 300w, https:\/\/rocketplay-new.com\/wp-content\/uploads\/2024\/02\/111-1024x612.png 1024w, https:\/\/rocketplay-new.com\/wp-content\/uploads\/2024\/02\/111-768x459.png 768w\" sizes=\"auto, (max-width: 800px) 100vw, 800px\" \/><\/p>\n<p>Den st\u00f8rste fordel ved spilleautomater er spillerens uafh\u00e6ngighed fra b\u00e5de partnere og dealeren. Slots spilles alene. Det tog Fey sig af. Han ejer en patenteret automatisk mekanisme til at modtage og udstede m\u00f8nter. Nu kunne en person simpelthen g\u00e5 ind i en bar, tabe en nikkel, tr\u00e6kke i h\u00e5ndtaget og vinde ti gange det &#8211; det var jackpotten i det f\u00f8rste slot &#8211; 50 cents, ikke d\u00e5rlige penge p\u00e5 det tidspunkt.<\/p>\n<p>Senere spilleautomater fik et elektrisk hjultr\u00e6k og smuk belysning. Men princippet forblev det samme: de samme symboler p\u00e5 de 3 hjul skulle st\u00e5 p\u00e5 linje p\u00e5 \u00e9n linje. Da tegninger er lavet med forskellig frekvens, og sandsynligheden for deres sammens\u00e6tning i kombinationer er anderledes. For de sj\u00e6ldneste kombinationer er den st\u00f8rste bel\u00f8nning. Og omvendt.<\/p>\n<p>Moderne spilleautomater bruger den samme ordning, men enheden er helt anderledes end den gamle spillemaskine. Nu er det en bestemt computer-programmer. Landbaserede maskiner ligner deres forf\u00e6dre eksternt, men de har det mest moderne fyld. Hvad ang\u00e5r RocketPlay online slots, er de n\u00f8jagtig de samme programmer som dem, der k\u00f8rer inde i deres landbaserede modstykker.<\/p>\n<p>Computeralderen har fuldst\u00e6ndig \u00e6ndret \u00f8konomien i spilleautomater. Nogle landbaserede kasinoer bruger stadig m\u00f8nter eller tokens til at betale for spil og uddele gevinster, men de nyeste slotkomplekser accepterer alle elektroniske betalinger. Hvad ang\u00e5r online slots, fungerer de i sagens natur kun ved kontantfri betaling.<\/p>\n<p><span style=\"font-weight: 400;\"><div class=\"go-btn-container\"><div class=\"tosh-btn\"><a href=\"\/go-casino\/\" target=\"_blank\">SPIL NU<\/a><\/div><\/div><\/span><\/p>\n<h2>HVORDAN \u00d8KONOMI I ONLINE KASINOER FUNGERER<\/h2>\n<p>Den mest overkommelige m\u00e5de at spille slots p\u00e5 er p\u00e5 RocketPlay <a href=\"https:\/\/rocketplay-new.com\/da\/casino\/\">online casinoer<\/a>. Det kan se ud til, at online slots er et ret simpelt program, p\u00e5 samme m\u00e5de som gratis flashspil, der florerer p\u00e5 nettet. Men dette er ikke mere end en ydre lighed. Video slot er ikke middelm\u00e5digt program, hvis det kun er fordi det er obligatorisk certificering. Producenten er ansvarlig for det deklarerede niveau for betalinger. Det er normalt angivet med anden decimal, for eksempel 97,08 %. Disse tal er opn\u00e5et ved omhyggelige matematiske beregninger i specielle laboratorier. F\u00f8rst opn\u00e5r producenten et vist niveau af udbytte, og derefter kontrolleres resultaterne af uafh\u00e6ngige kommissioner. F\u00f8rst derefter udstedes et certifikat.<\/p>\n<p>Procentdelen af \u200b\u200bafkast til spilleren er en gennemsnitlig v\u00e6rdi. Det f\u00f8lger, at det f\u00f8rst konvergerer med praksis efter et astronomisk antal tr\u00e6k. Dette er grundlaget for spillerens h\u00e5b om at vinde. Og det er derfor, der sker tab. N\u00e5r alt kommer til alt, hvis spilleautomaten uddelte n\u00f8jagtigt $97,8 pr. 100 brugt hver gang (som i eksemplet ovenfor), ville der ikke v\u00e6re nogen mening i at spille. Og s\u00e5 p\u00e5 grund af den tilf\u00e6ldige karakter af fordelingen af \u200b\u200bv\u00e6rdier kan en spiller vinde meget &#8211; nogle gange op til flere millioner.<\/p>\n<p>For at spille RocketPlay online slots med rigtige penge skal du registrere dig. Spilleren skal oplyse personlige oplysninger: navn, kaldenavn, e-mailadresse eller telefonnummer. Her skal spilleren bestemme, hvordan det passer til et bestemt niveau af privatliv. Casino RocketPlay garanterer sikkerheden af \u200b\u200bpersonlige data.<\/p>\n<p>Efter registrering tilbyder RocketPlay gratis online slots en hurtig velkomstbonus &#8211; ingen indbetaling. Dette er en gave til den f\u00f8rste lejlighed, s\u00e5 begynderen havde midlerne til at v\u00e6nne sig til og blive fortrolig med casinoordren. Disse midler er nok for f\u00f8rste gang. Desuden er minimumsindsatsen i de fleste af automaterne meget lille.<\/p>\n<p>I de fleste tilf\u00e6lde inviteres spilleren til at downloade en speciel programklient. Det er installeret p\u00e5 brugerens enhed og er en spilleplatform, designet specifikt til et bestemt casino. Med s\u00e5dan en applikation er indgangen mere sikker, og spillene er mere stabile. Til at starte med skal du have en s\u00e6rlig aktiveringskode.<\/p>\n<p>Efter at have registreret RocketPlay online slots Australia, er n\u00e6ste trin at finansiere din konto. Moderne online betalingssystemer er p\u00e5lidelige og nemme, s\u00e5 overf\u00f8rslen af \u200b\u200bpenge til indbetalingen er n\u00e6sten \u00f8jeblikkelig og kr\u00e6ver ikke s\u00e6rlig viden. Siden har en sektion, der hedder Betalingsmetoder eller lignende. Den beskriver, hvilke betalingssystemer der underst\u00f8ttes, og p\u00e5 hvilke vilk\u00e5r indbetalingen og udbetalingen sker. Den mest almindelige m\u00e5de er VISA-kort. Der er ogs\u00e5 mange online tegneb\u00f8ger. Betaling og udbetaling via mobiloperat\u00f8rer er muligt. Under alle omst\u00e6ndigheder b\u00f8r et s\u00e5dant afsnit studeres godt.<\/p>\n<p><img loading=\"lazy\" decoding=\"async\" class=\"aligncenter wp-image-4788\" src=\"https:\/\/rocketplay-new.com\/wp-content\/uploads\/2024\/02\/222.png\" alt=\"Slot RocketPlay 2\" width=\"800\" height=\"456\" srcset=\"https:\/\/rocketplay-new.com\/wp-content\/uploads\/2024\/02\/222.png 1417w, https:\/\/rocketplay-new.com\/wp-content\/uploads\/2024\/02\/222-300x171.png 300w, https:\/\/rocketplay-new.com\/wp-content\/uploads\/2024\/02\/222-1024x583.png 1024w, https:\/\/rocketplay-new.com\/wp-content\/uploads\/2024\/02\/222-768x437.png 768w\" sizes=\"auto, (max-width: 800px) 100vw, 800px\" \/><\/p>\n<h2>BONUSSER<\/h2>\n<p>Udbetalingsforholdet for en spiller er sammensat af to hovedfaktorer: tilbagelevering af pas af automaterne og online bonusspilleautomaterne RocketPlay. Aktiv deltagelse i loyalitetsprogrammet g\u00f8r spillet mere rentabelt i sidste ende. Derfor giver det mening at holde \u00f8je med alle pr\u00e6miekampagner.<\/p>\n<p>Ud over online slots gratis spins RocketPlay tilbydes spilleren en markant stigning p\u00e5 de f\u00f8rste indbetalinger. Gaver starter ved 100% p\u00e5 den f\u00f8rste indbetaling og vokser hver gang.<\/p>\n<p>Andre m\u00e5der at motivere spillere p\u00e5 inkluderer regelm\u00e6ssige kampagner, turneringer og VIP-programmet. Blandt de mest popul\u00e6re regul\u00e6re kampagner er cashback, n\u00e5r en del af de tabte penge returneres til spilleren. Procentdelen afh\u00e6nger af mange komponenter. I det mest gunstige tilf\u00e6lde n\u00e5r cashback 25%. Turneringer er designet ikke kun til at lyse op p\u00e5 dit ophold i kasinoet, men ogs\u00e5 for at tjene gode penge. Mestre modtager en anst\u00e6ndig pr\u00e6mie. For at vinde skal du tilmelde dig deres yndlingsturnering og i den fastsatte periode p\u00e5 visse maskiner for at tjene mere end deres rivaler. VIP-programmet har til form\u00e5l at \u00f8ge kundernes loyalitet over for institutionen. Jo flere der spiller p\u00e5 kasinoet, jo flere fordele f\u00e5r de. Blandt VIP-<a href=\"https:\/\/rocketplay-new.com\/da\/bonus\/\">bonusserne<\/a> er h\u00f8j cashback, hurtig udbetaling og s\u00e5 videre.<\/p>\n<p><span style=\"font-weight: 400;\"><div class=\"go-btn-container\"><div class=\"tosh-btn\"><a href=\"\/go-casino\/\" target=\"_blank\">SPIL NU<\/a><\/div><\/div><\/span><\/p>\n<h2>JACKPOTS<\/h2>\n<p>At bryde jackpotten er enhver spillers dr\u00f8m. Is\u00e6r da det er blevet mere virkeligt med udgivelsen af \u200b\u200bspilleautomater p\u00e5 internettet. De taler ofte om den progressive jackpot i mods\u00e6tning til den faste jackpot. Den progressive er opbygget som f\u00f8lger. N\u00e5r du spiller p\u00e5 bestemte maskiner, inds\u00e6ttes et lille bel\u00f8b fra hvert tr\u00e6k i den f\u00e6lles bank, en central server. S\u00e5 g\u00e5r den til den n\u00e6ste heldige spiller, hvis de angivne betingelser er opfyldt. Og processen begynder igen.<\/p>\n<p>Jackpots p\u00e5 nogle online slots overstiger ti millioner dollars. Mega Moolah spilleautomat, udviklet af det britiske firma Microgaming, er s\u00e6rligt ber\u00f8mt inden for denne form for spilleautomat. P\u00e5 den i 2015 blev online jackpot-rekorden sat. S\u00e5 vandt engl\u00e6nderen Jonathon Heywood (Jonathon Heywood) mere end 13 millioner pund sterling. Mega Moolah slot er tilg\u00e6ngelig i mange online casinoer, der samarbejder med Microgaming. For at vinde jackpotten skal du bare spille denne maskine. Hovedprisen uddeles helt tilf\u00e6ldigt.<\/p>\n<p>Ogs\u00e5 kendt jackpotsystem p\u00e5 Marvel tegneserieslots. De fleste af disse spilleautomater har frigivet udviklerne Playtech. For at deltage i lodtr\u00e6kningen skal du v\u00e6lge et af de tematiske spil &#8211; X-Men, Daredevil, Fantastic 4 eller lignende &#8211; og bare spille i h\u00e5b om, at valget af tilf\u00e6ldig talgeneratoren vil v\u00e6re velvilligt. Der er i alt 4 jackpots, fra den mindste, Power, til den st\u00f8rste, Ultimate Power. P\u00e5 et bestemt tidspunkt, efter et af tr\u00e6k (selv uden at vinde), \u00e5bnes et nyt vindue foran den valgte spiller, markeret med 20 celler. Det er n\u00f8dvendigt at v\u00e6lge en efter en, indtil 3 identiske logoer for en af \u200b\u200bjackpotterne er akkumuleret. Det minder lidt om et skrabelotteri. At komme ind i runden garanterer at vinde en af \u200b\u200bjackpots. Et lignende system bruges af EGT. Der er ogs\u00e5 jackpots p\u00e5 andre udvikleres maskiner.<\/p>\n<p>Det er store, globale jackpots. Men ud over dem kan udtr\u00e6kningen af \u200b\u200bden gradvist akkumulerede pr\u00e6mie udf\u00f8res i et separat online casino. P\u00e5 startsiden af \u200b\u200bwebsteder er normalt umiddelbart synlige lyse bannere eller en l\u00f8bende linje, der annoncerer st\u00f8rrelsen af \u200b\u200bjackpotten. Opskriften p\u00e5 en vindende strategi er enkel \u2013 du skal deltage.<\/p>\n<p><img loading=\"lazy\" decoding=\"async\" class=\"aligncenter wp-image-4797\" src=\"https:\/\/rocketplay-new.com\/wp-content\/uploads\/2024\/02\/333.png\" alt=\"Slot RocketPlay 3\" width=\"800\" height=\"457\" srcset=\"https:\/\/rocketplay-new.com\/wp-content\/uploads\/2024\/02\/333.png 1175w, https:\/\/rocketplay-new.com\/wp-content\/uploads\/2024\/02\/333-300x171.png 300w, https:\/\/rocketplay-new.com\/wp-content\/uploads\/2024\/02\/333-1024x585.png 1024w, https:\/\/rocketplay-new.com\/wp-content\/uploads\/2024\/02\/333-768x439.png 768w\" sizes=\"auto, (max-width: 800px) 100vw, 800px\" \/><\/p>\n<h2>GRATIS SPIL<\/h2>\n<p>P\u00e5 trods af det faktum, at slots blev udt\u00e6nkt udelukkende til cash games, med fremkomsten af online slots blev muligt og gratis spil. Rigtig mange casinoer giver n\u00e6sten alle spilleautomater til at teste i demo-tilstand til alle, der har lyst. For at g\u00f8re dette beh\u00f8ver du ikke engang at registrere dig. Mange spillere bruger denne chance til at \u00f8ve sig, f\u00f8r de spiller online spilleautomater RocketPlay. Dette er is\u00e6r nyttigt i tilf\u00e6lde af ukendte slots.<\/p>\n<p>Men stadig rigtige gambling demoer vil ikke erstatte. Og jackpots spilles kun blandt dem, der spiller for rigtigt. S\u00e5 gratis online slots ingen download RocketPlay &#8211; den helt rigtige optakt til et seri\u00f8st spil med rigtige indsatser.<\/p>\n<p>Anmeldelser om slots:<\/p>\n<ul>\n<li><a href=\"https:\/\/rocketplay-new.com\/da\/slot-machines\/starburst\/\">Stjerneskud<\/a><\/li>\n<li><a href=\"https:\/\/rocketplay-new.com\/da\/slot-machines\/mega-moolah\/\">Mega Moolah<\/a><\/li>\n<li><a href=\"https:\/\/rocketplay-new.com\/da\/slot-machines\/gonzos-quest\/\">Gonzo&#8217;s Quest<\/a><\/li>\n<\/ul>\n","protected":false},"excerpt":{"rendered":"<p>Opfindelsen af spilleautomaten i slutningen af det 19. \u00e5rhundrede var en vigtig begivenhed i gamblingens verden. Slots overgik hurtigt andre former for underholdning i popularitet. I moderne casinoer v\u00e6lges de af mere end 70 % af spillerne. Nogle gange kan du l\u00e6se, at ideen om en spilleautomatopfinder Charles Fey l\u00e5nte fra poker. Og det er&#8230;<\/p>\n","protected":false},"author":1,"featured_media":0,"parent":0,"menu_order":0,"comment_status":"closed","ping_status":"closed","template":"","meta":{"_acf_changed":false,"_kad_post_transparent":"default","_kad_post_title":"default","_kad_post_layout":"default","_kad_post_sidebar_id":"","_kad_post_content_style":"default","_kad_post_vertical_padding":"default","_kad_post_feature":"","_kad_post_feature_position":"","_kad_post_header":false,"_kad_post_footer":false,"footnotes":""},"class_list":["post-2514","page","type-page","status-publish","hentry"],"acf":[],"rttpg_featured_image_url":null,"rttpg_author":{"display_name":"John","author_link":"https:\/\/rocketplay-new.com\/da\/author\/pemvas95n89x\/"},"rttpg_comment":0,"rttpg_category":null,"rttpg_excerpt":"Opfindelsen af spilleautomaten i slutningen af det 19. \u00e5rhundrede var en vigtig begivenhed i gamblingens verden. Slots overgik hurtigt andre former for underholdning i popularitet. I moderne casinoer v\u00e6lges de af mere end 70 % af spillerne. Nogle gange kan du l\u00e6se, at ideen om en spilleautomatopfinder Charles Fey l\u00e5nte fra poker. Og det er...","_links":{"self":[{"href":"https:\/\/rocketplay-new.com\/da\/wp-json\/wp\/v2\/pages\/2514","targetHints":{"allow":["GET"]}}],"collection":[{"href":"https:\/\/rocketplay-new.com\/da\/wp-json\/wp\/v2\/pages"}],"about":[{"href":"https:\/\/rocketplay-new.com\/da\/wp-json\/wp\/v2\/types\/page"}],"author":[{"embeddable":true,"href":"https:\/\/rocketplay-new.com\/da\/wp-json\/wp\/v2\/users\/1"}],"replies":[{"embeddable":true,"href":"https:\/\/rocketplay-new.com\/da\/wp-json\/wp\/v2\/comments?post=2514"}],"version-history":[{"count":4,"href":"https:\/\/rocketplay-new.com\/da\/wp-json\/wp\/v2\/pages\/2514\/revisions"}],"predecessor-version":[{"id":5968,"href":"https:\/\/rocketplay-new.com\/da\/wp-json\/wp\/v2\/pages\/2514\/revisions\/5968"}],"wp:attachment":[{"href":"https:\/\/rocketplay-new.com\/da\/wp-json\/wp\/v2\/media?parent=2514"}],"curies":[{"name":"wp","href":"https:\/\/api.w.org\/{rel}","templated":true}]}}