{"id":2503,"date":"2022-08-11T19:26:18","date_gmt":"2022-08-11T16:26:18","guid":{"rendered":"https:\/\/rocketplay-new.com\/promo-code\/"},"modified":"2022-10-26T02:35:13","modified_gmt":"2022-10-25T23:35:13","slug":"promo-code","status":"publish","type":"page","link":"https:\/\/rocketplay-new.com\/da\/promo-code\/","title":{"rendered":"RocketPlay-kampagnekode 2023"},"content":{"rendered":"<p><img loading=\"lazy\" decoding=\"async\" class=\" wp-image-279 aligncenter\" src=\"https:\/\/rocketplay-new.com\/wp-content\/uploads\/2022\/08\/welcome_1300x640-1-300x148.png\" alt=\"rocket play casino\" width=\"574\" height=\"283\" srcset=\"https:\/\/rocketplay-new.com\/wp-content\/uploads\/2022\/08\/welcome_1300x640-1-300x148.png 300w, https:\/\/rocketplay-new.com\/wp-content\/uploads\/2022\/08\/welcome_1300x640-1-1024x504.png 1024w, https:\/\/rocketplay-new.com\/wp-content\/uploads\/2022\/08\/welcome_1300x640-1-768x378.png 768w, https:\/\/rocketplay-new.com\/wp-content\/uploads\/2022\/08\/welcome_1300x640-1.png 1300w\" sizes=\"auto, (max-width: 574px) 100vw, 574px\" \/><\/p>\n<p>N\u00e5r du f\u00e5r <a href=\"https:\/\/rocketplay-new.com\/da\">RocketPlay<\/a> kampagnekode 2023, skal du finde de vigtigste fordele ved denne kundekampagne. For det f\u00f8rste kan <a href=\"https:\/\/rocketplay-new.com\/da\/bonus\/\">bonuskombinationer<\/a> bruges til frit spil. Denne gave fra institutionen giver dig mulighed for ikke at bruge dine penge. I tilf\u00e6lde af at vinde, kan spilleren h\u00e6ve penge eller bruge dem til yderligere spil.<\/p>\n<p>For det andet kan alle nemt modtage og bruge alle aktive kampagnekoder. For at g\u00f8re dette er det nok at studere listen over nye casino-kampagnekoder p\u00e5 webstedet. Den eneste regel at huske er, at \u00e9n RocketPlay bonuskode kun kan bruges \u00e9n gang.<\/p>\n<p>For det tredje, for at bruge bonusser til kampagnekoder, er det absolut ikke n\u00f8dvendigt at foretage en indbetaling. RocketPlay no deposit bonuskode er tilg\u00e6ngelig for spillere. Denne gave fra spilleklubben giver dig mulighed for at vinde uden at indbetale penge. For at bruge det, b\u00f8r du omhyggeligt studere vilk\u00e5rene for bonustilbuddet. De kan henvise til den maksimale indsats og gevinstbel\u00f8bet, s\u00e5vel som spil- og landebegr\u00e6nsninger. Derudover skal du tage h\u00f8jde for v\u00e6rdien af \u200b\u200bindsatsen.<\/p>\n<p>Kasino kampagnekoder i 2023 er ikke kun et marketingv\u00e6rkt\u00f8j. Dette er en mulighed for at starte et vellykket spil i et online casino med nul eller minimal investering. I dette tilf\u00e6lde er det n\u00f8dvendigt at registrere sig p\u00e5 den officielle hjemmeside for spillesiden. Brugerbekr\u00e6ftelse kan ogs\u00e5 v\u00e6re p\u00e5kr\u00e6vet. Det er baseret p\u00e5 bekr\u00e6ftelse af spillerens identitet og oplysningerne om hans elektroniske tegnebog eller bankkort.<\/p>\n<h2>S\u00c5DAN BRUGER DU PROMOKODEN &#8211; TRIN FOR TRIN<\/h2>\n<p>Hvordan f\u00e5r og bruger man RocketPlay casino kampagnekode? De er tilg\u00e6ngelige p\u00e5 partnerwebsteder eller kan sendes med post. Efter at have modtaget de hemmelige symboler, skal spilleren aktivere kampagnekoden. Aktiveringsregler afh\u00e6nger af betingelserne for en bestemt kampagne. Men i de fleste tilf\u00e6lde kan en online casino kampagnekode aktiveres som f\u00f8lger:<\/p>\n<ul>\n<li>g\u00e5 til den officielle hjemmeside for den online spilleinstitution, der giver bonussen;<\/li>\n<li>registrere dig, bekr\u00e6fte at du er myndig og acceptere kasinoets regler;<\/li>\n<li>log ind og g\u00e5 til din personlige konto;<\/li>\n<li>g\u00e5 til sektionen af \u200b\u200bwebstedet med bonustilbud (normalt kaldes det &#8220;Gaver&#8221;, &#8220;Bonusser&#8221; eller &#8220;Kampagner&#8221;);<\/li>\n<li>v\u00e6lg et interessant bonustilbud;<\/li>\n<li>indtast kampagnekoden p\u00e5 kampagnesiden og vent p\u00e5, at den bliver aktiveret.<\/li>\n<\/ul>\n<p>I dette tilf\u00e6lde skal du s\u00f8rge for at tage hensyn til betingelserne for at f\u00e5 en salgsfremmende kode. Nogle gange er tilstedev\u00e6relsen af \u200b\u200bhemmelige tegn ikke nok. For eksempel kan du desuden have brug for at foretage en indbetaling p\u00e5 et bestemt bel\u00f8b, placere et v\u00e6ddem\u00e5l osv. Du b\u00f8r ogs\u00e5 overveje kampagnens udl\u00f8bsdato. N\u00e5r den udl\u00f8ber, bliver kampagnekoden inaktiv. Derfor vil spilleren ikke kunne modtage en bel\u00f8nning.<\/p>\n<p>En anden vigtig regel er, at online casino kampagnekoder kun kan bruges \u00e9n gang. Genindtastning af de hemmelige symboler vil ikke f\u00f8re til kreditering af bonusser. Med deres hj\u00e6lp vil du have mulighed for at finde ud af alle fordelene ved hvert program ved at bruge en r\u00e6kke forskellige kombinationer i casinoet, hvilket vil g\u00f8re spilprocessen s\u00e5 rentabel som muligt.<\/p>\n<p>Det skal ogs\u00e5 fremh\u00e6ves, at det er meget nemt at vinde oprykningen tilbage. Du kan nemt h\u00e6ve penge til et kort eller en virtuel tegnebog. For at g\u00f8re dette skal du opfylde en r\u00e6kke v\u00e6ddem\u00e5lsbetingelser, og det vil v\u00e6re ganske enkelt at g\u00f8re dette.<\/p>\n<p><img loading=\"lazy\" decoding=\"async\" class=\" wp-image-278 aligncenter\" src=\"https:\/\/rocketplay-new.com\/wp-content\/uploads\/2022\/08\/online-casino-promo-codes-1-300x195.jpg\" alt=\"promo codes\" width=\"551\" height=\"358\" srcset=\"https:\/\/rocketplay-new.com\/wp-content\/uploads\/2022\/08\/online-casino-promo-codes-1-300x195.jpg 300w, https:\/\/rocketplay-new.com\/wp-content\/uploads\/2022\/08\/online-casino-promo-codes-1-768x499.jpg 768w, https:\/\/rocketplay-new.com\/wp-content\/uploads\/2022\/08\/online-casino-promo-codes-1.jpg 1000w\" sizes=\"auto, (max-width: 551px) 100vw, 551px\" \/><\/p>\n<h2>KONKLUSION<\/h2>\n<p>F\u00f8r du bruger bonussen, anbefales det at l\u00e6se dens regler omhyggeligt. Nogle kasinoer begr\u00e6nser listen over betalingsmetoder, der kan bruges som en del af kampagnen. Der kan ogs\u00e5 g\u00e6lde begr\u00e6nsninger for de maksimale gevinster for v\u00e6ddem\u00e5l p\u00e5 bonusmidler. I dette tilf\u00e6lde, hvis gr\u00e6nsen overskrides, vil spilleren kun v\u00e6re i stand til at h\u00e6ve det maksimalt tilladte bel\u00f8b for gevinster. Det resterende bel\u00f8b vil blive annulleret.<\/p>\n<p>Hvis spilleren har opfyldt betingelserne for kampagnen og med succes brugt kampagnekoderne til onlinekasinoet, kan han modtage sine gevinster p\u00e5 enhver mulig m\u00e5de. Til dette har du brug for:<\/p>\n<ul>\n<li>g\u00e5 til Cashier-sektionen p\u00e5 casinoets hjemmeside;<\/li>\n<li>v\u00e6lg fanen &#8220;Depositum midler&#8221;;<\/li>\n<li>v\u00e6lge en tilg\u00e6ngelig betalingsmetode;<\/li>\n<li>angiv betalingsbel\u00f8bet;<\/li>\n<li>bekr\u00e6fte dine handlinger.<\/li>\n<\/ul>\n<p>Det skal bem\u00e6rkes, at udbetalingen af \u200b\u200bgevinsten sker p\u00e5 samme m\u00e5de, som blev brugt til at foretage indbetalingen. I casinoet kan du genopfylde din konto og h\u00e6ve gevinster ved hj\u00e6lp af et bankkort eller elektronisk tegnebog.<\/p>\n<h2>FAQ<\/h2>\n<h3>HVORDAN F\u00c5R MAN PROMOKODER?<\/h3>\n<p>For at f\u00e5 en kampagnekode skal du bruge:<\/p>\n<p>V\u00e6lg en bonuskode (vist i tabellen).<br \/>\nKlik p\u00e5 knappen &#8220;Afspil&#8221;.<br \/>\nG\u00e5 til dit foretrukne online casino.<br \/>\nBliv registreret.<br \/>\nOpfyld betingelserne for at f\u00e5 den valgte kampagnekode.<\/p>\n<h3>HVAD ER FORDELENE VED AT BRUGE BONUSKODER?<\/h3>\n<p>Den st\u00f8rste fordel ved at spille med salgsfremmende koder er, at du ikke kan indbetale dine egne penge, men spille med penge fra en spillevirksomhed. Du kan ogs\u00e5 \u00f8ge chancen for at vinde i et online casino.<\/p>\n<h3>HVORFOR FUNGERER KAMPANJEKODEN IKKE?<\/h3>\n<p>Du skal registrere eller logge ind p\u00e5 siden, hvor du vil bruge bonussen. Du b\u00f8r ogs\u00e5 tjekke om den angivne bonus svarer til casinoet? Hvis alt er korrekt, og aktiveringen ikke virker, skal du kontakte teknisk support.<\/p>\n<h3>ER DET MULIGT AT OVERSETTE PROMO TIL PENGE?<\/h3>\n<p>Hvis denne kode krediterer dig med penge, s\u00e5 er de h\u00f8jst sandsynligt virtuelle. For at modtage rigtige penge skal du opfylde betingelserne for at bruge bonussen.<\/p>\n<h3>HVORFOR HAR DU BRUG FOR PROMOKODER I ET CASINO?<\/h3>\n<p>Dette er specielle symboler, der giver spilleren visse bonusser. I hvert casino kan disse bonusser v\u00e6re forskellige, og betingelserne for deres brug ogs\u00e5.<\/p>\n<h3>SKAL JEG INDS\u00c6TTE PENGE FOR AT AKTIVERE EN KAMPAGNEKODE?<\/h3>\n<p>Ikke n\u00f8dvendigt. Mange sider giver bonuskoder uden at foretage en f\u00f8rste indbetaling. S\u00e5danne kampagnekoder kaldes ingen indbetaling.<\/p>\n","protected":false},"excerpt":{"rendered":"<p>N\u00e5r du f\u00e5r RocketPlay kampagnekode 2023, skal du finde de vigtigste fordele ved denne kundekampagne. For det f\u00f8rste kan bonuskombinationer bruges til frit spil. Denne gave fra institutionen giver dig mulighed for ikke at bruge dine penge. I tilf\u00e6lde af at vinde, kan spilleren h\u00e6ve penge eller bruge dem til yderligere spil. For det andet&#8230;<\/p>\n","protected":false},"author":1,"featured_media":0,"parent":0,"menu_order":0,"comment_status":"closed","ping_status":"closed","template":"","meta":{"_acf_changed":false,"_kad_post_transparent":"default","_kad_post_title":"default","_kad_post_layout":"default","_kad_post_sidebar_id":"","_kad_post_content_style":"default","_kad_post_vertical_padding":"default","_kad_post_feature":"","_kad_post_feature_position":"","_kad_post_header":false,"_kad_post_footer":false,"footnotes":""},"class_list":["post-2503","page","type-page","status-publish","hentry"],"acf":[],"rttpg_featured_image_url":null,"rttpg_author":{"display_name":"John","author_link":"https:\/\/rocketplay-new.com\/da\/author\/pemvas95n89x\/"},"rttpg_comment":0,"rttpg_category":null,"rttpg_excerpt":"N\u00e5r du f\u00e5r RocketPlay kampagnekode 2023, skal du finde de vigtigste fordele ved denne kundekampagne. For det f\u00f8rste kan bonuskombinationer bruges til frit spil. Denne gave fra institutionen giver dig mulighed for ikke at bruge dine penge. I tilf\u00e6lde af at vinde, kan spilleren h\u00e6ve penge eller bruge dem til yderligere spil. For det andet...","_links":{"self":[{"href":"https:\/\/rocketplay-new.com\/da\/wp-json\/wp\/v2\/pages\/2503","targetHints":{"allow":["GET"]}}],"collection":[{"href":"https:\/\/rocketplay-new.com\/da\/wp-json\/wp\/v2\/pages"}],"about":[{"href":"https:\/\/rocketplay-new.com\/da\/wp-json\/wp\/v2\/types\/page"}],"author":[{"embeddable":true,"href":"https:\/\/rocketplay-new.com\/da\/wp-json\/wp\/v2\/users\/1"}],"replies":[{"embeddable":true,"href":"https:\/\/rocketplay-new.com\/da\/wp-json\/wp\/v2\/comments?post=2503"}],"version-history":[{"count":3,"href":"https:\/\/rocketplay-new.com\/da\/wp-json\/wp\/v2\/pages\/2503\/revisions"}],"predecessor-version":[{"id":2510,"href":"https:\/\/rocketplay-new.com\/da\/wp-json\/wp\/v2\/pages\/2503\/revisions\/2510"}],"wp:attachment":[{"href":"https:\/\/rocketplay-new.com\/da\/wp-json\/wp\/v2\/media?parent=2503"}],"curies":[{"name":"wp","href":"https:\/\/api.w.org\/{rel}","templated":true}]}}