{"id":2494,"date":"2022-08-11T19:50:04","date_gmt":"2022-08-11T16:50:04","guid":{"rendered":"https:\/\/rocketplay-new.com\/no-deposit-bonus\/"},"modified":"2026-02-25T15:26:24","modified_gmt":"2026-02-25T12:26:24","slug":"no-deposit-bonus","status":"publish","type":"page","link":"https:\/\/rocketplay-new.com\/da\/no-deposit-bonus\/","title":{"rendered":"RocketPlay Bonuskoder uden indskud"},"content":{"rendered":"<p><img loading=\"lazy\" decoding=\"async\" class=\" wp-image-288 aligncenter\" src=\"https:\/\/rocketplay-new.com\/wp-content\/uploads\/2022\/08\/no-deposit-bonuses-feature-img-300x150.png\" alt=\"no deposit bonuses\" width=\"646\" height=\"323\" srcset=\"https:\/\/rocketplay-new.com\/wp-content\/uploads\/2022\/08\/no-deposit-bonuses-feature-img-300x150.png 300w, https:\/\/rocketplay-new.com\/wp-content\/uploads\/2022\/08\/no-deposit-bonuses-feature-img-1024x512.png 1024w, https:\/\/rocketplay-new.com\/wp-content\/uploads\/2022\/08\/no-deposit-bonuses-feature-img-768x384.png 768w, https:\/\/rocketplay-new.com\/wp-content\/uploads\/2022\/08\/no-deposit-bonuses-feature-img.png 1200w\" sizes=\"auto, (max-width: 646px) 100vw, 646px\" \/><\/p>\n<p>I online-virksomheder, n\u00e5r du opretter en ny konto, er bonussen betinget opdelt i to typer:<\/p>\n<p>P\u00e5 depositum &#8211; kr\u00e6ver kontant opfyldning. Det kan v\u00e6re bestemte procenter af penge eller bonusrunder. Betingelserne for at f\u00e5 og bruge en spillevirksomhed fasts\u00e6ttes privat.<\/p>\n<p><a href=\"https:\/\/rocketplay-new.com\/da\">RocketPlay<\/a> no deposit bonus &#8211; brugeren modtager den uden at indbetale sine egne penge. Disse er normalt yderligere runder. Samtidig er vilk\u00e5rene for brug og v\u00e6ddem\u00e5l m\u00e6rkbart mere komplekse end i den betalte version.<\/p>\n<p>En funktion ved RocketPlay casino no deposit bonus 2023 er muligheden for at vinde uden at indbetale penge. Det er praktisk og rentabelt, da der ikke er behov for at bruge dine penge. Men for at modtage det, skal du opfylde flere obligatoriske betingelser for institutionen.<\/p>\n<p>Gratis casino bonus uden indskud RocketPlay tilbydes, n\u00e5r du registrerer en ny konto. Bonussen fungerer som en bel\u00f8nning til en ny klient. Internetportalen \u00f8nsker s\u00e5ledes at f\u00e5 s\u00e5 mange kunder som muligt. Men ikke kun kontoret forbliver vinderen. En gambler kan spille adskillige runder gratis uden at indbetale deres egne midler. Gaver er af f\u00f8lgende typer:<\/p>\n<p><a href=\"https:\/\/rocketplay-new.com\/da\/free-spins\/\">Gratis spins<\/a> er ekstra runder. De udstedes til spilleautomater, der er specielt tildelt til kampagner. Det er n\u00f8dvendigt at bruge rotation inden for en vis tid. Hvert spin har en p\u00e5lydende v\u00e6rdi. Spilleren f\u00e5r alle bonusserne p\u00e5 samme tid eller i et bestemt tidsrum. Det vil blive n\u00e6vnt i vilk\u00e5r og betingelser.<\/p>\n<p>Bonusbel\u00f8b &#8211; i mods\u00e6tning til gratis runder kan du v\u00e6lge den ene. hvad bliver kursen. Der findes specielle maskiner til dette.<\/p>\n<p>Gevinsten sendes til bonuskontoen. Der p\u00e5l\u00e6gges en indsats p\u00e5 hver vundet indsats. Det vil f\u00f8rst v\u00e6re muligt at h\u00e6ve registreringsbonussen fra casinoet efter den fulde indsats.<\/p>\n<h2>S\u00c5DAN KR\u00c6VER MAN EN BONUS INGEN DEPOSITUM<\/h2>\n<p>Hvad er en spillerregistreringsbonus? I online-virksomheder kan en bonus udstedes under forskellige betingelser. Siden s\u00e6tter reglerne for modtagelse og brug af ingen depositum privat. Men f\u00f8rst skal du registrere dig og best\u00e5 bekr\u00e6ftelse. Trin-for-trin instruktion:<\/p>\n<p>Du skal angive en postadresse for at bekr\u00e6fte din registrering. Derudover vil det blive p\u00e5kr\u00e6vet senere, s\u00e5 adressen skal fungere.<br \/>\nTilf\u00f8j et telefonnummer \u2013 du f\u00e5r ogs\u00e5 brug for det senere. Ved bekr\u00e6ftelse af identitet kan webstedets sikkerhedsafdeling foretage et testopkald.<br \/>\nOpret en adgangskode p\u00e5 seks eller flere tegn. Nogle websteder kr\u00e6ver, at du opretter en adgangskode med bogstaver og specialtegn.<br \/>\nV\u00e6lg valuta \u2014 beregninger foretages til p\u00e5lydende v\u00e6rdi. Det er ikke muligt at \u00e6ndre valget senere.<br \/>\nIndtast dit land, by, hjemmeadresse og postnummer, hvis det kr\u00e6ves.<\/p>\n<p>Best\u00e5 en identitetskontrol \u2013 tag et billede af dit pas eller k\u00f8rekort. Billedet skal v\u00e6re af h\u00f8j kvalitet. Hvis du har brug for et foto af et plastikkort, s\u00e5 skal nogle numre v\u00e6re skjult. Verifikation tager fra 24 timer til 3 dage i henhold til betingelserne i administrationens politik.<\/p>\n<p>V\u00e6lg en bonus uden indskud, hvis den ikke gives umiddelbart efter registrering. Du skal muligvis ogs\u00e5 bruge RocketPlay casino bonuskoder uden indskud. Brugeren skal n\u00f8je studere betingelserne for spillet.<\/p>\n<p>Alle data skal udfyldes n\u00f8jagtigt, ellers vil processen blive afvist, og alt det, du vinder, vil bestemt ikke kunne tr\u00e6kkes tilbage. Genverifikation af ansigtet kan tage l\u00e6ngere tid, og nogle virksomheder opkr\u00e6ver b\u00f8der for genverifikation p\u00e5 grund af klientens skyld. Derefter modtager spilleren s\u00e6rlige bonusser til registrering.<\/p>\n<p><img loading=\"lazy\" decoding=\"async\" class=\" wp-image-269 aligncenter\" src=\"https:\/\/rocketplay-new.com\/wp-content\/uploads\/2022\/08\/rocketplay.png.81fad21a548a0bf925c5d798697b8947-1-300x97.png\" alt=\"rocket play\" width=\"600\" height=\"194\" srcset=\"https:\/\/rocketplay-new.com\/wp-content\/uploads\/2022\/08\/rocketplay.png.81fad21a548a0bf925c5d798697b8947-1-300x97.png 300w, https:\/\/rocketplay-new.com\/wp-content\/uploads\/2022\/08\/rocketplay.png.81fad21a548a0bf925c5d798697b8947-1.png 496w\" sizes=\"auto, (max-width: 600px) 100vw, 600px\" \/><\/p>\n<h2>ANDRE RocketPlay Casino Bonusser<\/h2>\n<p>\u0411\u0430\u0441\u049b\u0430 \u049b\u0430\u043d\u0434\u0430\u0439 \u0430\u0440\u043d\u0430\u0439\u044b \u04b1\u0441\u044b\u043d\u044b\u0441\u0442\u0430\u0440 \u0431\u0430\u0440? RocketPlay \u0434\u0435\u043f\u043e\u0437\u0438\u0442\u0442\u0456\u043a \u0431\u043e\u043d\u0443\u0441\u0441\u044b\u0437 \u0410\u0432\u0441\u0442\u0440\u0430\u043b\u0438\u044f\u0434\u0430\u043d \u0431\u0430\u0441\u049b\u0430, \u043e\u0439\u044b\u043d\u0448\u044b\u043b\u0430\u0440 \u04af\u0448\u0456\u043d \u043e\u0441\u044b\u043d\u0434\u0430\u0439 \u04b1\u0441\u044b\u043d\u044b\u0441\u0442\u0430\u0440 \u0431\u0430\u0440:<\/p>\n<ul>\n<li>\u0414\u0435\u043f\u043e\u0437\u0438\u0442\u0442\u0456\u043a \u0431\u043e\u043d\u0443\u0441 \u0436\u043e\u049b. \u049a\u043e\u0441\u044b\u043c\u0448\u0430 \u0430\u0439\u043d\u0430\u043b\u044b\u043c\u0434\u0430\u0440 \u0436\u0438\u043d\u0430\u0493\u044b \u0440\u0435\u0442\u0456\u043d\u0434\u0435 \u0431\u0435\u0440\u0456\u043b\u0433\u0435\u043d. \u041e\u0441\u044b \u04b1\u0441\u044b\u043d\u044b\u0441\u049b\u0430 \u049b\u0430\u0442\u044b\u0441\u0442\u044b \u0431\u0430\u0440\u043b\u044b\u049b \u0435\u0440\u0435\u0436\u0435\u043b\u0435\u0440 \u0431\u0435\u043b\u0441\u0435\u043d\u0434\u0456\u0440\u0443 \u0448\u0430\u0440\u0442\u0442\u0430\u0440\u044b\u043d\u0434\u0430 \u0436\u0430\u0437\u044b\u043b\u0493\u0430\u043d.<\/li>\n<li>\u041a\u044d\u0448\u0431\u044d\u043a. \u041a\u044d\u0448\u0431\u044d\u043a &#8211; \u0431\u04b1\u043b \u043e\u0439\u044b\u043d\u0448\u044b\u043b\u0430\u0440 \u0436\u043e\u0493\u0430\u043b\u0442\u049b\u0430\u043d \u049b\u0430\u0440\u0430\u0436\u0430\u0442 \u0441\u043e\u043c\u0430\u0441\u044b\u043d \u0456\u0448\u0456\u043d\u0430\u0440\u0430 \u049b\u0430\u0439\u0442\u0430\u0440\u0443. \u0421\u0456\u0437 \u043a\u044d\u0448\u0431\u044d\u043a\u0442\u0456 \u043e\u0439\u044b\u043d\u0448\u044b \u0435\u0441\u0435\u043f\u0442\u0456 \u043a\u0435\u0437\u0435\u04a3\u0434\u0435 \u0436\u043e\u0493\u0430\u043b\u0442\u049b\u0430\u043d \u0436\u0430\u0493\u0434\u0430\u0439\u0434\u0430 \u0430\u043b\u0430 \u0430\u043b\u0430\u0441\u044b\u0437, \u044f\u0493\u043d\u0438 \u043e\u043b \u0430\u043b\u0493\u0430\u043d \u0430\u049b\u0448\u0430\u0441\u044b\u043d\u0430\u043d (\u0430\u0493\u044b\u043c\u0434\u0430\u0493\u044b \u0431\u0430\u043b\u0430\u043d\u0441\u0442\u044b \u0435\u0441\u043a\u0435\u0440\u0435 \u043e\u0442\u044b\u0440\u044b\u043f) \u0436\u0430\u043b\u043f\u044b \u0441\u043e\u043c\u0430\u0493\u0430 \u0434\u0435\u043f\u043e\u0437\u0438\u0442 \u0441\u0430\u043b\u0493\u0430\u043d. \u0411\u043e\u043d\u0443\u0441 \u0430\u043f\u0442\u0430\/\u0430\u0439 \u0441\u0430\u0439\u044b\u043d \u049b\u043e\u043b\u0436\u0435\u0442\u0456\u043c\u0434\u0456.<\/li>\n<li>\u0421\u043e\u043c\u0430\u043d\u044b\u04a3 \u043f\u0430\u0439\u044b\u0437\u044b. \u041a\u04e9\u0431\u0456\u043d\u0435\u0441\u0435 \u0431\u04b1\u043b 100% -\u0434\u0430\u043d 200% -\u0493\u0430 \u0434\u0435\u0439\u0456\u043d.<\/li>\n<li>\u0422\u0456\u0440\u043a\u0435\u043b\u0443 \u04af\u0448\u0456\u043d \u0431\u043e\u043d\u0443\u0441. \u0411\u0430\u0440\u043b\u044b\u049b \u043f\u0430\u0439\u0434\u0430\u043b\u0430\u043d\u0443\u0448\u044b\u043b\u0430\u0440 \u043f\u0440\u043e\u0446\u0435\u0441\u0442\u0456 \u0441\u04d9\u0442\u0442\u0456 \u0430\u044f\u049b\u0442\u0430\u0493\u0430\u043d\u044b \u04af\u0448\u0456\u043d \u049b\u04b1\u0442\u0442\u044b\u049b\u0442\u0430\u0443 \u0441\u044b\u0439\u043b\u044b\u0493\u044b\u043d \u0430\u043b\u0430 \u0430\u043b\u0430\u0434\u044b. \u0411\u04b1\u043b \u0430\u049b\u0448\u0430\u043d\u044b\u04a3 \u043f\u0430\u0439\u044b\u0437\u044b \u043d\u0435\u043c\u0435\u0441\u0435 \u0442\u0435\u0433\u0456\u043d \u0430\u0439\u043d\u0430\u043b\u044b\u043c \u0431\u043e\u043b\u0443\u044b \u043c\u04af\u043c\u043a\u0456\u043d.<\/li>\n<li>\u0416\u0430\u0440\u043d\u0430\u043c\u0430\u043b\u044b\u049b \u043a\u043e\u0434\u0442\u0430\u0440\u0434\u044b, \u04d9\u0440\u0442\u04af\u0440\u043b\u0456 \u0430\u043a\u0446\u0438\u044f\u043b\u0430\u0440\u0434\u044b \u0436\u04d9\u043d\u0435 \u0442.\u0431. \u043f\u0430\u0439\u0434\u0430\u043b\u0430\u043d\u0443 \u0430\u0440\u049b\u044b\u043b\u044b \u04d9\u0440\u0442\u04af\u0440\u043b\u0456 \u0430\u0440\u043d\u0430\u0439\u044b \u04b1\u0441\u044b\u043d\u044b\u0441\u0442\u0430\u0440 \u0431\u0430\u0440.<\/li>\n<\/ul>\n<h2>\u0416\u0438\u0456 \u049b\u043e\u0439\u044b\u043b\u0430\u0442\u044b\u043d \u0441\u04b1\u0440\u0430\u049b\u0442\u0430\u0440<\/h2>\n<h3>\u041a\u0406\u041c\u0414\u0415\u0420 \u0410\u0420\u041d\u0410\u0419\u042b \u042b\u041d\u0422\u042b\u041c\u0410\u049a\u0422\u0410\u0420\u0414\u042b \u0410\u041b\u0410 \u0410\u041b\u0410\u0414\u042b?<\/h3>\n<p>\u04d8\u0440\u0431\u0456\u0440 \u0436\u0430\u04a3\u0430\u0434\u0430\u043d \u0442\u0456\u0440\u043a\u0435\u043b\u0433\u0435\u043d \u043f\u0430\u0439\u0434\u0430\u043b\u0430\u043d\u0443\u0448\u044b \u0441\u044b\u0439\u043b\u044b\u049b \u0430\u043b\u0430\u0434\u044b. \u04d8\u0440\u0431\u0456\u0440 \u043c\u0435\u043a\u0435\u043c\u0435 \u0436\u0430\u04a3\u0430\u0434\u0430\u043d \u0431\u0430\u0441\u0442\u0430\u0493\u0430\u043d\u0434\u0430\u0440\u0493\u0430 \u044b\u043d\u0442\u0430\u0441\u044b \u043c\u0435\u043d \u049b\u044b\u0437\u044b\u0493\u0443\u0448\u044b\u043b\u044b\u0493\u044b \u0431\u043e\u043b\u0443\u044b \u04af\u0448\u0456\u043d \u043e\u0441\u044b\u043d\u0434\u0430\u0439 \u0441\u044b\u0439\u043b\u044b\u049b \u0431\u0435\u0440\u0435\u0434\u0456.<\/p>\n<h3>\u0414\u0415\u041f\u041e\u0417\u0418\u0422\u0421\u0406\u0417 \u0411\u041e\u041d\u0423\u0421\u0422\u042b \u049a\u0410\u041b\u0410\u0419 \u0422\u04ae\u0421\u0406\u0420\u0423\u0413\u0415 \u0411\u041e\u041b\u0410\u0414\u042b?<\/h3>\n<p>\u0411\u0430\u0441\u0442\u0430\u0443 \u04af\u0448\u0456\u043d \u0431\u04b1\u043b \u0430\u043a\u0446\u0438\u044f\u043d\u044b \u049b\u0430\u0439\u0442\u0430\u0440\u044b\u043f \u0430\u043b\u0443 \u043a\u0435\u0440\u0435\u043a. \u041e\u043d\u0441\u044b\u0437 \u0441\u0456\u0437 \u0435\u0448\u049b\u0430\u043d\u0434\u0430\u0439 \u0436\u043e\u043b\u043c\u0435\u043d \u049b\u0430\u0440\u0430\u0436\u0430\u0442 \u0430\u043b\u043c\u0430\u0439\u0441\u044b\u0437. \u0421\u043e\u043d\u0434\u044b\u049b\u0442\u0430\u043d \u0436\u0430\u0493\u044b\u043c\u0441\u044b\u0437 \u0442\u043e\u0441\u044b\u043d\u0441\u044b\u0439\u043b\u0430\u0440 \u0431\u043e\u043b\u043c\u0430\u0441 \u04af\u0448\u0456\u043d \u04d9\u0440\u049b\u0430\u0448\u0430\u043d \u043c\u0435\u043a\u0435\u043c\u0435\u043d\u0456\u04a3 \u0448\u0430\u0440\u0442\u0442\u0430\u0440\u044b\u043d \u043c\u04b1\u049b\u0438\u044f\u0442 \u043e\u049b\u044b\u043f \u0448\u044b\u0493\u0443 \u043a\u0435\u0440\u0435\u043a.<\/p>\n<h3>\u0422\u0415\u0413\u0406\u041d \u0422\u0406\u0420\u041a\u0415\u041b\u0423 \u0411\u041e\u041d\u0423\u0421\u042b\u041c\u0415\u041d \u041d\u0415 \u0406\u0421\u0422\u0415\u0423\u0413\u0415 \u0411\u041e\u041b\u0410\u0414\u042b?<\/h3>\n<p>\u04d8\u0434\u0435\u0442\u0442\u0435 \u043e\u043b \u04d9\u0440\u0442\u04af\u0440\u043b\u0456 \u043e\u0439\u044b\u043d \u0430\u0432\u0442\u043e\u043c\u0430\u0442\u0442\u0430\u0440\u044b\u043d, \u0441\u043e\u043d\u0434\u0430\u0439-\u0430\u049b \u0440\u0443\u043b\u0435\u0442\u043a\u0430, \u043f\u043e\u043a\u0435\u0440 \u0436\u04d9\u043d\u0435 \u0441\u0430\u0439\u0442\u0442\u0430\u043d \u0442\u0430\u0431\u0430 \u0430\u043b\u0430\u0442\u044b\u043d \u0431\u0430\u0441\u049b\u0430 \u043e\u0439\u044b\u043d\u0434\u0430\u0440\u0434\u044b \u0441\u044b\u043d\u0430\u0443\u0493\u0430 \u0436\u04b1\u043c\u0441\u0430\u043b\u0430\u0434\u044b. \u0411\u04b1\u043b \u0441\u0456\u0437\u0433\u0435 \u0435\u04a3 \u0436\u0430\u049b\u0441\u044b \u043d\u04b1\u0441\u049b\u0430\u043d\u044b \u0442\u0430\u0431\u0443 \u04af\u0448\u0456\u043d \u0436\u0430\u04a3\u0430 \u043e\u0439\u044b\u043d\u0434\u0430\u0440 \u043c\u0435\u043d \u0442\u0430\u04a3\u0434\u0430\u0443\u043b\u0430\u0440\u0434\u044b \u0430\u043b\u0443\u0434\u044b\u04a3 \u0442\u0430\u043c\u0430\u0448\u0430 \u0442\u04d9\u0441\u0456\u043b\u0456.<\/p>\n<h3>\u0422\u0406\u0420\u041a\u0415\u041b\u0423 \u0411\u041e\u041d\u0423\u0421\u042b\u041d \u049a\u0410\u041d\u0428\u0410 \u0420\u0415\u0422 \u0410\u041b\u0410 \u0410\u041b\u0410 \u0430\u043b\u0430\u043c\u044b\u043d?<\/h3>\n<p>\u0422\u0435\u043a \u0431\u0456\u0440 \u0440\u0435\u0442. \u0415\u0433\u0435\u0440 \u0441\u0456\u0437 \u0441\u043e\u043b \u0441\u0430\u0439\u0442\u0442\u0430 \u0431\u0430\u0441\u049b\u0430 \u0442\u0456\u0440\u043a\u0435\u043b\u0433\u0456\u043d\u0456 \u0442\u0456\u0440\u043a\u0435\u0443\u0433\u0435 \u0442\u044b\u0440\u044b\u0441\u0441\u0430\u04a3\u044b\u0437, \u043c\u04af\u043c\u043a\u0456\u043d\u0448\u0456\u043b\u0456\u0433\u0456 \u0436\u043e\u0493\u0430\u0440\u044b, \u0436\u04af\u0439\u0435 \u043c\u04b1\u043d\u044b \u0442\u04af\u0441\u0456\u043d\u0435\u0434\u0456 \u0436\u04d9\u043d\u0435 \u0442\u0456\u0440\u043a\u0435\u043b\u0433\u0456\u04a3\u0456\u0437\u0434\u0456 \u0431\u043b\u043e\u043a\u0442\u0430\u0439\u0434\u044b.<\/p>\n","protected":false},"excerpt":{"rendered":"<p>I online-virksomheder, n\u00e5r du opretter en ny konto, er bonussen betinget opdelt i to typer: P\u00e5 depositum &#8211; kr\u00e6ver kontant opfyldning. Det kan v\u00e6re bestemte procenter af penge eller bonusrunder. Betingelserne for at f\u00e5 og bruge en spillevirksomhed fasts\u00e6ttes privat. RocketPlay no deposit bonus &#8211; brugeren modtager den uden at indbetale sine egne penge. Disse&#8230;<\/p>\n","protected":false},"author":1,"featured_media":0,"parent":0,"menu_order":0,"comment_status":"closed","ping_status":"closed","template":"single-no-sidebar.php","meta":{"_acf_changed":false,"_kad_post_transparent":"default","_kad_post_title":"default","_kad_post_layout":"default","_kad_post_sidebar_id":"","_kad_post_content_style":"default","_kad_post_vertical_padding":"default","_kad_post_feature":"","_kad_post_feature_position":"","_kad_post_header":false,"_kad_post_footer":false,"footnotes":""},"class_list":["post-2494","page","type-page","status-publish","hentry"],"acf":[],"rttpg_featured_image_url":null,"rttpg_author":{"display_name":"John","author_link":"https:\/\/rocketplay-new.com\/da\/author\/pemvas95n89x\/"},"rttpg_comment":0,"rttpg_category":null,"rttpg_excerpt":"I online-virksomheder, n\u00e5r du opretter en ny konto, er bonussen betinget opdelt i to typer: P\u00e5 depositum &#8211; kr\u00e6ver kontant opfyldning. Det kan v\u00e6re bestemte procenter af penge eller bonusrunder. Betingelserne for at f\u00e5 og bruge en spillevirksomhed fasts\u00e6ttes privat. RocketPlay no deposit bonus &#8211; brugeren modtager den uden at indbetale sine egne penge. Disse...","_links":{"self":[{"href":"https:\/\/rocketplay-new.com\/da\/wp-json\/wp\/v2\/pages\/2494","targetHints":{"allow":["GET"]}}],"collection":[{"href":"https:\/\/rocketplay-new.com\/da\/wp-json\/wp\/v2\/pages"}],"about":[{"href":"https:\/\/rocketplay-new.com\/da\/wp-json\/wp\/v2\/types\/page"}],"author":[{"embeddable":true,"href":"https:\/\/rocketplay-new.com\/da\/wp-json\/wp\/v2\/users\/1"}],"replies":[{"embeddable":true,"href":"https:\/\/rocketplay-new.com\/da\/wp-json\/wp\/v2\/comments?post=2494"}],"version-history":[{"count":3,"href":"https:\/\/rocketplay-new.com\/da\/wp-json\/wp\/v2\/pages\/2494\/revisions"}],"predecessor-version":[{"id":11700,"href":"https:\/\/rocketplay-new.com\/da\/wp-json\/wp\/v2\/pages\/2494\/revisions\/11700"}],"wp:attachment":[{"href":"https:\/\/rocketplay-new.com\/da\/wp-json\/wp\/v2\/media?parent=2494"}],"curies":[{"name":"wp","href":"https:\/\/api.w.org\/{rel}","templated":true}]}}