{"id":2486,"date":"2022-08-11T19:38:48","date_gmt":"2022-08-11T16:38:48","guid":{"rendered":"https:\/\/rocketplay-new.com\/sign-up\/"},"modified":"2022-10-26T01:55:27","modified_gmt":"2022-10-25T22:55:27","slug":"sign-up","status":"publish","type":"page","link":"https:\/\/rocketplay-new.com\/da\/sign-up\/","title":{"rendered":"Rocket Play Casino Tilmeld dig"},"content":{"rendered":"<p><img loading=\"lazy\" decoding=\"async\" class=\" wp-image-283 aligncenter\" src=\"https:\/\/rocketplay-new.com\/wp-content\/uploads\/2022\/08\/1-1-300x113.jpeg\" alt=\"rocket play casino Sign Up\" width=\"672\" height=\"253\" srcset=\"https:\/\/rocketplay-new.com\/wp-content\/uploads\/2022\/08\/1-1-300x113.jpeg 300w, https:\/\/rocketplay-new.com\/wp-content\/uploads\/2022\/08\/1-1-1024x384.jpeg 1024w, https:\/\/rocketplay-new.com\/wp-content\/uploads\/2022\/08\/1-1-768x288.jpeg 768w, https:\/\/rocketplay-new.com\/wp-content\/uploads\/2022\/08\/1-1.jpeg 1140w\" sizes=\"auto, (max-width: 672px) 100vw, 672px\" \/><\/p>\n<p>Over hele verden vokser interessen for onlinespil kraftigt. Mange websteder giver en fremragende service inden for internetgambling, v\u00e6kker interesse hos potentielle spillere med et stort udvalg af spil, motiverende jackpots, god vending af indsatser. De positive aspekter, som online gambling bringer:<\/p>\n<ul>\n<li>\u00f8get beskyttelse af potentielle spillere mod online-svindlere;<\/li>\n<li>udvalg af spil efter pr\u00e6ferencer;<\/li>\n<li>mange kampagner og bel\u00f8nninger;<\/li>\n<li>det er muligt at spille p\u00e5 enhver gadget du har;<\/li>\n<li>ingen grund til at g\u00e5 nogen steder, g\u00e5;<\/li>\n<li>du kan v\u00e6lge et gratis spil;<\/li>\n<li>spare tid;<\/li>\n<li>support p\u00e5 alle niveauer af spillet.<\/li>\n<\/ul>\n<p>Alt du beh\u00f8ver for at f\u00e5 adgang til alle disse fordele er <a href=\"https:\/\/rocketplay-new.com\/da\">RocketPlay<\/a> casino tilmelding.<\/p>\n<p>Hvorfor tilmelde dig et kasino? N\u00e5r alt kommer til alt, tilbyder mange online etablissementer begyndere at pr\u00f8ve deres kr\u00e6fter i et hvilket som helst af gambling-spillene gratis. Men hvis du vil spille for penge, skal du helt sikkert tilmelde dig dette. Du f\u00e5r ogs\u00e5 RocketPlay casino tilmeldingsbonus. Hvis du ikke har en gyldig konto, mister du muligheden for at:<\/p>\n<ul>\n<li>placere v\u00e6ddem\u00e5l i kasinoet;<\/li>\n<li>tjene bel\u00f8nninger;<\/li>\n<li>har mulighed for at blive pr\u00e6mievinder;<\/li>\n<li>konkurrere om store gevinster;<\/li>\n<li>regne med st\u00f8tte.<\/li>\n<\/ul>\n<p>Derfor kan en spiller uden registrering p\u00e5 casinoet kun l\u00e6re om tjenesterne og teste spillet i demoversionen. Al anden deltagelse i spillene er lukket for ham. For at registrere dig p\u00e5 kasinoet skal du studere den officielle hjemmeside. Hver potentiel spiller skal sikre sig, at der er en licens fra den spillevirksomhed, hvor han har til hensigt at starte spillet. Hvis du ikke er sikker p\u00e5 dens \u00e6gthed, s\u00e5 g\u00e5 til regulatorens hjemmeside, hvor du kan finde ud af alt.<\/p>\n<p>Du b\u00f8r ogs\u00e5 s\u00e6tte dig ind i det regels\u00e6t og forskellige forhold, der er til stede i spillene. Stil dine sp\u00f8rgsm\u00e5l til tekniske supportrepr\u00e6sentanter, de skal v\u00e6re loyale over for dig. S\u00f8rg for, at netop dette casino indgyder tillid hos dig og opfylder alle dine krav. Du kan ogs\u00e5 tilmelde dig fra din <a href=\"https:\/\/rocketplay-new.com\/da\/mobile-version\/\">mobil<\/a>. Til dette gives en mobil casino tilmeldingsbonus RocketPlay.<\/p>\n<p>For at registrere sig i et online casino skal en nybegynder udfylde en registreringsformular.<\/p>\n<p>L\u00e6s alle punkterne omhyggeligt, og sp\u00f8rg en, der taler engelsk, om at hj\u00e6lpe dig med at udfylde sp\u00f8rgeskemaet. Personoplysninger, som omfatter for- og efternavn, k\u00f8n, f\u00f8dselsdato, adresse, skal indtastes som angivet i officielle dokumenter. Kasinoet kan anmode om kopier af dine dokumenter. Alle data b\u00f8r ikke afvige.<\/p>\n<p><img loading=\"lazy\" decoding=\"async\" class=\" wp-image-284 alignright\" src=\"https:\/\/rocketplay-new.com\/wp-content\/uploads\/2022\/08\/rocketplay-registration-1-246x300.png\" alt=\"Sign Up\" width=\"336\" height=\"410\" srcset=\"https:\/\/rocketplay-new.com\/wp-content\/uploads\/2022\/08\/rocketplay-registration-1-246x300.png 246w, https:\/\/rocketplay-new.com\/wp-content\/uploads\/2022\/08\/rocketplay-registration-1.png 360w\" sizes=\"auto, (max-width: 336px) 100vw, 336px\" \/><\/p>\n<h2>HVILKE TYPER AF TILMELDINGSBONUS TILBUD ER TILG\u00c6NGELIGE?<\/h2>\n<p>Der er to hovedtyper af bonusser:<\/p>\n<ul>\n<li>Indskudsbonusser. Disse bonusser inkluderer indskudsbonusser, cashback reload bonusser. For at modtage s\u00e5dan en bonus skal du have en obligatorisk registrering p\u00e5 casinoet og en indbetaling. St\u00f8rrelsen af \u200b\u200bdenne indbetaling er forskellig i hvert casino. Bonussen fra denne indbetaling kan afh\u00e6nge direkte af betalingsformen og -systemet. Nogle gange, for at modtage bonusser for en indbetaling, skal du indtaste en kampagnekode.<\/li>\n<li>Casino bonusser uden indskud. Der er et casino uden indskud, hvor du registrerer dig og modtager dine bonusser med det samme uden at skulle foretage indbetalinger. Derfor er denne type casino mere foretrukket af spillere. Hver spiller kan modtage gratis penge til et pr\u00f8vespil.<\/li>\n<li>Det er n\u00f8dvendigt at tage h\u00f8jde for, at et fristende tilbud ikke altid er rentabelt, som det kan se ud ved f\u00f8rste \u00f8jekast. Du b\u00f8r ikke blive fristet af m\u00e6ngden af \u200b\u200benorme bonusser. L\u00e6s altid reglerne for anvendelse, de er ofte meget sv\u00e6re at finde online adgang.<\/li>\n<li>Vi anbefaler kraftigt begyndere ikke at lave live-v\u00e6ddem\u00e5l med det samme. L\u00e6s omhyggeligt spillene i gratis demoversioner, pr\u00f8v det, find ud af det for at undg\u00e5 alvorlige fejl. Du skal finde en bekvem m\u00e5de for dig at inds\u00e6tte penge p\u00e5 din konto. Det kan b\u00e5de v\u00e6re betalings- og betalingskort, diverse elektroniske punge og v\u00e6rdibeviser og s\u00e5 videre. T\u00e6nk p\u00e5 alt fra deadlines til forskellige gr\u00e6nser.<\/li>\n<\/ul>\n<h2>FAQ<\/h2>\n<h3>ER REGISTRERING P\u00c5KR\u00c6VET FOR SPILLERE P\u00c5 CASINO?<\/h3>\n<p>For at \u00e5bne en konto, muligheden for at spille for rigtige penge og f\u00e5 internetadgang til tjenesten, kr\u00e6ves registrering.<\/p>\n<h3>HVOR LANG TAGE AT REGISTRERE DET P\u00c5 ET ONLINEKASINO?<\/h3>\n<p>Hele processen tager et par minutter. Herefter vil du straks modtage gratis tilmeldingsbonus casino RocketPlay.<\/p>\n<h3>HVORFOR ER VERIFIKATION AF EN POTENTIEL SPILLER N\u00d8DVENDIG?<\/h3>\n<p>For at sikre sikkerheden for indskud og kundekonti har spiloperat\u00f8rteamet brug for disse oplysninger. Det forhindrer ogs\u00e5 hvidvask af penge og forhindrer bonusj\u00e6gere i at handle.<\/p>\n","protected":false},"excerpt":{"rendered":"<p>Over hele verden vokser interessen for onlinespil kraftigt. Mange websteder giver en fremragende service inden for internetgambling, v\u00e6kker interesse hos potentielle spillere med et stort udvalg af spil, motiverende jackpots, god vending af indsatser. De positive aspekter, som online gambling bringer: \u00f8get beskyttelse af potentielle spillere mod online-svindlere; udvalg af spil efter pr\u00e6ferencer; mange kampagner&#8230;<\/p>\n","protected":false},"author":1,"featured_media":0,"parent":0,"menu_order":0,"comment_status":"closed","ping_status":"closed","template":"","meta":{"_acf_changed":false,"_kad_post_transparent":"default","_kad_post_title":"default","_kad_post_layout":"default","_kad_post_sidebar_id":"","_kad_post_content_style":"default","_kad_post_vertical_padding":"default","_kad_post_feature":"","_kad_post_feature_position":"","_kad_post_header":false,"_kad_post_footer":false,"footnotes":""},"class_list":["post-2486","page","type-page","status-publish","hentry"],"acf":[],"rttpg_featured_image_url":null,"rttpg_author":{"display_name":"John","author_link":"https:\/\/rocketplay-new.com\/da\/author\/pemvas95n89x\/"},"rttpg_comment":0,"rttpg_category":null,"rttpg_excerpt":"Over hele verden vokser interessen for onlinespil kraftigt. Mange websteder giver en fremragende service inden for internetgambling, v\u00e6kker interesse hos potentielle spillere med et stort udvalg af spil, motiverende jackpots, god vending af indsatser. De positive aspekter, som online gambling bringer: \u00f8get beskyttelse af potentielle spillere mod online-svindlere; udvalg af spil efter pr\u00e6ferencer; mange kampagner...","_links":{"self":[{"href":"https:\/\/rocketplay-new.com\/da\/wp-json\/wp\/v2\/pages\/2486","targetHints":{"allow":["GET"]}}],"collection":[{"href":"https:\/\/rocketplay-new.com\/da\/wp-json\/wp\/v2\/pages"}],"about":[{"href":"https:\/\/rocketplay-new.com\/da\/wp-json\/wp\/v2\/types\/page"}],"author":[{"embeddable":true,"href":"https:\/\/rocketplay-new.com\/da\/wp-json\/wp\/v2\/users\/1"}],"replies":[{"embeddable":true,"href":"https:\/\/rocketplay-new.com\/da\/wp-json\/wp\/v2\/comments?post=2486"}],"version-history":[{"count":2,"href":"https:\/\/rocketplay-new.com\/da\/wp-json\/wp\/v2\/pages\/2486\/revisions"}],"predecessor-version":[{"id":2490,"href":"https:\/\/rocketplay-new.com\/da\/wp-json\/wp\/v2\/pages\/2486\/revisions\/2490"}],"wp:attachment":[{"href":"https:\/\/rocketplay-new.com\/da\/wp-json\/wp\/v2\/media?parent=2486"}],"curies":[{"name":"wp","href":"https:\/\/api.w.org\/{rel}","templated":true}]}}