{"id":2476,"date":"2022-06-13T19:10:03","date_gmt":"2022-06-13T16:10:03","guid":{"rendered":"https:\/\/rocketplay-new.com\/baccarat\/"},"modified":"2025-04-03T21:06:13","modified_gmt":"2025-04-03T18:06:13","slug":"baccarat","status":"publish","type":"page","link":"https:\/\/rocketplay-new.com\/da\/baccarat\/","title":{"rendered":"At spille baccarat for rigtige penge"},"content":{"rendered":"<p><a href=\"https:\/\/rocketplay-new.com\/da\">RocketPlay online<\/a> baccarat for rigtige penge anses for at v\u00e6re s\u00e6rligt prestigefyldt blandt casinospil, selvom dets ry som et elitespil er baseret mere p\u00e5 eksklusivitet end sv\u00e6rhedsgrad. Faktisk kr\u00e6ver de fleste versioner af baccarat, du vil spille i et<a href=\"https:\/\/rocketplay-new.com\/da\/live-casino\/\"> live casino<\/a>, ingen f\u00e6rdigheder overhovedet. RocketPlay online baccarat tilbyder en god casinofordel til et spil, der n\u00e6sten ikke kr\u00e6ver at huske strategiske hemmeligheder, s\u00e5 det traditionelle spil spilles ofte i en separat del af casinoet for h\u00f8je indsatser. Traditionelt er baccarat blevet tilbudt til spillere med h\u00f8je indsatser, svarende til hvordan spilleautomater med indsatser p\u00e5 $100 pr. spin ofte tilbyder h\u00f8jere odds for at vinde end deres modparter p\u00e5 $1 pr. spin. Tilf\u00f8j smoking og aftenkjoler, og det var s\u00e5dan, spillet fik en mystisk ber\u00f8mmelse, der varede ind i det 21. \u00e5rhundrede.<\/p>\n<p><img loading=\"lazy\" decoding=\"async\" class=\"aligncenter wp-image-4933\" src=\"https:\/\/rocketplay-new.com\/wp-content\/uploads\/2024\/02\/999.png\" alt=\"RocketPlay Baccarat \" width=\"800\" height=\"311\" srcset=\"https:\/\/rocketplay-new.com\/wp-content\/uploads\/2024\/02\/999.png 1301w, https:\/\/rocketplay-new.com\/wp-content\/uploads\/2024\/02\/999-300x116.png 300w, https:\/\/rocketplay-new.com\/wp-content\/uploads\/2024\/02\/999-1024x397.png 1024w, https:\/\/rocketplay-new.com\/wp-content\/uploads\/2024\/02\/999-768x298.png 768w\" sizes=\"auto, (max-width: 800px) 100vw, 800px\" \/><\/p>\n<h2>ONLINE BACCARAT TIL RIGTIGE PENGE<\/h2>\n<p>Online casinoer tilbyder altid en eller flere former for gratis online baccarat RocketPlay i deres softwarepakke. Onlineversionen spilles p\u00e5 samme m\u00e5de som de automatiserede versioner af spillet, som du finder p\u00e5 traditionelle casinoer. Kasinofordelen er stadig lav for et spil, der n\u00e6sten ikke bruger nogen strategi. Pas p\u00e5 eventuelle automatiske eller hurtige afspilningsfunktioner, der kan tilbydes dig. De vil kun \u00f8ge antallet af gange i timen, du st\u00f8der p\u00e5 casinofordele og tr\u00e6kke flere penge op af lommen (i gennemsnit).<\/p>\n<p><span style=\"font-weight: 400;\">\u00a0<div class=\"go-btn-container\"><div class=\"tosh-btn\"><a href=\"\/go-casino\/\" target=\"_blank\">SPIL NU<\/a><\/div><\/div> <\/span><\/p>\n<h2>LIVE BACCARAT ONLINE<\/h2>\n<p>Den bedste m\u00e5de at spille online baccarat RocketPlay online for rigtige penge p\u00e5 er at spille et af live-baccarat-spillene. Det er ikke software baseret p\u00e5 en tilf\u00e6ldig talgenerator, men rigtige mennesker bruges til at f\u00e5 resultaterne af spillet. Disse personer er ansatte hos onlinekasinoet eller softwareudbyderen, og de er tilg\u00e6ngelige live takket v\u00e6re en udsendelse fra et spillestudie et sted i verden.<\/p>\n<p>Live dealere er uddannede professionelle, ligesom personalet p\u00e5 et traditionelt kasino. Du taler med dem ved hj\u00e6lp af teknologi, der ligner Skype, og de kan svare. Kameraet er altid rettet mod dealerne, s\u00e5 du aldrig mister kortene af syne. Live baccarat online for rigtige penge er den bedste m\u00e5de at nyde et af de \u00e6ldste casinospil p\u00e5 din computer i komfort i dit eget hjem.<\/p>\n<h2>HISTORIE<\/h2>\n<p>I 1980&#8217;erne voksede hypen omkring baccarat til det punkt, hvor Las Vegas kasinoer begyndte at tilbyde en version af det til den almindelige mand. Dette spil blev kaldt mini-baccarat. Det var en forenklet version af spillet med en dealer i stedet for en bankmand, fordi kasinoet havde spillets bank. Det bet\u00f8d, at indsatser blev placeret hurtigere og flere runder blev spillet i timen, hvilket gjorde, at casinoet fik en h\u00f8jere procentdel af puljen end i et almindeligt spil. En lignende version kaldet midi-punto blev udviklet af europ\u00e6iske operat\u00f8rer.<\/p>\n<p>I mellemtiden eksisterer en fransk version af spillet, kaldet Chemin de Fer (&#8220;jernbane&#8221;), stadig i Frankrig. Dette spil kr\u00e6ver seri\u00f8se beslutninger, der p\u00e5virker spillets udfald, s\u00e5 en unders\u00f8gelse af det strategiske aspekt ville v\u00e6re p\u00e5kr\u00e6vet. Et v\u00e6ld af andre variationer blev derefter skabt, inklusive Baccarat EZ, Super 6 Baccarat (eller &#8220;Punto 2000&#8221;) og Baccarat banque. I denne artikel vil jeg diskutere hvert af disse spil, og hvad du skal vide for at spille dem for rigtige penge.<\/p>\n<p><img loading=\"lazy\" decoding=\"async\" class=\"aligncenter wp-image-4943\" src=\"https:\/\/rocketplay-new.com\/wp-content\/uploads\/2024\/02\/9999999.png\" alt=\"RocketPlay Baccarat 2\" width=\"800\" height=\"294\" srcset=\"https:\/\/rocketplay-new.com\/wp-content\/uploads\/2024\/02\/9999999.png 1188w, https:\/\/rocketplay-new.com\/wp-content\/uploads\/2024\/02\/9999999-300x110.png 300w, https:\/\/rocketplay-new.com\/wp-content\/uploads\/2024\/02\/9999999-1024x377.png 1024w, https:\/\/rocketplay-new.com\/wp-content\/uploads\/2024\/02\/9999999-768x283.png 768w\" sizes=\"auto, (max-width: 800px) 100vw, 800px\" \/><\/p>\n<h2>GRUNDL\u00c6GGENDE REGLER<\/h2>\n<p>RocketPlay online baccarat Australien for rigtige penge er at sammens\u00e6tte en kombination af kort s\u00e5 t\u00e6t p\u00e5 en 9&#8217;er som muligt. Kortkombinationerne er anderledes end de fleste kortspil, men de er intuitive, s\u00e5 du l\u00e6rer dem efter et par runder. V\u00e6rdien af \u200b\u200bkort fra en toer til en ni er lig med deres p\u00e5lydende v\u00e6rdi. Et es giver dig \u00e9t point. Tiere, kn\u00e6gte, damer og konger har en p\u00e5lydende v\u00e6rdi p\u00e5 0, s\u00e5 de tilf\u00f8jer intet til din kombination. Hvis en spiller har 10 eller flere point p\u00e5 h\u00e5nden, tr\u00e6kkes ti fra dem, og derefter g\u00e5r t\u00e6llingen 0-1-2-3-4-5-5-6-7-8-9-0-1-2 -3 og s\u00e5 videre. For eksempel vil 9 og 5 t\u00e6lle som 4, ikke 14.<\/p>\n<p>Spillereglerne er nemme at huske. Disse regler bestemmer, hvorn\u00e5r en spiller og bankmand tager flere kort, og hvorn\u00e5r de ikke m\u00e5 g\u00f8re det. Det kan tage lidt tid at huske, hvorn\u00e5r man skal lave bestemte tr\u00e6k, men reglerne er strenge, s\u00e5 du vil ikke lave fejl, mens du l\u00e6rer.<\/p>\n<p><span style=\"font-weight: 400;\">\u00a0<div class=\"go-btn-container\"><div class=\"tosh-btn\"><a href=\"\/go-casino\/\" target=\"_blank\">SPIL NU<\/a><\/div><\/div> <\/span><\/p>\n<h2>SPIL BACCARAT FOR RIGTIGE PENGE<\/h2>\n<p>For at spille dette spil i Las Vegas eller Macau, skal du sandsynligvis lave h\u00f8jere indsatser. Hvis du vil spille baccarat for rigtige penge RocketPlay, men ikke vil spille for st\u00f8rre bel\u00f8b, s\u00e5 pr\u00f8v mini-baccarat.<\/p>\n<h2>STRATEGI FOR AT SPILLE BACCARAT<\/h2>\n<p>RocketPlay online baccarat strategitip til dette spil er ret simpelt: sats altid p\u00e5, at bankmanden vinder. Spil aldrig under nogen omst\u00e6ndigheder p\u00e5 uafgjort. Selvom udbetalingen er stor, er det et tabende v\u00e6ddem\u00e5l.<\/p>\n<h2>BACCARAT: FAQ<\/h2>\n<h3>NOGEN TIP TIL AT SPILLE BACCARAT?<\/h3>\n<p>To af de bedste tips til dem, der spiller baccarat, er altid at satse p\u00e5 banken og holde \u00f8je med din bankroll. Med hensyn til sidstn\u00e6vnte, indtil du er helt fortrolig med spillet, er det bedst at undg\u00e5 v\u00e6ddem\u00e5lssystemer og koncentrere dig om at lave v\u00e6ddem\u00e5l, som du har r\u00e5d til.<\/p>\n<h3>ER ONLINE BACCARAT LOVLIGT?<\/h3>\n<p>RocketPlay baccarat online ingen download er lovligt. Du kan nemt spille baccarat for rigtige penge p\u00e5 din pc, smartphone eller tablet.<\/p>\n<h3>KAN JEG SPILLE BACCARAT MED BITCOIN?<\/h3>\n<p>I dag accepterer de fleste online casinoer bitcoin, s\u00e5 du vil ikke have noget problem med at spille baccarat online med denne kryptovaluta. Faktisk v\u00e6lger mange spillere bitcoin, fordi udbetalinger af gevinster er \u00f8jeblikkelige, og du ikke beh\u00f8ver at vente p\u00e5, at overf\u00f8rsler ankommer og betale gebyrer.<\/p>\n<h3>KAN JEG F\u00c5 EN BACCARAT BONUS?<\/h3>\n<p>Nogle online casinoer inkluderer ikke baccarat p\u00e5 listen over spil, for hvilke der gives en velkomstbonus, p\u00e5 grund af den lave casinofordel. Andre casinoer tilbyder bonusser, s\u00e5 unders\u00f8g vilk\u00e5rene for &#8220;bordspil&#8221;-bonussen for at se, om dit casino tilbyder en baccarat-bonus.<\/p>\n<p>Hvis du finder baccarat <a href=\"https:\/\/rocketplay-new.com\/da\/bonus\/\">bonusser<\/a>, skal du huske p\u00e5, at de har strengere oms\u00e6tningskrav end spilleautomat bonusser p\u00e5 grund af casinoets lave fordel.<\/p>\n<p><img loading=\"lazy\" decoding=\"async\" class=\"aligncenter wp-image-4952\" src=\"https:\/\/rocketplay-new.com\/wp-content\/uploads\/2024\/02\/99.png\" alt=\"RocketPlay Baccarat 3\" width=\"800\" height=\"416\" srcset=\"https:\/\/rocketplay-new.com\/wp-content\/uploads\/2024\/02\/99.png 1167w, https:\/\/rocketplay-new.com\/wp-content\/uploads\/2024\/02\/99-300x156.png 300w, https:\/\/rocketplay-new.com\/wp-content\/uploads\/2024\/02\/99-1024x533.png 1024w, https:\/\/rocketplay-new.com\/wp-content\/uploads\/2024\/02\/99-768x399.png 768w\" sizes=\"auto, (max-width: 800px) 100vw, 800px\" \/><\/p>\n<h3>VIRKER BACCARAT v\u00e6ddem\u00e5lssystemer?<\/h3>\n<p>I betragtning af den lave strategifaktor, n\u00e5r de spiller baccarat, bruger nogle spillere v\u00e6ddem\u00e5lssystemer til at omg\u00e5 casinofordelen. Nogle af de mest popul\u00e6re systemer til at spille baccarat inkluderer D&#8217;Alamber-, Laboucher- og Martingale-systemer.<\/p>\n<p>Systemerne kan hj\u00e6lpe dig med at f\u00e5 en stor gevinst i en individuel session, men ingen af dem kan omg\u00e5 den langsigtede casinofordel.<\/p>\n","protected":false},"excerpt":{"rendered":"<p>RocketPlay online baccarat for rigtige penge anses for at v\u00e6re s\u00e6rligt prestigefyldt blandt casinospil, selvom dets ry som et elitespil er baseret mere p\u00e5 eksklusivitet end sv\u00e6rhedsgrad. Faktisk kr\u00e6ver de fleste versioner af baccarat, du vil spille i et live casino, ingen f\u00e6rdigheder overhovedet. RocketPlay online baccarat tilbyder en god casinofordel til et spil, der&#8230;<\/p>\n","protected":false},"author":1,"featured_media":0,"parent":0,"menu_order":0,"comment_status":"closed","ping_status":"closed","template":"","meta":{"_acf_changed":false,"_kad_post_transparent":"default","_kad_post_title":"default","_kad_post_layout":"default","_kad_post_sidebar_id":"","_kad_post_content_style":"default","_kad_post_vertical_padding":"default","_kad_post_feature":"","_kad_post_feature_position":"","_kad_post_header":false,"_kad_post_footer":false,"footnotes":""},"class_list":["post-2476","page","type-page","status-publish","hentry"],"acf":[],"rttpg_featured_image_url":null,"rttpg_author":{"display_name":"John","author_link":"https:\/\/rocketplay-new.com\/da\/author\/pemvas95n89x\/"},"rttpg_comment":0,"rttpg_category":null,"rttpg_excerpt":"RocketPlay online baccarat for rigtige penge anses for at v\u00e6re s\u00e6rligt prestigefyldt blandt casinospil, selvom dets ry som et elitespil er baseret mere p\u00e5 eksklusivitet end sv\u00e6rhedsgrad. Faktisk kr\u00e6ver de fleste versioner af baccarat, du vil spille i et live casino, ingen f\u00e6rdigheder overhovedet. RocketPlay online baccarat tilbyder en god casinofordel til et spil, der...","_links":{"self":[{"href":"https:\/\/rocketplay-new.com\/da\/wp-json\/wp\/v2\/pages\/2476","targetHints":{"allow":["GET"]}}],"collection":[{"href":"https:\/\/rocketplay-new.com\/da\/wp-json\/wp\/v2\/pages"}],"about":[{"href":"https:\/\/rocketplay-new.com\/da\/wp-json\/wp\/v2\/types\/page"}],"author":[{"embeddable":true,"href":"https:\/\/rocketplay-new.com\/da\/wp-json\/wp\/v2\/users\/1"}],"replies":[{"embeddable":true,"href":"https:\/\/rocketplay-new.com\/da\/wp-json\/wp\/v2\/comments?post=2476"}],"version-history":[{"count":5,"href":"https:\/\/rocketplay-new.com\/da\/wp-json\/wp\/v2\/pages\/2476\/revisions"}],"predecessor-version":[{"id":5853,"href":"https:\/\/rocketplay-new.com\/da\/wp-json\/wp\/v2\/pages\/2476\/revisions\/5853"}],"wp:attachment":[{"href":"https:\/\/rocketplay-new.com\/da\/wp-json\/wp\/v2\/media?parent=2476"}],"curies":[{"name":"wp","href":"https:\/\/api.w.org\/{rel}","templated":true}]}}