{"id":2438,"date":"2022-06-13T18:39:57","date_gmt":"2022-06-13T15:39:57","guid":{"rendered":"https:\/\/rocketplay-new.com\/roulette\/"},"modified":"2025-04-08T11:34:07","modified_gmt":"2025-04-08T08:34:07","slug":"roulette","status":"publish","type":"page","link":"https:\/\/rocketplay-new.com\/da\/roulette\/","title":{"rendered":"Spil roulette p\u00e5 RocketPlay Casino"},"content":{"rendered":"<p>Det faktum, at RocketPlay online roulette &#8211; et sp\u00e6ndende og interessant spil, ved alle. Det er derfor, mange brugere er ivrige efter at pr\u00f8ve deres h\u00e5nd, ved at v\u00e6lge en lignende spilleautomat. Ikke uden grund i oldtiden blev roulette kaldt dronningen af \u200b\u200bhasardspil. Med denne vidunderlige underholdning var forbundet en masse overbevisninger &#8211; herunder mystiske. Hovedattraktionen ved spillet er, at resultatet af hver session er uforudsigeligt. Det er umuligt at forudsige, hvor bolden, der l\u00f8ber p\u00e5 det sorte og r\u00f8de hjul, stopper. RocketPlay online roulette med rigtige penge, der virker p\u00e5 en tilf\u00e6ldig talgenerator, genskaber farverigt atmosf\u00e6ren i de rigtige spil, som kun styres af Hendes Majest\u00e6t Lady Luck. Angiveligt har den risikable underholdning franske r\u00f8dder. Spillets popularitet er dog s\u00e5 stor, at indbyggere i forskellige lande v\u00e6lger slot roulette, takket v\u00e6re det faktum, at de er h\u00f8jkvalitetsemulatorer af popul\u00e6r underholdning. Online <a href=\"https:\/\/rocketplay-new.com\/da\/casino\/\">casinoet RocketPlay<\/a> har et stort antal typer roulette, pr\u00f8v dem alle og v\u00e6lg den bedste for dig selv.<\/p>\n<p><img loading=\"lazy\" decoding=\"async\" class=\"aligncenter wp-image-4807\" src=\"https:\/\/rocketplay-new.com\/wp-content\/uploads\/2024\/02\/453545.png\" alt=\"Roulette RocketPlay Casino\" width=\"800\" height=\"457\" srcset=\"https:\/\/rocketplay-new.com\/wp-content\/uploads\/2024\/02\/453545.png 1413w, https:\/\/rocketplay-new.com\/wp-content\/uploads\/2024\/02\/453545-300x171.png 300w, https:\/\/rocketplay-new.com\/wp-content\/uploads\/2024\/02\/453545-1024x585.png 1024w, https:\/\/rocketplay-new.com\/wp-content\/uploads\/2024\/02\/453545-768x439.png 768w\" sizes=\"auto, (max-width: 800px) 100vw, 800px\" \/><\/p>\n<h2>HVORDAN STARTER DU AT SPILLE VED DET VIRTUELLE ROULETTEBORD?<\/h2>\n<p>Brugeren skal vide, at der er demoversioner af den popul\u00e6re underholdning &#8211; dette giver dig mulighed for at aktivere maskinen gratis. Fordelen ved at k\u00f8re <a href=\"https:\/\/rocketplay-new.com\/da\/slot-machines\/\">spilleautomater<\/a> gratis er, at deres valg giver dig mulighed for at l\u00e6re den rigtige holdning til risikabel underholdning, mens du mestrer spillets klassiske algoritmer. For at kunne spille RocketPlay online roulette Australien, b\u00f8r du have en n\u00f8gtern kritisk t\u00e6nkning og en vis grad af sindsro. Det er ogs\u00e5 vigtigt at forst\u00e5 reglerne for en bestemt spilleautomat, da de forskellige modifikationer af roulette har deres egne nuancer. Igen, som i tilf\u00e6ldet med videopoker, finder du ikke et europ\u00e6isk roulette- eller for eksempel et amerikansk roulettebord med en<a href=\"https:\/\/rocketplay-new.com\/da\/live-casino\/\"> live dealer<\/a> produceret af Novomatic (spilleautomater Gaminator), samt produktion af simulatorer til bordspil og ikke involveret og elsket af alle spillere i den tidligere Sovjetunionen producent af spilleautomater Igrosoft.<\/p>\n<p><span style=\"font-weight: 400;\">\u00a0<div class=\"go-btn-container\"><div class=\"tosh-btn\"><a href=\"\/go-casino\/\" target=\"_blank\">SPIL NU<\/a><\/div><\/div> <\/span><\/p>\n<h2>TYPER AF ROULETTE OG DENS FUNKTIONER<\/h2>\n<p>Det er kendt, at dette spil har mange variationer: Amerikansk, fransk, New Orleans, europ\u00e6isk roulette osv. Erfarne brugere r\u00e5der til at spille online roulette RocketPlay \u2013 de har et h\u00f8jt afkast. Brugerens chancer for at vinde \u00f8ges p\u00e5 grund af en interessant nuance &#8211; der er ikke noget dobbelt nul-symbol p\u00e5 hjulet, hvilket er typisk for den amerikanske version.<\/p>\n<p>Det er bem\u00e6rkelsesv\u00e6rdigt, at nogle rouletter kun har standardindsatser, mens andre ogs\u00e5 har orale indsatser. Den anden mulighed er mere velegnet til superbrugere, der \u00f8nsker at diversificere gameplayet s\u00e5 meget som muligt. Tjek RocketPlay online roulette tips.<\/p>\n<p><img loading=\"lazy\" decoding=\"async\" class=\"aligncenter wp-image-4816\" src=\"https:\/\/rocketplay-new.com\/wp-content\/uploads\/2024\/02\/2223232.png\" alt=\"Roulette RocketPlay Casino 2\" width=\"800\" height=\"448\" srcset=\"https:\/\/rocketplay-new.com\/wp-content\/uploads\/2024\/02\/2223232.png 1183w, https:\/\/rocketplay-new.com\/wp-content\/uploads\/2024\/02\/2223232-300x168.png 300w, https:\/\/rocketplay-new.com\/wp-content\/uploads\/2024\/02\/2223232-1024x573.png 1024w, https:\/\/rocketplay-new.com\/wp-content\/uploads\/2024\/02\/2223232-768x430.png 768w\" sizes=\"auto, (max-width: 800px) 100vw, 800px\" \/><\/p>\n<h2>DESIGN ONLINE ROULETTEMULATOR<\/h2>\n<p>Udseendet af spilleautomater i de virkelige funktioner i dette spil. Brugeren vil se det velkendte hjul, opdelt i sektorer, en bold, et felt til v\u00e6ddem\u00e5l og chips. Nybegyndere b\u00f8r helt sikkert l\u00e6re RocketPlay online roulette regler. Der er en detaljeret beskrivelse af mulighederne og funktionerne for hvert v\u00e6ddem\u00e5l, samt udbetalinger, hvis du vinder. Moderne computerteknologi tillader spilprocessen p\u00e5 disse maskiner kan stemmes af en virtuel forhandler tips. En funktion ved spilleautomater er en bred vifte af mulige indsatser. Der er v\u00e6ddem\u00e5l p\u00e5 lige\/ulige, sort\/r\u00f8d, r\u00e6kker og kolonner, et vist antal. Den st\u00f8rste fortjeneste bringes af v\u00e6ddem\u00e5l p\u00e5 tallet eller nul, kun s\u00e5dan held falder sj\u00e6ldent ud. Den maksimale gevinst p\u00e5 spilleautomaterne er x36. Det er forudg\u00e5et af et korrekt valg af et bestemt nummer, som stoppede bolden.<\/p>\n<p>Spillet roulette online er ofte til stede i plots af popul\u00e6re film. Moderne udbydere har diversificeret spillet og skabt nogle gange unikke maskiner med lidt forskellige regler. Det er bare et sp\u00f8rgsm\u00e5l om at v\u00e6lge den rigtige l\u00f8sning og s\u00e6tte op til succes!<\/p>\n<p><span style=\"font-weight: 400;\">\u00a0<div class=\"go-btn-container\"><div class=\"tosh-btn\"><a href=\"\/go-casino\/\" target=\"_blank\">SPIL NU<\/a><\/div><\/div> <\/span><\/p>\n<h2>ROULETTE: FAQ<\/h2>\n<h3>HVILKEN FORM FOR ROULETTE TILBYDER ROCKETPLAY?<\/h3>\n<p>Online casino RocketPlay tilbyder f\u00f8lgende typer roulette: Amerikansk, europ\u00e6isk, fordybende, amerikansk og europ\u00e6isk roulette med live dealere (fra Ezugi og Evolution Gaming), samt den s\u00e5kaldte russiske roulette &#8211; roulette med et nul og en russisktalende pige forhandler.<\/p>\n<h3>KAN JEG SPILLE GRATIS VED ROULETTEBORDET?<\/h3>\n<p>Ja, Tom Horn roulette har gratis roulette RocketPlay. Roulette (som alle live dealer-spil) kr\u00e6ver registrering og rigtige penge eller bonusmidler p\u00e5 din konto.<\/p>\n<h3>HVAD ER ROULETTE?<\/h3>\n<p>Roulette overs\u00e6ttes fra fransk som &#8220;lille hjul&#8221;. Dette roterende hjul har 36 cifre og 0 (nul, eller endda dobbelt nul i den amerikaniserede version af spillet). Roulettebordet er opdelt i disse sektioner: numerisk 1-12, 2-12, 3-12, 1-18, 19-36, blokerer alle lige, alle ulige, alle sorte, alle r\u00f8de.<\/p>\n<h3>HVORDAN VEDSER MAN VED ROULETTEBORDET?<\/h3>\n<p>Vi vil liste v\u00e6ddem\u00e5lene efter deres type. Interne indsatser (p\u00e5 roulettebordets interne, digitale markering): for 1 tal &#8211; multiplikator 35, for 2 numre &#8211; 17, for 3 numre &#8211; 11, for 4 numre &#8211; 8, for 5 numre &#8211; 5, i den amerikanske version der er desuden indsatser for to nuller (0, 00) &#8211; multiplikator 17 og en indsats for 5 numre (0, 00, 1, 2, 3) med multiplikator 6. Outside bets (if\u00f8lge cirklen for den digitale markering af rouletten tabel): r\u00f8d eller sort &#8211; multiplikator 1, lige eller ulige &#8211; 1, sats p\u00e5 kolonnen (samt dusin, 12 numre) &#8211; 2.<\/p>\n<p><img loading=\"lazy\" decoding=\"async\" class=\"aligncenter wp-image-4826\" src=\"https:\/\/rocketplay-new.com\/wp-content\/uploads\/2024\/02\/23132131.png\" alt=\"Roulette RocketPlay Casino 3\" width=\"800\" height=\"419\" srcset=\"https:\/\/rocketplay-new.com\/wp-content\/uploads\/2024\/02\/23132131.png 1175w, https:\/\/rocketplay-new.com\/wp-content\/uploads\/2024\/02\/23132131-300x157.png 300w, https:\/\/rocketplay-new.com\/wp-content\/uploads\/2024\/02\/23132131-1024x537.png 1024w, https:\/\/rocketplay-new.com\/wp-content\/uploads\/2024\/02\/23132131-768x403.png 768w\" sizes=\"auto, (max-width: 800px) 100vw, 800px\" \/><\/p>\n<h3>HVILKEN ER BEDRE ROULETTE &#8211; AMERIKANSK ELLER EUROP\u00c6ISK?<\/h3>\n<p>Valget af roulette afh\u00e6nger udelukkende af dine pr\u00e6ferencer og erfaring. Matematik siger dog, at amerikansk roulette, takket v\u00e6re dobbelt nul, giver casinoet en fordel i forhold til europ\u00e6isk roulette \u2013 5,6 % af den oprindelige sandsynlighed for at vinde kasinoet ved et bord med to nuller mod 2,7 % for europ\u00e6isk roulette.<\/p>\n<h3>KAN JEG BRUGE MARTINGALE-STRATEGIEN (OG ANDRE), N\u00c5R JEG SPILLER ROULETTE VED ROCKETPLAY?<\/h3>\n<p>Lad dig ikke narre. I spillet ved roulettebordet er der ingen strategi \u2013 hele spillet er kun en r\u00e6kke gode og knap s\u00e5 gode tr\u00e6k. Matematiske systemer, som er baseret p\u00e5 konstant at \u00f8ge indsatserne, giver dig ikke nogen fordel i forhold til casinoet, og RocketPlay roulette strategi med udregning af det n\u00e6ste tal er absurd i deres essens. Det eneste du beh\u00f8ver ved roulettebordet er held!<\/p>\n","protected":false},"excerpt":{"rendered":"<p>Det faktum, at RocketPlay online roulette &#8211; et sp\u00e6ndende og interessant spil, ved alle. Det er derfor, mange brugere er ivrige efter at pr\u00f8ve deres h\u00e5nd, ved at v\u00e6lge en lignende spilleautomat. Ikke uden grund i oldtiden blev roulette kaldt dronningen af \u200b\u200bhasardspil. Med denne vidunderlige underholdning var forbundet en masse overbevisninger &#8211; herunder mystiske&#8230;.<\/p>\n","protected":false},"author":1,"featured_media":0,"parent":0,"menu_order":0,"comment_status":"closed","ping_status":"closed","template":"","meta":{"_acf_changed":false,"_kad_post_transparent":"default","_kad_post_title":"default","_kad_post_layout":"default","_kad_post_sidebar_id":"","_kad_post_content_style":"default","_kad_post_vertical_padding":"default","_kad_post_feature":"","_kad_post_feature_position":"","_kad_post_header":false,"_kad_post_footer":false,"footnotes":""},"class_list":["post-2438","page","type-page","status-publish","hentry"],"acf":[],"rttpg_featured_image_url":null,"rttpg_author":{"display_name":"John","author_link":"https:\/\/rocketplay-new.com\/da\/author\/pemvas95n89x\/"},"rttpg_comment":0,"rttpg_category":null,"rttpg_excerpt":"Det faktum, at RocketPlay online roulette &#8211; et sp\u00e6ndende og interessant spil, ved alle. Det er derfor, mange brugere er ivrige efter at pr\u00f8ve deres h\u00e5nd, ved at v\u00e6lge en lignende spilleautomat. Ikke uden grund i oldtiden blev roulette kaldt dronningen af \u200b\u200bhasardspil. Med denne vidunderlige underholdning var forbundet en masse overbevisninger &#8211; herunder mystiske....","_links":{"self":[{"href":"https:\/\/rocketplay-new.com\/da\/wp-json\/wp\/v2\/pages\/2438","targetHints":{"allow":["GET"]}}],"collection":[{"href":"https:\/\/rocketplay-new.com\/da\/wp-json\/wp\/v2\/pages"}],"about":[{"href":"https:\/\/rocketplay-new.com\/da\/wp-json\/wp\/v2\/types\/page"}],"author":[{"embeddable":true,"href":"https:\/\/rocketplay-new.com\/da\/wp-json\/wp\/v2\/users\/1"}],"replies":[{"embeddable":true,"href":"https:\/\/rocketplay-new.com\/da\/wp-json\/wp\/v2\/comments?post=2438"}],"version-history":[{"count":6,"href":"https:\/\/rocketplay-new.com\/da\/wp-json\/wp\/v2\/pages\/2438\/revisions"}],"predecessor-version":[{"id":6024,"href":"https:\/\/rocketplay-new.com\/da\/wp-json\/wp\/v2\/pages\/2438\/revisions\/6024"}],"wp:attachment":[{"href":"https:\/\/rocketplay-new.com\/da\/wp-json\/wp\/v2\/media?parent=2438"}],"curies":[{"name":"wp","href":"https:\/\/api.w.org\/{rel}","templated":true}]}}