{"id":2403,"date":"2022-06-13T17:39:32","date_gmt":"2022-06-13T14:39:32","guid":{"rendered":"https:\/\/rocketplay-new.com\/blackjack\/"},"modified":"2025-11-26T20:16:28","modified_gmt":"2025-11-26T17:16:28","slug":"blackjack","status":"publish","type":"page","link":"https:\/\/rocketplay-new.com\/da\/blackjack\/","title":{"rendered":"Spil Blackjack for rigtige penge p\u00e5 RocketPlay Casino"},"content":{"rendered":"<p>Blackjack tilbyder den bedste v\u00e6ddem\u00e5lsfordel ved et spillehus blandt alle bordspil i et kasino. Twenty-One har snesevis af popul\u00e6re varianter. De fleste af disse versioner tilbyder lidt h\u00f8jere eller lavere forventede afkast, men giver ogs\u00e5 nogle af de h\u00f8jeste odds, du finder i et spillehus. Det er derfor, at spillere, der bes\u00f8ger kasinoer, finder s\u00e5 mange forskellige borde, ofte med helt andre regler.<\/p>\n<p>Hvis du skal spille blackjack for rigtige penge, er det v\u00e6rd at l\u00e6re de forskellige variationer af reglerne. At finde det bedste blackjack-bord i kasinoet vil spare dig for mange penge ved afslutningen af spillesessionen. Hver regel, der tilf\u00f8jes til det klassiske spil blackjack, \u00e6ndrer ikke kun kasinoets fordel, men ogs\u00e5 spillerens strategi for at optimere sine spillepenge &#8211; bankrollen.<\/p>\n<p><img loading=\"lazy\" decoding=\"async\" class=\"aligncenter wp-image-4962\" src=\"https:\/\/rocketplay-new.com\/wp-content\/uploads\/2024\/02\/10.png\" alt=\"Blackjack RocketPlay Casino\" width=\"800\" height=\"466\" srcset=\"https:\/\/rocketplay-new.com\/wp-content\/uploads\/2024\/02\/10.png 1416w, https:\/\/rocketplay-new.com\/wp-content\/uploads\/2024\/02\/10-300x175.png 300w, https:\/\/rocketplay-new.com\/wp-content\/uploads\/2024\/02\/10-1024x597.png 1024w, https:\/\/rocketplay-new.com\/wp-content\/uploads\/2024\/02\/10-768x447.png 768w\" sizes=\"auto, (max-width: 800px) 100vw, 800px\" \/><\/p>\n<h2>BLACKJACK SPIL TIL RIGTIGE PENGE<\/h2>\n<p>N\u00e5r du spiller blackjack for rigtige penge, skal du kende RocketPlay blackjack grundl\u00e6ggende strategispil. Spil som keno, roulette og slots har ikke et strategisk aspekt. Enhver spiller er lige s\u00e5 god som den n\u00e6ste, uanset om du har spillet i 30 minutter eller 30 \u00e5r. I blackjack tr\u00e6ffer spillere rigtige strategiske beslutninger, der p\u00e5virker oddsene for at vinde og tabe. Det er derfor, RocketPlay Casino tilbyder spillet med en s\u00e5 lav gambling house-fordel. Dens ledelse ved, at de fleste blackjack-spillere ikke vil v\u00e6re i stand til at spille optimalt. N\u00e5r man ikke g\u00f8r de rigtige tr\u00e6k, stiger spillehusets fordel til niveauet for andre ikke-strategiske bordspil.<\/p>\n<p>For at forbedre sig skal spillerne l\u00e6re grundl\u00e6ggende strategi. Der er b\u00f8ger, der forklarer det grundl\u00e6ggende i grundl\u00e6ggende strategi, s\u00e5som &#8220;Beat the Dealer&#8221; af Edward Thorpe. Der er ogs\u00e5 diagrammer og tabeller, som du kan huske. N\u00e5r du pr\u00f8ver at huske et grundl\u00e6ggende strategidiagram, vil du l\u00e6re de bedste trin for hvert muligt scenarie. Disse diagrammer er ofte farvekodede for hvert muligt spil. De bruger ogs\u00e5 initialer for nemheds skyld (og p\u00e5 grund af st\u00f8rrelsesbegr\u00e6nsninger). De vil fort\u00e6lle dig, hvorn\u00e5r du skal anmode om et kort (H), kassere et kort (S), dele et par (SP) og dobbelt op (D).<\/p>\n<p><span style=\"font-weight: 400;\"><div class=\"go-btn-container\"><div class=\"tosh-btn\"><a href=\"\/go-casino\/\" target=\"_blank\">SPIL NU<\/a><\/div><\/div> <\/span><\/p>\n<h2>21: SPILMULIGHEDER<\/h2>\n<p><a href=\"https:\/\/rocketplay-new.com\/da\">RocketPlay<\/a> online blackjack har snesevis af variationer. For hver spilvariant skal du finde det passende grundl\u00e6ggende strategidiagram. Klassiske blackjack-diagrammer findes for det traditionelle spil. Der er diagrammer for Pontoon Blackjack og diagrammer for spansk 21, og s\u00e5 videre for alle andre varianter og regler. Enogtyve har mange versioner, s\u00e5 hvis du beslutter dig for at spille hvert spil, skal du have separate diagrammer for perfekte par, switch, progressiv blackjack, blackjack eliminering, super fan 21, dobbelt\u00e5bninger og alle de andre typer du \u00f8nsker at mestre. Du kan finde disse tabeller over grundl\u00e6ggende strategier online og printe dem ud gratis, s\u00e5 tro ikke, at du skal k\u00f8be en bog for at l\u00e6re alle disse nyttige guider.<\/p>\n<p>N\u00e5r du spiller blackjack online gratis RocketPlay, b\u00f8r du kende strategierne udenad. De b\u00f8r br\u00e6ndes ind i din hukommelse, men hvis du stadig ikke f\u00f8ler dig sikker, s\u00e5 overvej at tage et grundl\u00e6ggende strategiskema med dig til bordet. At stole p\u00e5 s\u00e5danne diagrammer er legitimt, ligesom det er at sp\u00f8rge forhandleren til r\u00e5ds. Det eneste, der ikke er tilladt, er at lave pauser og forsinke spillet med dine taktiske sp\u00f8rgsm\u00e5l. Dette er skadeligt for driften af \u200b\u200bspillehuset og forstyrrer andre spilleres nydelse af spillet, s\u00e5 en s\u00e5dan adf\u00e6rd er ilde set.<\/p>\n<p>Husk p\u00e5, at en grundl\u00e6ggende strategi ikke vil give dig en fordel i forhold til casinoet. Men det kan minimere casinoets fordel i forhold til dig. En grundl\u00e6ggende strategi i blackjack med rigtige penge svarer til discountshopping: det str\u00e6kker din casino-dollar s\u00e5 langt som muligt. N\u00e5r du spiller om penge, s\u00e5 drag fordel af enhver juridisk fordel, du kan. Stol p\u00e5 den rigtige strategi, drag fordel af ethvert casinotilbud, og administrer din kapital klogt for at begr\u00e6nse skaden, hvis du taber. Det grundl\u00e6ggende ved kortt\u00e6lling<\/p>\n<p>Spillere, der \u00f8nsker at opn\u00e5 en fordel i forhold til RocketPlay Casino, skal l\u00e6re at t\u00e6lle kort. De, der har l\u00e6st b\u00f8ger, set videoer og Hollywood-film, har m\u00e5ske troet, at kortt\u00e6lling er et mystisk, kompliceret matematisk system. Faktisk er matematikken grundl\u00e6ggende, og enhver l\u00e6sekyndig 4. klasse kan g\u00f8re det. Tricket med kortt\u00e6lling er at g\u00f8re det diskret over for casinopersonalet.<\/p>\n<p>Dette er sv\u00e6rt, for hvis du sidder og koncentrerer dig og t\u00e6ller hvilke kort der kommer ud af dealerens h\u00e5nd, vil det sandsynligvis blive bem\u00e6rket. Kortt\u00e6lleren skal \u00e6ndre sine indsatser med store bel\u00f8b for at drage fordel af \u00f8jeblikke, hvor arrangementet af kort er til hans fordel. Hvis du stille og roligt t\u00e6nker p\u00e5 noget og \u00e6ndrer dine indsatser fra $5 til $100 p\u00e5 forskellige tidspunkter, vil du straks blive bem\u00e6rket. Selvom det ikke er ulovligt at t\u00e6lle kort, kan du blive bedt om at g\u00e5, hvis du bliver bem\u00e6rket, ellers vil casinopersonalet begynde at distrahere dig, mens du spiller. S\u00e5 du skal v\u00e6re den snakkesalige, udadvendte type, der ikke t\u00f8ver med at \u00e6ndre dine indsatser fra tid til anden, fordi du uden tvivl er en storspiller, der keder dig. Nu forst\u00e5r du, hvorfor dette betragtes som et h\u00e5rdt salg.<\/p>\n<h2>ONLINE BLACKJACK FOR RIGTIGE PENGE<\/h2>\n<p>En af de vigtigste forskelle mellem traditionel RocketPlay online blackjack Australia og online 21 er inkluderingen af \u200b\u200ben tilf\u00e6ldig talgenerator for at producere resultater. RNG er blevet brugt i traditionelle spilleautomater og til videopokerresultater i 30 \u00e5r, s\u00e5 det er en sikker og gennempr\u00f8vet m\u00e5de at bestemme resultater p\u00e5. Men at bruge en computerchip i produktionen af \u200b\u200bspillet giver operat\u00f8ren af \u200b\u200bonlinespillet visse fordele, nemlig muligheden for at blande bunkerne efter hver h\u00e5nd. P\u00e5 grund af dette er kortt\u00e6lling i online blackjack fuldst\u00e6ndig ubrugelig. Bare accepter, at du aldrig kan t\u00e6lle kort online, og pr\u00f8v at finde andre m\u00e5der at opn\u00e5 en fordel p\u00e5.<\/p>\n<p>En af fordelene ved RocketPlay online blackjack for rigtige penge online 21 er spillerens bel\u00f8nningsprogram. De fleste af dem kaldes &#8220;VIP-bonusser&#8221;, men de g\u00e6lder ofte for blackjack-spil. Du ved sikkert, at i traditionelle spillehuse har 21-bordet ikke et godt incitamentsprogram, som der er for spilleautomater. I online casino industrien er tingene lidt mere lige. Mens de fleste velkomstbonusser g\u00e5r til dem, der spiller slots i stedet for blackjack og videopoker, tilbyder de fleste sider spillere med 21 <a href=\"https:\/\/rocketplay-new.com\/da\/bonus\/\">bonuspoint<\/a> for at tilmelde sig. Men i kontinuerlige bel\u00f8nningsprogrammer afh\u00e6nger bonusser ofte af det bel\u00f8b, du spiller, og er ikke afh\u00e6ngige af typen af spil. Dette er ikke altid tilf\u00e6ldet, s\u00e5 du r\u00e5des til at unders\u00f8ge VIP-bonusserne p\u00e5 hjemmesiden ordentligt, f\u00f8r du spiller blackjack RocketPlay for meget.<\/p>\n<p><img loading=\"lazy\" decoding=\"async\" class=\"aligncenter wp-image-4972\" src=\"https:\/\/rocketplay-new.com\/wp-content\/uploads\/2024\/02\/1000.png\" alt=\"Blackjack RocketPlay Casino 2\" width=\"800\" height=\"451\" srcset=\"https:\/\/rocketplay-new.com\/wp-content\/uploads\/2024\/02\/1000.png 1192w, https:\/\/rocketplay-new.com\/wp-content\/uploads\/2024\/02\/1000-300x169.png 300w, https:\/\/rocketplay-new.com\/wp-content\/uploads\/2024\/02\/1000-1024x577.png 1024w, https:\/\/rocketplay-new.com\/wp-content\/uploads\/2024\/02\/1000-768x433.png 768w\" sizes=\"auto, (max-width: 800px) 100vw, 800px\" \/><\/p>\n<h2>ONLINE BLACKJACK MED EN LIVE DEALER<\/h2>\n<p>I dag er blackjack stadig et stort tidsfordriv for millioner af mennesker rundt om i verden. Efter den nyeste teknologi tilbyder flere og flere online gambling platforme deres bes\u00f8gende et nyt niveau af interaktiv oplevelse perfekt kombineret med den autentiske atmosf\u00e6re i et traditionelt casino.<\/p>\n<p>Spillere bliver m\u00f8dt af professionelle live-dealere, der er uddannet til at bes\u00e6tte deres g\u00e6ster 24\/7, mens spillere vil s\u00e6tte pris p\u00e5 den utroligt detaljerede livestreaming. Takket v\u00e6re de avancerede kameraer er bordet (normalt udstyret med manuel kortblanding) og dealerne i fuld visning, s\u00e5 ikke et eneste tr\u00e6k undslipper objektivet.<\/p>\n<h2>VIP- OG KREDITKORTBONUSPROGRAMMER<\/h2>\n<p>I online blackjack kan ting som comps (startpunkter for bes\u00f8gende), cashback og bonusser hj\u00e6lpe med at reducere spillehusets fordel. Husk ogs\u00e5, at du kan finansiere din spillekonto med kreditkort, s\u00e5 n\u00e5r du spiller online, glem ikke at maksimere bonusserne p\u00e5 dit VISA og MasterCard.<\/p>\n<p><span style=\"font-weight: 400;\"><div class=\"go-btn-container\"><div class=\"tosh-btn\"><a href=\"\/go-casino\/\" target=\"_blank\">SPIL NU<\/a><\/div><\/div> <\/span><\/p>\n<h2>TIPS TIL ONLINE BLACKJACK TIL RIGTIGE PENGE<\/h2>\n<p>Ideen bag enogtyve gambling er at finde et casinospil med en minimum hjemmefordel. Du vil tage denne id\u00e9 til sin logiske konklusion, n\u00e5r du v\u00e6lger blackjack som dit spil. Find den bedste version af 21-spillet p\u00e5 ethvert casino, hvor du spiller. Dette er nogle gange ikke let, fordi spillereglerne ikke altid er indlysende i starten og b\u00f8r forst\u00e5s, n\u00e5r du g\u00e5r til spillebordet. N\u00e5r du klikker p\u00e5 spillet, skal du gennemg\u00e5 de forskellige udbetalinger og yderligere RocketPlay blackjack regler, f\u00f8r du foretager selv den mindste indsats.<\/p>\n<p>Da du spiller online, kan du sammenligne disse vilk\u00e5r med diagrammet og se, hvor meget hver regel p\u00e5virker fordelene ved spillehuset. Faktisk tilbyder nogle sider en ressource, hvor du kan <a href=\"https:\/\/rocketplay-new.com\/da\/download\/\">downloade<\/a> blackjack RocketPlay fulde spilleregler og se husets fordele. Det kan tage lidt tid at begynde at spille p\u00e5 et nyt casino, men det er en indsats, du kun skal g\u00f8re \u00e9n gang. N\u00e5r du har identificeret det bedste online casinospil, skal du lave en note p\u00e5 din computer ved hj\u00e6lp af en simpel Notesblok-fil. N\u00e5r det er tid til at spille igen, skal du blot henvise tilbage til disse poster. Hold en liste over de bedste blackjack-spil for hvert online spilf\u00e6llesskab, du tilh\u00f8rer. Det kan virke kedeligt kun at spille \u00e9n version af spillet, men hvis du vil spille alle typer, er du interesseret i noget andet, ikke de bedste odds for at vinde. Din mening om blackjack-versionen er lige s\u00e5 gyldig som min, s\u00e5 jeg vil lade dig tage den beslutning for dig selv.<\/p>\n<p><img loading=\"lazy\" decoding=\"async\" class=\"aligncenter wp-image-4981\" src=\"https:\/\/rocketplay-new.com\/wp-content\/uploads\/2024\/02\/1000000000000.png\" alt=\"Blackjack RocketPlay Casino 3\" width=\"800\" height=\"576\" srcset=\"https:\/\/rocketplay-new.com\/wp-content\/uploads\/2024\/02\/1000000000000.png 1171w, https:\/\/rocketplay-new.com\/wp-content\/uploads\/2024\/02\/1000000000000-300x216.png 300w, https:\/\/rocketplay-new.com\/wp-content\/uploads\/2024\/02\/1000000000000-1024x737.png 1024w, https:\/\/rocketplay-new.com\/wp-content\/uploads\/2024\/02\/1000000000000-768x553.png 768w\" sizes=\"auto, (max-width: 800px) 100vw, 800px\" \/><\/p>\n<h2>BLACKJACK: FAQ<\/h2>\n<h3>ER ONLINE BLACKJACK LOVLIGT?<\/h3>\n<p>Ja, online blackjack er fuldst\u00e6ndig lovligt og drives af en tilf\u00e6ldig talgenerator (RNG). RNG&#8217;en sikrer, at hver h\u00e5nd er fuldst\u00e6ndig tilf\u00e6ldig.<\/p>\n<p>Du b\u00f8r ogs\u00e5 v\u00e6re forvisset om, at online casino operationer er licenseret, de skal overholde fair play reglerne i en bestemt jurisdiktion.<\/p>\n<h3>HVORDAN KAN JEG F\u00c5 EN BLACKJACK-BONUS ONLINE?<\/h3>\n<p>De fleste online casinoer tilbyder blackjack bonusser svarende til &#8220;bordspil&#8221; bonusser. Det er en bonus for bel\u00f8bet p\u00e5 dit indskud, og du skal f\u00f8lge kravene til, hvordan du oms\u00e6tter den for at kunne udbetale din bonus.<\/p>\n<p>Desuden f\u00e5r du normalt comps-point for at spille blackjack, hvilket vil give dig mulighed for at optjene yderligere bel\u00f8nninger.<\/p>\n<h3>HVORDAN SPILLER MAN ONLINE BLACKJACK FOR SJOV?<\/h3>\n<p>Alle online casinoer giver dig mulighed for at spille online blackjack for sjov, uden at foretage en indbetaling. I nogle tilf\u00e6lde beh\u00f8ver du ikke engang at registrere dig. I stedet kan du blot klikke p\u00e5 det blackjack-spil, der interesserer dig, og det \u00e5bnes i et pop-up-vindue.<\/p>\n","protected":false},"excerpt":{"rendered":"<p>Blackjack tilbyder den bedste v\u00e6ddem\u00e5lsfordel ved et spillehus blandt alle bordspil i et kasino. Twenty-One har snesevis af popul\u00e6re varianter. De fleste af disse versioner tilbyder lidt h\u00f8jere eller lavere forventede afkast, men giver ogs\u00e5 nogle af de h\u00f8jeste odds, du finder i et spillehus. Det er derfor, at spillere, der bes\u00f8ger kasinoer, finder s\u00e5&#8230;<\/p>\n","protected":false},"author":1,"featured_media":0,"parent":0,"menu_order":0,"comment_status":"closed","ping_status":"closed","template":"","meta":{"_acf_changed":false,"_kad_post_transparent":"default","_kad_post_title":"default","_kad_post_layout":"default","_kad_post_sidebar_id":"","_kad_post_content_style":"default","_kad_post_vertical_padding":"default","_kad_post_feature":"","_kad_post_feature_position":"","_kad_post_header":false,"_kad_post_footer":false,"footnotes":""},"class_list":["post-2403","page","type-page","status-publish","hentry"],"acf":[],"rttpg_featured_image_url":null,"rttpg_author":{"display_name":"John","author_link":"https:\/\/rocketplay-new.com\/da\/author\/pemvas95n89x\/"},"rttpg_comment":0,"rttpg_category":null,"rttpg_excerpt":"Blackjack tilbyder den bedste v\u00e6ddem\u00e5lsfordel ved et spillehus blandt alle bordspil i et kasino. Twenty-One har snesevis af popul\u00e6re varianter. De fleste af disse versioner tilbyder lidt h\u00f8jere eller lavere forventede afkast, men giver ogs\u00e5 nogle af de h\u00f8jeste odds, du finder i et spillehus. Det er derfor, at spillere, der bes\u00f8ger kasinoer, finder s\u00e5...","_links":{"self":[{"href":"https:\/\/rocketplay-new.com\/da\/wp-json\/wp\/v2\/pages\/2403","targetHints":{"allow":["GET"]}}],"collection":[{"href":"https:\/\/rocketplay-new.com\/da\/wp-json\/wp\/v2\/pages"}],"about":[{"href":"https:\/\/rocketplay-new.com\/da\/wp-json\/wp\/v2\/types\/page"}],"author":[{"embeddable":true,"href":"https:\/\/rocketplay-new.com\/da\/wp-json\/wp\/v2\/users\/1"}],"replies":[{"embeddable":true,"href":"https:\/\/rocketplay-new.com\/da\/wp-json\/wp\/v2\/comments?post=2403"}],"version-history":[{"count":4,"href":"https:\/\/rocketplay-new.com\/da\/wp-json\/wp\/v2\/pages\/2403\/revisions"}],"predecessor-version":[{"id":5834,"href":"https:\/\/rocketplay-new.com\/da\/wp-json\/wp\/v2\/pages\/2403\/revisions\/5834"}],"wp:attachment":[{"href":"https:\/\/rocketplay-new.com\/da\/wp-json\/wp\/v2\/media?parent=2403"}],"curies":[{"name":"wp","href":"https:\/\/api.w.org\/{rel}","templated":true}]}}