{"id":2322,"date":"2022-09-20T14:31:33","date_gmt":"2022-09-20T11:31:33","guid":{"rendered":"https:\/\/rocketplay-new.com\/monkey-king\/"},"modified":"2026-02-25T22:48:41","modified_gmt":"2026-02-25T19:48:41","slug":"monkey-king","status":"publish","type":"page","link":"https:\/\/rocketplay-new.com\/da\/monkey-king\/","title":{"rendered":"Monkey King Slot anmeldelse"},"content":{"rendered":"<p><img loading=\"lazy\" decoding=\"async\" class=\" wp-image-477 aligncenter\" src=\"https:\/\/rocketplay-new.com\/wp-content\/uploads\/2022\/09\/monkey-king-igtech-916x450-1-300x147.png\" alt=\"Monkey King Slot review\" width=\"710\" height=\"348\" srcset=\"https:\/\/rocketplay-new.com\/wp-content\/uploads\/2022\/09\/monkey-king-igtech-916x450-1-300x147.png 300w, https:\/\/rocketplay-new.com\/wp-content\/uploads\/2022\/09\/monkey-king-igtech-916x450-1-768x377.png 768w, https:\/\/rocketplay-new.com\/wp-content\/uploads\/2022\/09\/monkey-king-igtech-916x450-1.png 916w\" sizes=\"auto, (max-width: 710px) 100vw, 710px\" \/><\/p>\n<h2>Monkey King spilleautomat<\/h2>\n<p>Temaet for det gamle Kina og dets legender har altid tiltrukket udviklerne af casino slots. Og hver af dem fors\u00f8ger at overraske sin forbruger s\u00e5 meget som muligt. Det samme gjorde IGTech. Det var dem, der udgav spillet, som nu pr\u00e6senteres p\u00e5 mange australske kasinoer. Du finder i Rocket Play Monkey King spillemaskine, og du vil v\u00e6re i stand til at stifte bekendtskab med legenden om abekongen, samt f\u00e5 gode skatte fra ham i gave.<\/p>\n<p><span style=\"font-weight: 400;\"><div class=\"tosh-btn\"><a href=\"\/go-casino\/\" target=\"_blank\" rel=\"noopener\">F\u00c5 BONUS<\/a><\/div><\/span><\/p>\n<p>Denne producent viste sig at v\u00e6re en god slot med hensyn til design. Det ser stilfuldt ud, symbolerne her er gennemt\u00e6nkt til mindste detalje. Musikalsk akkompagnement giver dig ogs\u00e5 mulighed for at fordybe dig i atmosf\u00e6ren s\u00e5 meget som muligt. Musikken \u00e6ndres, hvis den almindelige runde erstattes af en bonusrunde, hvilket fortynder gameplayet perfekt.<\/p>\n<p>Nogle casinoer tiltr\u00e6kker g\u00e6ster til denne spilleautomat ved hj\u00e6lp af bonusspins. Dette er, hvad der sker i Rocket Play. N\u00e5r g\u00e6ster p\u00e5 denne institution flytter til et nyt niveau i VIP-programmet, f\u00e5r de retten til at dreje hjulene gratis, men ikke i alle slots. Just Rocket Play Monkey King slot bonus er en af \u200b\u200bde tilg\u00e6ngelige.<\/p>\n<h2>ABEKONGES SYMBOLER OG GIVETTABEL<\/h2>\n<p>Lad os tale om, hvad der er hjertet af dette slot, det vil sige om dets symboler. Disse billeder f\u00e5r det ikke kun til at skille sig ud, men giver ogs\u00e5 bel\u00f8nninger. Slottet har 25 linjer, hvorp\u00e5 symboler kan lande. Hvis en af \u200b\u200bdem har 3 (i nogle tilf\u00e6lde er 2 nok) eller flere identiske symboler, kan du vinde. Og hvilken &#8211; se tabellen.<\/p>\n<table>\n<tbody>\n<tr>\n<td><span style=\"font-weight: 400;\">Symbol<\/span><\/td>\n<td>Udbetaling for henholdsvis 2, 3, 4 eller 5 stk<\/p>\n<p>(rigtig gevinst i m\u00f8nter)<\/td>\n<\/tr>\n<tr>\n<td>kinesiske karaktere<\/td>\n<td><span style=\"font-weight: 400;\">3, 10, 15<\/span><\/td>\n<\/tr>\n<tr>\n<td>Den sk\u00e6ggede helt<\/td>\n<td><span style=\"font-weight: 400;\">1, 5, 15, 25<\/span><\/td>\n<\/tr>\n<tr>\n<td>Svin<\/td>\n<td><span style=\"font-weight: 400;\">2, 7, 20, 30<\/span><\/td>\n<\/tr>\n<tr>\n<td>Kejser<\/td>\n<td><span style=\"font-weight: 400;\">2, 8, 25, 50<\/span><\/td>\n<\/tr>\n<tr>\n<td>Abekonge<\/td>\n<td><span style=\"font-weight: 400;\">3, 10, 40, 100<\/span><\/td>\n<\/tr>\n<\/tbody>\n<\/table>\n<p>Disse tegn kan kaldes standard. De l\u00e6gger op til vindende kombinationer ret ofte. De p\u00e5virker ikke andre tilstande p\u00e5 nogen m\u00e5de og kan ikke aktivere dem. For at g\u00f8re dette skal du fange nogle andre karakterer:<\/p>\n<p>Wild \u2014 er en erstatning for manglende karakterer i kombinationer. Det giver gevinster af sig selv fra 10 til 400 m\u00f8nter.<br \/>\nScatter \u2014 et symbol med en inskription. Det udl\u00f8ser de gratis spins, og dette er angivet p\u00e5 selve billedet. Det vil sige, uanset hvor det er placeret (p\u00e5 linjen eller ej), vil det fungere.<\/p>\n<p>Det er det sidste symbol, der er n\u00f8dvendigt for at starte bonusrunden (i m\u00e6ngden af \u200b\u200b3 stykker) i Rocket Play Monkey King online slot. Den best\u00e5r af spins p\u00e5 hjulene, som du ikke bliver opkr\u00e6vet for. I f\u00f8rste omgang vil der v\u00e6re 5 af dem, men hvis du fanger tre scatters mere, s\u00e5 vil du blive tilf\u00f8jet 3 mere, og dette kan forts\u00e6tte uden begr\u00e6nsninger.<\/p>\n<p>Et andet interessant \u00f8jeblik er i \u00f8vrigt begyndelsen p\u00e5 bonusspillet. Det starter ikke af sig selv, du kan v\u00e6lge reglerne, som det skal k\u00f8re efter. Dette er meget cool og er ikke tilg\u00e6ngeligt i alle slots.<\/p>\n<p>Reglerne g\u00e6lder for den multiplikator, der vil blive anvendt p\u00e5 gevinsterne og v\u00e6rdien af \u200b\u200bhvert billede. Denne mulighed involverer alle betalte symboler, undtagen hieroglyffer. Det vil sige, at du kan v\u00e6lge mellem 5 muligheder. Hver gang du \u00e5bner bonusrunden igen, kan du v\u00e6lge forskellige funktioner. Her er et Rocket Play Monkey King-slot-tips til dig &#8211; v\u00e6lg altid forskellige muligheder for at g\u00f8re spillet mere mangfoldigt.<\/p>\n<p><span style=\"font-weight: 400;\"><div class=\"tosh-btn\"><a href=\"\/go-casino\/\" target=\"_blank\" rel=\"noopener\">F\u00c5 BONUS<\/a><\/div><\/span><\/p>\n<p>Som en konklusion kan vi trygt sige, at dette spil er et godt valg til interessant fritid. Det er meget fedt, at Rocket Play tilbyder at spille det gratis overhovedet og stadig have muligheden for at vinde. Rocket Play Monkey King spilleautomat anbefales til alle elskere af det gamle Kina.<\/p>\n<p><img loading=\"lazy\" decoding=\"async\" class=\" wp-image-476 aligncenter\" src=\"https:\/\/rocketplay-new.com\/wp-content\/uploads\/2022\/09\/monkeykingigtech3-300x225.jpg\" alt=\"Monkey King slot\" width=\"625\" height=\"469\" srcset=\"https:\/\/rocketplay-new.com\/wp-content\/uploads\/2022\/09\/monkeykingigtech3-300x225.jpg 300w, https:\/\/rocketplay-new.com\/wp-content\/uploads\/2022\/09\/monkeykingigtech3-600x450.jpg 600w, https:\/\/rocketplay-new.com\/wp-content\/uploads\/2022\/09\/monkeykingigtech3.jpg 680w\" sizes=\"auto, (max-width: 625px) 100vw, 625px\" \/><\/p>\n<h2>Monkey King SLOT OSS<\/h2>\n<h3>HVILKEN PROCENT AF RETURNERING KAN JEG FORVENTE, N\u00c5R DU SPILLER DETTE SPILLE?<\/h3>\n<p>Ret godt, i \u00f8vrigt. Det er 96,47.<\/p>\n<h3>KAN DENNE SPILLE SPILLES HELT GRATIS?<\/h3>\n<p>Selvf\u00f8lgelig. Denne findes i to versioner. Du kan k\u00f8re demoen. Dette er ideelt til at l\u00e6re spilleautomaten at kende og forst\u00e5, om du kan lide det eller ej. Eller du kan benytte dig af tilbud, hvor casinoet tilbyder dig at spille p\u00e5 spilleautomaten gratis.<\/p>\n<p>L\u00e6s ogs\u00e5 om: Lion Gems: <a href=\"https:\/\/rocketplay-new.com\/da\/lion-gems-hold-and-win\/\">Hold and Win slot<\/a><\/p>\n","protected":false},"excerpt":{"rendered":"<p>Monkey King spilleautomat Temaet for det gamle Kina og dets legender har altid tiltrukket udviklerne af casino slots. Og hver af dem fors\u00f8ger at overraske sin forbruger s\u00e5 meget som muligt. Det samme gjorde IGTech. Det var dem, der udgav spillet, som nu pr\u00e6senteres p\u00e5 mange australske kasinoer. Du finder i Rocket Play Monkey King&#8230;<\/p>\n","protected":false},"author":1,"featured_media":0,"parent":0,"menu_order":0,"comment_status":"closed","ping_status":"closed","template":"","meta":{"_acf_changed":false,"_kad_post_transparent":"default","_kad_post_title":"default","_kad_post_layout":"default","_kad_post_sidebar_id":"","_kad_post_content_style":"default","_kad_post_vertical_padding":"default","_kad_post_feature":"","_kad_post_feature_position":"","_kad_post_header":false,"_kad_post_footer":false,"footnotes":""},"class_list":["post-2322","page","type-page","status-publish","hentry"],"acf":[],"rttpg_featured_image_url":null,"rttpg_author":{"display_name":"John","author_link":"https:\/\/rocketplay-new.com\/da\/author\/pemvas95n89x\/"},"rttpg_comment":0,"rttpg_category":null,"rttpg_excerpt":"Monkey King spilleautomat Temaet for det gamle Kina og dets legender har altid tiltrukket udviklerne af casino slots. Og hver af dem fors\u00f8ger at overraske sin forbruger s\u00e5 meget som muligt. Det samme gjorde IGTech. Det var dem, der udgav spillet, som nu pr\u00e6senteres p\u00e5 mange australske kasinoer. Du finder i Rocket Play Monkey King...","_links":{"self":[{"href":"https:\/\/rocketplay-new.com\/da\/wp-json\/wp\/v2\/pages\/2322","targetHints":{"allow":["GET"]}}],"collection":[{"href":"https:\/\/rocketplay-new.com\/da\/wp-json\/wp\/v2\/pages"}],"about":[{"href":"https:\/\/rocketplay-new.com\/da\/wp-json\/wp\/v2\/types\/page"}],"author":[{"embeddable":true,"href":"https:\/\/rocketplay-new.com\/da\/wp-json\/wp\/v2\/users\/1"}],"replies":[{"embeddable":true,"href":"https:\/\/rocketplay-new.com\/da\/wp-json\/wp\/v2\/comments?post=2322"}],"version-history":[{"count":6,"href":"https:\/\/rocketplay-new.com\/da\/wp-json\/wp\/v2\/pages\/2322\/revisions"}],"predecessor-version":[{"id":11706,"href":"https:\/\/rocketplay-new.com\/da\/wp-json\/wp\/v2\/pages\/2322\/revisions\/11706"}],"wp:attachment":[{"href":"https:\/\/rocketplay-new.com\/da\/wp-json\/wp\/v2\/media?parent=2322"}],"curies":[{"name":"wp","href":"https:\/\/api.w.org\/{rel}","templated":true}]}}