{"id":2195,"date":"2022-09-20T14:38:13","date_gmt":"2022-09-20T11:38:13","guid":{"rendered":"https:\/\/rocketplay-new.com\/lion-gems-hold-and-win\/"},"modified":"2026-02-24T16:58:06","modified_gmt":"2026-02-24T13:58:06","slug":"lion-gems-hold-and-win","status":"publish","type":"page","link":"https:\/\/rocketplay-new.com\/da\/lion-gems-hold-and-win\/","title":{"rendered":"LION GEMS: HOLD OG VIND"},"content":{"rendered":"<iframe src=\"https:\/\/ss.rocketplay.com\/games\/infin\/LionGemsHoldandWin\/138664\" allowfullscreen=\"true\" frameborder=\"0\" webkitallowfullscreen=\"true\" class=\"game-frame__iframe allowFullScreen\"><\/iframe>\n<h2>LION GEMS: HOLD OG VIND \u2014 ANMELDELSE AF SPILLE<\/h2>\n<p>Har du nogensinde v\u00e6ret p\u00e5 safari? Hvis ikke, s\u00e5 skynd dig ikke at blive ked af det! N\u00e5r alt kommer til alt, kan du altid g\u00e5 til casinoets hjemmeside og finde Lion Gems: Hold and Win online slot i Rocket Play. Den kombinerer fede funktioner til gamblere og et l\u00e6kkert design til dyrelivselskere.<\/p>\n<p>Dette produkt er ret nyt, da det blev udgivet i marts 2023. Dets udvikler var Playson. Slottet er tilg\u00e6ngeligt for australske spillere i b\u00e5de betalte og gratis versioner. Pr\u00f8v at k\u00f8re det i demo, f\u00f8r du beslutter dig for, om det passer dig eller ej!<\/p>\n<p>Lad os diskutere, hvilke funktioner denne spillemaskine har, hvad den skal have ros for, og hvad der b\u00f8r forbedres.<\/p>\n<p style=\"text-align: center;\"><span style=\"font-weight: 400;\"><div class=\"tosh-btn\"><a href=\"\/go-casino\/\" target=\"_blank\" rel=\"noopener\">F\u00c5 BONUS<\/a><\/div><\/span><\/p>\n<p><a href=\"http:\/\/&lt;iframe src=&quot;https:\/\/ss.rocketplay.com\/games\/igtech\/WolfTreasure\/45516&quot; allowfullscreen=&quot;true&quot; frameborder=&quot;0&quot; webkitallowfullscreen=&quot;true&quot; class=&quot;game-frame__iframe allowFullScreen&quot;&gt;&lt;\/iframe&gt;\" target=\"_blank\"><img loading=\"lazy\" decoding=\"async\" class=\" wp-image-481 aligncenter\" src=\"https:\/\/rocketplay-new.com\/wp-content\/uploads\/2022\/09\/lion-gems-hold-and-win-slot-playson-300x196.jpg\" alt=\"Lion Gems: Hold and Win slot\" width=\"594\" height=\"388\" srcset=\"https:\/\/rocketplay-new.com\/wp-content\/uploads\/2022\/09\/lion-gems-hold-and-win-slot-playson-300x196.jpg 300w, https:\/\/rocketplay-new.com\/wp-content\/uploads\/2022\/09\/lion-gems-hold-and-win-slot-playson.jpg 720w\" sizes=\"auto, (max-width: 594px) 100vw, 594px\" \/><\/a><\/p>\n<h2>L\u00d8VE PERLE: HOLD OG VIND SPILLEFUNKTIONER<\/h2>\n<p>S\u00e5 du g\u00e5r ind i spilleautomaten Rocket Play Lion Gems: Hold and Win. F\u00f8r du \u00e5bner den smukke Savannah med smukke landskaber og lokale. Spillepladsen best\u00e5r af hovedsymbolerne for dette sted og dyr. Dens st\u00f8rrelse er 5 gange 4, og der er s\u00e5 mange som 30 betalingslinjer her.<\/p>\n<p>Slottet har en grundl\u00e6ggende funktion &#8211; gevinster for at lave kombinationer p\u00e5 linjen. Hvis du f\u00e5r de samme symboler p\u00e5 en vinderlinje, vil du modtage en kontant udbetaling. Billigere symboler er kortv\u00e6rdier. Dyrere dyr:<\/p>\n<ul>\n<li>flamingoer;<\/li>\n<li>vildsvin;<\/li>\n<li>zebraer;<\/li>\n<li>leoparder;<\/li>\n<li>n\u00e6sehorn;<\/li>\n<li>en l\u00f8ve.<\/li>\n<\/ul>\n<p>Wild-symbolet er lige s\u00e5 vildt som det dyr, det symboliserer. Dette er en l\u00f8ve. Han overtager ikke kun andres plads, hvis det er med til at skabe en gevinst, men deltager ogs\u00e5 i bonusrunden med en x2-multiplikator.<\/p>\n<p>Scatter-symbolet er skjult bag billedet af et tr\u00e6. Det udl\u00f8ser funktionen i Rocket Play Lion Gems: Hold og vind gratis spins. Men for dette bliver du n\u00f8dt til at samle 3 s\u00e5danne billeder hvor som helst p\u00e5 banen. H\u00f8jdepunkter i denne runde:<\/p>\n<ul>\n<li>Der gives 8 gratis klik;<\/li>\n<li>en 2x multiplikator med et l\u00f8vesymbol bruges;<\/li>\n<li>re-spins er mulige, hvis du form\u00e5r at samle scatters igen.<\/li>\n<\/ul>\n<p>Et andet symbol forbundet med bonusrunden er Diamond. Det er n\u00f8dvendigt for funktionen, hvis navn er angivet i selve slotnavnet. Dette er Hold og vind. Her er hendes betingelser:<\/p>\n<ul>\n<li>starter efter 6 diamanter falder ud p\u00e5 banen;<\/li>\n<li>\u00e5bner et nyt felt med kun bonus diamanter;<\/li>\n<li>giver 3 respin, som kan opdateres, hvis nye diamanter er fikset;<\/li>\n<li>bringer en multiplikator fra x1 til x16.<\/li>\n<\/ul>\n<p>Dette er den mest interessante Rocket Play Lion Gems: Hold and Win slot bonus. Der er ogs\u00e5 4 jackpots i spillet. Du kan kun fange dem i bonusrunden. Der er fire typer af dem: fra Mini til Grand. Du vil modtage sidstn\u00e6vnte, hvis alle tomme celler er fyldt i l\u00f8bet af bonusrunden.<\/p>\n<p>Derudover kan du under spillet m\u00f8de Mystery Diamond, som kan blive til en af \u200b\u200bJackpotterne.<\/p>\n<p><img loading=\"lazy\" decoding=\"async\" class=\" wp-image-482 aligncenter\" src=\"https:\/\/rocketplay-new.com\/wp-content\/uploads\/2022\/09\/lion-gems-hold-and-win-slot-300x169.png\" alt=\"Lion Gems: Hold and Win review\" width=\"637\" height=\"359\" srcset=\"https:\/\/rocketplay-new.com\/wp-content\/uploads\/2022\/09\/lion-gems-hold-and-win-slot-300x169.png 300w, https:\/\/rocketplay-new.com\/wp-content\/uploads\/2022\/09\/lion-gems-hold-and-win-slot-1024x576.png 1024w, https:\/\/rocketplay-new.com\/wp-content\/uploads\/2022\/09\/lion-gems-hold-and-win-slot-768x432.png 768w, https:\/\/rocketplay-new.com\/wp-content\/uploads\/2022\/09\/lion-gems-hold-and-win-slot.png 1028w\" sizes=\"auto, (max-width: 637px) 100vw, 637px\" \/><\/p>\n<h2>FORDELE OG ULEMPER VED L\u00d8VEPULLER: HOLD OG VIND<\/h2>\n<p>Da dette er et nyt slot, der blev skabt ved hj\u00e6lp af moderne teknologier, giver det mening at se n\u00e6rmere p\u00e5 det. Et af fordelene er, at Rocket Play Lion Gems: Hold and Win slot Australia er tilg\u00e6ngelig uden nogen blokering. Men der er ogs\u00e5 andre fordele:<\/p>\n<ul>\n<li>animationer, lyde og overgange er lavet p\u00e5 et h\u00f8jt niveau;<\/li>\n<li>mange bonusfunktioner;<\/li>\n<li>ikke det mest banale emne;<\/li>\n<li>der er muligheder for et praktisk spil (for eksempel autorun).<\/li>\n<\/ul>\n<p>Men der er ogs\u00e5 ulemper at overveje:<\/p>\n<ul>\n<li>p\u00e5 trods af at slot er godt, bragte det ikke noget nyt;<\/li>\n<li>afkastprocenten n\u00e5r ikke den \u00f8nskede og er 95,55 %.<\/li>\n<\/ul>\n<p>Men bliv kun styret af dine f\u00f8lelser. Du kan forst\u00e5 dem ved hj\u00e6lp af demoversionen.<\/p>\n<p><span style=\"font-weight: 400;\"><div class=\"tosh-btn\"><a href=\"\/go-casino\/\" target=\"_blank\" rel=\"noopener\">F\u00c5 BONUS<\/a><\/div><\/span><\/p>\n<h2>FAQ<\/h2>\n<h3>HVILKEN BEV\u00c6RELSE GIVER DEN ST\u00d8RSTE JACKPOT?<\/h3>\n<p>Bel\u00f8nningen for at indsamle det maksimale antal bonussymboler vil v\u00e6re en x3000 multiplikator.<\/p>\n<h3>HVAD ER INDSATSOMR\u00c5DET FOR DETTE SPIL?<\/h3>\n<p>Minimum er 0,20 og maksimum er 100. Dette bel\u00f8b h\u00e6ves for 1 gang du drejer hjulet.<\/p>\n<h3>HVOR OFTE VINDER DETTE SPIL?<\/h3>\n<p>Frekvensen her er gennemsnitlig. Den gennemsnitlige procentdel af vindende kombinationer er 16 %<\/p>\n<p>L\u00e6s ogs\u00e5 om: <a href=\"https:\/\/rocketplay-new.com\/da\/wolf-treasure\/\">Wolf Treasure slot<\/a><\/p>\n","protected":false},"excerpt":{"rendered":"<p>LION GEMS: HOLD OG VIND \u2014 ANMELDELSE AF SPILLE Har du nogensinde v\u00e6ret p\u00e5 safari? Hvis ikke, s\u00e5 skynd dig ikke at blive ked af det! N\u00e5r alt kommer til alt, kan du altid g\u00e5 til casinoets hjemmeside og finde Lion Gems: Hold and Win online slot i Rocket Play. Den kombinerer fede funktioner til&#8230;<\/p>\n","protected":false},"author":1,"featured_media":0,"parent":0,"menu_order":0,"comment_status":"closed","ping_status":"closed","template":"","meta":{"_acf_changed":false,"_kad_post_transparent":"default","_kad_post_title":"default","_kad_post_layout":"default","_kad_post_sidebar_id":"","_kad_post_content_style":"default","_kad_post_vertical_padding":"default","_kad_post_feature":"","_kad_post_feature_position":"","_kad_post_header":false,"_kad_post_footer":false,"footnotes":""},"class_list":["post-2195","page","type-page","status-publish","hentry"],"acf":[],"rttpg_featured_image_url":null,"rttpg_author":{"display_name":"John","author_link":"https:\/\/rocketplay-new.com\/da\/author\/pemvas95n89x\/"},"rttpg_comment":0,"rttpg_category":null,"rttpg_excerpt":"LION GEMS: HOLD OG VIND \u2014 ANMELDELSE AF SPILLE Har du nogensinde v\u00e6ret p\u00e5 safari? Hvis ikke, s\u00e5 skynd dig ikke at blive ked af det! N\u00e5r alt kommer til alt, kan du altid g\u00e5 til casinoets hjemmeside og finde Lion Gems: Hold and Win online slot i Rocket Play. Den kombinerer fede funktioner til...","_links":{"self":[{"href":"https:\/\/rocketplay-new.com\/da\/wp-json\/wp\/v2\/pages\/2195","targetHints":{"allow":["GET"]}}],"collection":[{"href":"https:\/\/rocketplay-new.com\/da\/wp-json\/wp\/v2\/pages"}],"about":[{"href":"https:\/\/rocketplay-new.com\/da\/wp-json\/wp\/v2\/types\/page"}],"author":[{"embeddable":true,"href":"https:\/\/rocketplay-new.com\/da\/wp-json\/wp\/v2\/users\/1"}],"replies":[{"embeddable":true,"href":"https:\/\/rocketplay-new.com\/da\/wp-json\/wp\/v2\/comments?post=2195"}],"version-history":[{"count":8,"href":"https:\/\/rocketplay-new.com\/da\/wp-json\/wp\/v2\/pages\/2195\/revisions"}],"predecessor-version":[{"id":11679,"href":"https:\/\/rocketplay-new.com\/da\/wp-json\/wp\/v2\/pages\/2195\/revisions\/11679"}],"wp:attachment":[{"href":"https:\/\/rocketplay-new.com\/da\/wp-json\/wp\/v2\/media?parent=2195"}],"curies":[{"name":"wp","href":"https:\/\/api.w.org\/{rel}","templated":true}]}}