{"id":1946,"date":"2022-09-20T13:28:34","date_gmt":"2022-09-20T10:28:34","guid":{"rendered":"https:\/\/rocketplay-new.com\/vip\/"},"modified":"2026-02-24T17:09:40","modified_gmt":"2026-02-24T14:09:40","slug":"vip","status":"publish","type":"page","link":"https:\/\/rocketplay-new.com\/da\/vip\/","title":{"rendered":"Hvordan bliver jeg medlem af VIP-programmet?"},"content":{"rendered":"<p><img loading=\"lazy\" decoding=\"async\" class=\" wp-image-456 aligncenter\" src=\"https:\/\/rocketplay-new.com\/wp-content\/uploads\/2022\/09\/rocketplay-vip-1-300x74.png\" alt=\"Rocket play VIP\" width=\"722\" height=\"178\" srcset=\"https:\/\/rocketplay-new.com\/wp-content\/uploads\/2022\/09\/rocketplay-vip-1-300x74.png 300w, https:\/\/rocketplay-new.com\/wp-content\/uploads\/2022\/09\/rocketplay-vip-1-768x190.png 768w, https:\/\/rocketplay-new.com\/wp-content\/uploads\/2022\/09\/rocketplay-vip-1.png 930w\" sizes=\"auto, (max-width: 722px) 100vw, 722px\" \/><\/p>\n<p>Kun tre bogstaver VIP har altid set ud til at v\u00e6re noget prestigefyldt. Og at v\u00e6re VIP-klient virker som en uopn\u00e5elig opgave. Af en eller anden grund er der en opfattelse i samfundet, at det er sv\u00e6rt og tager lang tid at blive en s\u00e6rlig, privilegeret klient. Men det er det faktisk ikke! Og beviset er Rocket Play casino vip-programmet.<\/p>\n<p>Dette system er gennemt\u00e6nkt og tager hensyn til alle kunders interesser. Og dem, der \u00f8nsker at f\u00e5 s\u00e6rlige pr\u00e6mier og rykke op i niveauerne. Og dem, der bare interesserer sig for spil.<\/p>\n<p>Klienten af programmet i denne institution bliver umiddelbart efter registrering. Alt du skal g\u00f8re er at oprette en konto, og du er allerede p\u00e5 det f\u00f8rste skridt! Du kommer videre takket v\u00e6re satserne i forskellige gambling spil.<\/p>\n<p><span style=\"font-weight: 400;\"><div class=\"tosh-btn\"><a href=\"\/go-casino\/\" target=\"_blank\" rel=\"noopener\">F\u00c5 BONUS<\/a><\/div><\/span><\/p>\n<h2>HVORDAN F\u00c5R JEG KONTANT TILBAGE?<\/h2>\n<p>N\u00e5r du taber penge i et eller andet spil (og det sker fra tid til anden), demotiverer det. Men casinoet fors\u00f8ger at g\u00f8re alt for at f\u00e5 dig til at f\u00f8le dig godt tilpas. Derfor giver det en cashback af tabte midler en gang om ugen. I denne institution udsendes den om mandagen, s\u00e5 du starter din uge med en hyggelig uge!<\/p>\n<p>Alle spillere, der deltager i online casinoet Rocket Play vip-programmet, kan f\u00e5 det. Her er minimumsbetingelserne for dette:<\/p>\n<ul>\n<li>n\u00e5 s\u00f8lvniveauet i programmet;<\/li>\n<li>spille slots;<\/li>\n<li>miste mindst 5 AUD;<\/li>\n<li>har en aktiv konto.<\/li>\n<\/ul>\n<p>S\u00f8lvniveauet er det tredje niveau. P\u00e5 den vil du modtage det minimumsbel\u00f8b af cashback, der udstedes hver uge &#8211; 3%. Hvis du er en aktiv bruger, der spiller ofte, s\u00e5 skal du ikke vente l\u00e6nge. I alt har programmet 9 trin, det f\u00f8rste ikke medregnet, som udsendes med det samme. P\u00e5 sidstn\u00e6vnte vil du allerede modtage 15 % cashback.<\/p>\n<p>Udover cashback kan du ogs\u00e5 modtage andre pr\u00e6mier. Tabellen viser mere detaljeret hvilken og i hvilken m\u00e6ngde.<\/p>\n<table>\n<tbody>\n<tr>\n<td>Type pr\u00e6mie<\/td>\n<td>St\u00f8rrelse<\/td>\n<td>P\u00e5 hvilket niveau<\/td>\n<\/tr>\n<tr>\n<td>Gratis spins<\/td>\n<td>Fra 10 til 300<\/td>\n<td><span style=\"font-weight: 400;\">Bronze \u2014 S\u00f8lvlegende<\/span><\/td>\n<\/tr>\n<tr>\n<td>Ingen indskudsbonus<\/td>\n<td>Fra 2300 DKK til 22500 DKK<\/td>\n<td>Golden Legend &#8211; Diamond Legend<\/td>\n<\/tr>\n<\/tbody>\n<\/table>\n<p>Disse pr\u00e6mier, som er inkluderet i Rocket Play casino bedste vip-program, er virkelig gener\u00f8se. De udstedes kun \u00e9n gang, p\u00e5 det tidspunkt, hvor spilleren f\u00e5r et nyt niveau. Men cashback udstedes hver uge.<\/p>\n<p>Som medlem af programmet kan du nyde alle andre kampagner p\u00e5 siden. Eksempelvis faste tilbud hver uge. S\u00e5ledes er de mest behagelige betingelser for underholdning skabt for dig i dette casino.<\/p>\n<p><img loading=\"lazy\" decoding=\"async\" class=\" wp-image-457 aligncenter\" src=\"https:\/\/rocketplay-new.com\/wp-content\/uploads\/2022\/09\/xrocketplay-vip-program.jpg.pagespeed.ic_.fug6cjifwk-300x171.jpg\" alt=\"Rocket Play VIP program\" width=\"705\" height=\"402\" srcset=\"https:\/\/rocketplay-new.com\/wp-content\/uploads\/2022\/09\/xrocketplay-vip-program.jpg.pagespeed.ic_.fug6cjifwk-300x171.jpg 300w, https:\/\/rocketplay-new.com\/wp-content\/uploads\/2022\/09\/xrocketplay-vip-program.jpg.pagespeed.ic_.fug6cjifwk-1024x583.jpg 1024w, https:\/\/rocketplay-new.com\/wp-content\/uploads\/2022\/09\/xrocketplay-vip-program.jpg.pagespeed.ic_.fug6cjifwk-768x437.jpg 768w, https:\/\/rocketplay-new.com\/wp-content\/uploads\/2022\/09\/xrocketplay-vip-program.jpg.pagespeed.ic_.fug6cjifwk.jpg 1435w\" sizes=\"auto, (max-width: 705px) 100vw, 705px\" \/><\/p>\n<h2>Ofte stillede sp\u00f8rgsm\u00e5l<\/h2>\n<h3>KAN JEG DEMOTERES FRA VIP-PROGRAMMET, HVIS JEG SPILLER MINDRE?<\/h3>\n<p>Selvf\u00f8lgelig ikke! Hvis du \u00e6rligt har gjort dig fortjent til din plads i Rocket Play casino vip-programmet Australien, s\u00e5 vil du modtage alle de privilegier, der er givet, og vil forblive der, indtil du samler endnu flere point. Det er lige meget, hvor h\u00e5rdt du tager dem op.<\/p>\n<p><span style=\"font-weight: 400;\"><div class=\"tosh-btn\"><a href=\"\/go-casino\/\" target=\"_blank\" rel=\"noopener\">F\u00c5 BONUS<\/a><\/div><\/span><\/p>\n<h3>SKAL JEG S\u00c6TTE P\u00c5 DE RETURNEREDE MIDLER VED HJ\u00c6LP AF CASHBACK?<\/h3>\n<p>Ja. Du vil ikke v\u00e6re i stand til at vise dem p\u00e5 kortet med det samme. Indsatsbetingelserne er sm\u00e5. Det returnerede bel\u00f8b skal ganges med 5. Dette vil vise, hvor meget du skal satse for at aktivere udbetalingen.<\/p>\n<h3>HVOR KAN JEG SPORGE MIN FREMGANG I PROGRAMMET?<\/h3>\n<p>Alle relevante oplysninger om dette emne er indeholdt p\u00e5 din personlige konto. Se der.<\/p>\n<p>L\u00e6s ogs\u00e5 om: <a href=\"https:\/\/rocketplay-new.com\/da\/welcome-offer\/\">Velkomsttilbud<\/a><\/p>\n","protected":false},"excerpt":{"rendered":"<p>Kun tre bogstaver VIP har altid set ud til at v\u00e6re noget prestigefyldt. Og at v\u00e6re VIP-klient virker som en uopn\u00e5elig opgave. Af en eller anden grund er der en opfattelse i samfundet, at det er sv\u00e6rt og tager lang tid at blive en s\u00e6rlig, privilegeret klient. Men det er det faktisk ikke! Og beviset&#8230;<\/p>\n","protected":false},"author":1,"featured_media":0,"parent":0,"menu_order":0,"comment_status":"closed","ping_status":"closed","template":"","meta":{"_acf_changed":false,"_kad_post_transparent":"default","_kad_post_title":"default","_kad_post_layout":"default","_kad_post_sidebar_id":"","_kad_post_content_style":"default","_kad_post_vertical_padding":"default","_kad_post_feature":"","_kad_post_feature_position":"","_kad_post_header":false,"_kad_post_footer":false,"footnotes":""},"class_list":["post-1946","page","type-page","status-publish","hentry"],"acf":[],"rttpg_featured_image_url":null,"rttpg_author":{"display_name":"John","author_link":"https:\/\/rocketplay-new.com\/da\/author\/pemvas95n89x\/"},"rttpg_comment":0,"rttpg_category":null,"rttpg_excerpt":"Kun tre bogstaver VIP har altid set ud til at v\u00e6re noget prestigefyldt. Og at v\u00e6re VIP-klient virker som en uopn\u00e5elig opgave. Af en eller anden grund er der en opfattelse i samfundet, at det er sv\u00e6rt og tager lang tid at blive en s\u00e6rlig, privilegeret klient. Men det er det faktisk ikke! Og beviset...","_links":{"self":[{"href":"https:\/\/rocketplay-new.com\/da\/wp-json\/wp\/v2\/pages\/1946","targetHints":{"allow":["GET"]}}],"collection":[{"href":"https:\/\/rocketplay-new.com\/da\/wp-json\/wp\/v2\/pages"}],"about":[{"href":"https:\/\/rocketplay-new.com\/da\/wp-json\/wp\/v2\/types\/page"}],"author":[{"embeddable":true,"href":"https:\/\/rocketplay-new.com\/da\/wp-json\/wp\/v2\/users\/1"}],"replies":[{"embeddable":true,"href":"https:\/\/rocketplay-new.com\/da\/wp-json\/wp\/v2\/comments?post=1946"}],"version-history":[{"count":5,"href":"https:\/\/rocketplay-new.com\/da\/wp-json\/wp\/v2\/pages\/1946\/revisions"}],"predecessor-version":[{"id":11683,"href":"https:\/\/rocketplay-new.com\/da\/wp-json\/wp\/v2\/pages\/1946\/revisions\/11683"}],"wp:attachment":[{"href":"https:\/\/rocketplay-new.com\/da\/wp-json\/wp\/v2\/media?parent=1946"}],"curies":[{"name":"wp","href":"https:\/\/api.w.org\/{rel}","templated":true}]}}