{"id":1938,"date":"2022-09-20T14:15:51","date_gmt":"2022-09-20T11:15:51","guid":{"rendered":"https:\/\/rocketplay-new.com\/gold-express\/"},"modified":"2025-04-02T14:49:19","modified_gmt":"2025-04-02T11:49:19","slug":"gold-express","status":"publish","type":"page","link":"https:\/\/rocketplay-new.com\/da\/gold-express\/","title":{"rendered":"Gold Express Slot anmeldelse"},"content":{"rendered":"<p><img loading=\"lazy\" decoding=\"async\" class=\" wp-image-470 aligncenter\" src=\"https:\/\/rocketplay-new.com\/wp-content\/uploads\/2022\/09\/gold-express-slot-booongo-300x196.jpg\" alt=\"Gold Express slot review\" width=\"686\" height=\"448\" srcset=\"https:\/\/rocketplay-new.com\/wp-content\/uploads\/2022\/09\/gold-express-slot-booongo-300x196.jpg 300w, https:\/\/rocketplay-new.com\/wp-content\/uploads\/2022\/09\/gold-express-slot-booongo.jpg 612w\" sizes=\"auto, (max-width: 686px) 100vw, 686px\" \/><\/p>\n<h2>S\u00c5DAN SPILLER MAN<\/h2>\n<p>Hvis du finder og k\u00f8rer i <a href=\"https:\/\/rocketplay-new.com\/da\">Rocket Play<\/a> Gold Express online slot, s\u00e5 vil der ikke v\u00e6re nogen problemer med lanceringen. Det er meget nemt og enkelt at spille det. Mekanikken her gentager fuldst\u00e6ndig alle klassiske online slots.<\/p>\n<p>En spillebane p\u00e5 5 hjul \u00e5bner sig foran dig. Der er s\u00e5 mange som 20 betalingslinjer her. For at starte hjulene skal du trykke p\u00e5 en speciel knap. Inden da kan du p\u00e5 informationspanelet s\u00e6tte dig ind i indsatsst\u00f8rrelserne eller indstille automatiske spins.<\/p>\n<p>Alt du skal g\u00f8re er at aktivere hjulenes bev\u00e6gelse og pr\u00f8ve at samle vindersymboler. Hvis det lykkes, vil du enten blive givet en udbetaling for en kombination p\u00e5 en linje, eller der vil blive \u00e5bnet en bonusrunde. Om, hvad der ellers er i Rocket Play Gold Express-bonussen, taler vi bare videre.<\/p>\n<p style=\"text-align: center;\"><div class=\"tosh-btn\"><a href=\"\/go-casino\/\" target=\"_blank\" rel=\"noopener\">F\u00c5 BONUS<\/a><\/div><\/p>\n<h2>SYMBOLER OG UDBETALINGER<\/h2>\n<p>Lad os se, hvilke symboler der er gemt p\u00e5 hjulene. Lad os f\u00f8rst tale om den enkleste af dem &#8211; kortv\u00e6rdier. De giver et lille overskud: fra 0,30 til 6,00. For at f\u00e5 mindst minimumsgevinsten skal du samle mindst 3 symboler p\u00e5 en betalingslinje.<\/p>\n<p>Nu et par ord om dyrere symboler. Temaet for dette slot minder om Agatha Christies historie om Orientekspressen. Her har vi symbolet p\u00e5 toget og passagererne i det, samt kondukt\u00f8ren.<\/p>\n<p>Hvis du vil vinde p\u00e5 Rocket Play Gold Express spilleautomat rigtige penge, s\u00e5 tjek udbetalingstabellen.<\/p>\n<table>\n<tbody>\n<tr>\n<td><span style=\"font-weight: 400;\">Symbol<\/span><\/td>\n<td><span style=\"font-weight: 400;\">Payouts<\/span><\/td>\n<\/tr>\n<tr>\n<td>Dirigent (gr\u00f8n)<\/td>\n<td><span style=\"font-weight: 400;\">0.75\u201312.00<\/span><\/td>\n<\/tr>\n<tr>\n<td>Blond passager<\/td>\n<td><span style=\"font-weight: 400;\">0.75\u201312.00<\/span><\/td>\n<\/tr>\n<tr>\n<td>Herre med monokel<\/td>\n<td><span style=\"font-weight: 400;\">1.5\u201315.00<\/span><\/td>\n<\/tr>\n<tr>\n<td><span style=\"font-weight: 400;\">Brunette passenger<\/span><\/td>\n<td><span style=\"font-weight: 400;\">1.5\u201315.00<\/span><\/td>\n<\/tr>\n<tr>\n<td>Herre med oversk\u00e6g<\/td>\n<td><span style=\"font-weight: 400;\">3.00\u201330.00<\/span><\/td>\n<\/tr>\n<tr>\n<td>Togvogn<\/td>\n<td><span style=\"font-weight: 400;\">3.00\u2013150.00<\/span><\/td>\n<\/tr>\n<\/tbody>\n<\/table>\n<p>Toget er i \u00f8vrigt ogs\u00e5 et scatter-symbol. Slottet har ogs\u00e5 en Wild i form af en rejsetaske. Det erstatter andre symboler, hvis et af dem mangler for en kombination. Der er ogs\u00e5 et bonussymbol i spillet. Det udl\u00f8ser en af \u200b\u200bbonusrunderne, som vi skal tale om n\u00e6ste gang.<\/p>\n<h2>BEDSTE GULD EXPRESS BONUSFUNKTION<\/h2>\n<p>Slottet er kun kendt for de mange forskellige bonusfunktioner. Det giver dig mulighed for at vinde store bel\u00f8b, selvom du oprindeligt havde en lille bankroll.<\/p>\n<p>Boost-funktionen aktiveres, n\u00e5r sparegris-symbolet vises p\u00e5 sk\u00e6rmen. Det kan forekomme i enhver spiltilstand. Takket v\u00e6re ham opsummeres gevinsterne for alle bonussymboler, som er ledsaget af en lysende animation.<\/p>\n<p>Rocket Play Gold Express gratis spins. Til denne runde skal du samle scatters. Du skal have mindst 3 af dem p\u00e5 sk\u00e6rmen. S\u00e5 f\u00e5r du 8 spins af hjulene, som du ikke bliver opkr\u00e6vet for. Denne runde kan \u00f8ges, hvis scatters lander igen. Ogs\u00e5 i denne tilstand falder tilf\u00e6ldige multiplikatorer ud.<\/p>\n<p>Hvis du er s\u00e5 heldig at samle 6 m\u00f8nter, starter bonusspillet. P\u00e5 dette tidspunkt vil almindelige m\u00f8nter dukke op p\u00e5 sk\u00e6rmen, hvilket \u00f8ger gevinsterne, s\u00e5vel som m\u00f8nter med jackpots. Der kommer ikke flere billeder her. Du f\u00e5r 3 spins. Under dem vil alle m\u00f8nter blive fastgjort tilf\u00e6ldige steder (eller ej). Hvis dette sker, vil flere spins blive tilf\u00f8jet til dig. Du kan samle alle 20 bonusm\u00f8nter her. Gevinster vil v\u00e6re kumulative.<\/p>\n<p style=\"text-align: center;\"><div class=\"tosh-btn\"><a href=\"\/go-casino\/\" target=\"_blank\" rel=\"noopener\">F\u00c5 BONUS<\/a><\/div><\/p>\n<p>Ogs\u00e5 Rocket Play Gold Express spilleautomat Australia indeholder jackpots:<\/p>\n<ul>\n<li>Mini \u2014 60,00;<\/li>\n<li>Mindre \u2014 150,00;<\/li>\n<li>Major \u2014 450,00.<\/li>\n<\/ul>\n<p>Hvis hele feltet er d\u00e6kket af symboler i l\u00f8bet af bonusrunden, vil du modtage Grand Jackpot.<\/p>\n<p><img loading=\"lazy\" decoding=\"async\" class=\" wp-image-469 aligncenter\" src=\"https:\/\/rocketplay-new.com\/wp-content\/uploads\/2022\/09\/gold-express-slot-base-game-300x170.webp\" alt=\"Gold Express slot\" width=\"688\" height=\"390\" srcset=\"https:\/\/rocketplay-new.com\/wp-content\/uploads\/2022\/09\/gold-express-slot-base-game-300x170.webp 300w, https:\/\/rocketplay-new.com\/wp-content\/uploads\/2022\/09\/gold-express-slot-base-game.webp 600w\" sizes=\"auto, (max-width: 688px) 100vw, 688px\" \/><\/p>\n<p>S\u00e5 spild ikke din tid! S\u00f8rg for at pr\u00f8ve denne spillemaskine, da den er fantastisk til at tjene penge og bare have det sjovt.<\/p>\n<h2>FAQ<\/h2>\n<h3>HVAD ER DEN H\u00d8JESTE MULTIPLIER I DETTE SPIL?<\/h3>\n<p>At f\u00e5 det er ikke s\u00e5 let. Det vises, hvis du udfylder alle cellerne under bonusrunden. Det vil sige, at for at f\u00e5 multiplikatoren skal du aktivere Grand Jackpot. Dens st\u00f8rrelse er s\u00e5 meget som x2000! S\u00e5 jo mere du satser, jo flere penge f\u00e5r du.<\/p>\n<h3>HVAD ER RTP-PROCENTEN I DETTE ONLINE-SPIL?<\/h3>\n<p>Producenten af dette spil fyldt med bonusrunder angiver en s\u00e5dan procentdel &#8211; 96%.<\/p>\n<p>L\u00e6s ogs\u00e5 om: <a href=\"https:\/\/rocketplay-new.com\/da\/monkey-king\/\">Monkey King Slot<\/a><\/p>\n","protected":false},"excerpt":{"rendered":"<p>S\u00c5DAN SPILLER MAN Hvis du finder og k\u00f8rer i Rocket Play Gold Express online slot, s\u00e5 vil der ikke v\u00e6re nogen problemer med lanceringen. Det er meget nemt og enkelt at spille det. Mekanikken her gentager fuldst\u00e6ndig alle klassiske online slots. En spillebane p\u00e5 5 hjul \u00e5bner sig foran dig. Der er s\u00e5 mange som&#8230;<\/p>\n","protected":false},"author":1,"featured_media":0,"parent":0,"menu_order":0,"comment_status":"closed","ping_status":"closed","template":"","meta":{"_acf_changed":false,"_kad_post_transparent":"default","_kad_post_title":"default","_kad_post_layout":"default","_kad_post_sidebar_id":"","_kad_post_content_style":"default","_kad_post_vertical_padding":"default","_kad_post_feature":"","_kad_post_feature_position":"","_kad_post_header":false,"_kad_post_footer":false,"footnotes":""},"class_list":["post-1938","page","type-page","status-publish","hentry"],"acf":[],"rttpg_featured_image_url":null,"rttpg_author":{"display_name":"John","author_link":"https:\/\/rocketplay-new.com\/da\/author\/pemvas95n89x\/"},"rttpg_comment":0,"rttpg_category":null,"rttpg_excerpt":"S\u00c5DAN SPILLER MAN Hvis du finder og k\u00f8rer i Rocket Play Gold Express online slot, s\u00e5 vil der ikke v\u00e6re nogen problemer med lanceringen. Det er meget nemt og enkelt at spille det. Mekanikken her gentager fuldst\u00e6ndig alle klassiske online slots. En spillebane p\u00e5 5 hjul \u00e5bner sig foran dig. Der er s\u00e5 mange som...","_links":{"self":[{"href":"https:\/\/rocketplay-new.com\/da\/wp-json\/wp\/v2\/pages\/1938","targetHints":{"allow":["GET"]}}],"collection":[{"href":"https:\/\/rocketplay-new.com\/da\/wp-json\/wp\/v2\/pages"}],"about":[{"href":"https:\/\/rocketplay-new.com\/da\/wp-json\/wp\/v2\/types\/page"}],"author":[{"embeddable":true,"href":"https:\/\/rocketplay-new.com\/da\/wp-json\/wp\/v2\/users\/1"}],"replies":[{"embeddable":true,"href":"https:\/\/rocketplay-new.com\/da\/wp-json\/wp\/v2\/comments?post=1938"}],"version-history":[{"count":5,"href":"https:\/\/rocketplay-new.com\/da\/wp-json\/wp\/v2\/pages\/1938\/revisions"}],"predecessor-version":[{"id":5636,"href":"https:\/\/rocketplay-new.com\/da\/wp-json\/wp\/v2\/pages\/1938\/revisions\/5636"}],"wp:attachment":[{"href":"https:\/\/rocketplay-new.com\/da\/wp-json\/wp\/v2\/media?parent=1938"}],"curies":[{"name":"wp","href":"https:\/\/api.w.org\/{rel}","templated":true}]}}