{"id":1929,"date":"2022-08-11T19:18:05","date_gmt":"2022-08-11T16:18:05","guid":{"rendered":"https:\/\/rocketplay-new.com\/free-spins\/"},"modified":"2025-04-08T11:03:20","modified_gmt":"2025-04-08T08:03:20","slug":"free-spins","status":"publish","type":"page","link":"https:\/\/rocketplay-new.com\/da\/free-spins\/","title":{"rendered":"Gratis spins p\u00e5 Rocket Play"},"content":{"rendered":"<p><img loading=\"lazy\" decoding=\"async\" class=\" wp-image-273 aligncenter\" src=\"https:\/\/rocketplay-new.com\/wp-content\/uploads\/2022\/08\/1-300x113.jpeg\" alt=\"rocket play\" width=\"621\" height=\"234\" srcset=\"https:\/\/rocketplay-new.com\/wp-content\/uploads\/2022\/08\/1-300x113.jpeg 300w, https:\/\/rocketplay-new.com\/wp-content\/uploads\/2022\/08\/1-1024x384.jpeg 1024w, https:\/\/rocketplay-new.com\/wp-content\/uploads\/2022\/08\/1-768x288.jpeg 768w, https:\/\/rocketplay-new.com\/wp-content\/uploads\/2022\/08\/1.jpeg 1140w\" sizes=\"auto, (max-width: 621px) 100vw, 621px\" \/><\/p>\n<p><a href=\"https:\/\/rocketplay-new.com\/da\">RocketPlay<\/a> gratis spins er en af \u200b\u200bde mest almindelige typer af bonusspins i online slots. <a href=\"https:\/\/rocketplay-new.com\/da\/slot-machines\/\">Spilleautomater<\/a> indeb\u00e6rer normalt tilstedev\u00e6relsen af \u200b\u200ben bonuskonto eller indbetaling, som modtager gevinster fra gratis spins og andre bonusmidler. For at tr\u00e6kke dem tilbage, skal du opfylde betingelserne for indsatsen.<\/p>\n<p>For eksempel tilbyder et bestemt websted 20 gratis spins p\u00e5 en spilleautomat under registrering. Hvis den &#8220;betingede&#8221; pris for spindet er 5 cents, s\u00e5 vil spilleren v\u00e6re i stand til at lave 20 gratis spins med en hastighed p\u00e5 5 cents. I dette tilf\u00e6lde er det vigtigt, hvilken pris p\u00e5 et spin der leveres af RocketPlay casino free spins.<\/p>\n<p>Fordi alle gevinster involverer at gange indsatsen. Derfor er det indflydelsesrigt at spille for 1 cent eller 40 dollars. Den samme kombination, der betaler 200x af indsatsen, vil give en gevinst p\u00e5 $2 eller $8000 &#8211; en v\u00e6sentlig forskel? Typisk er prisen p\u00e5 et spin mellem 10 og 50 \u00f8re.<\/p>\n<p>Indsats: hvad vinder en spiller p\u00e5 gratis spins? F\u00f8rst er det n\u00f8dvendigt at forklare begrebet indsats. Oms\u00e6tningsbetingelser foruds\u00e6tter, at alle midler vundet under gratis spins ikke g\u00e5r til hovedkontoen, men til bonussen. Hvilket giver s\u00e6rlige betingelser for tilbagetr\u00e6kning af disse midler.<\/p>\n<p>Indsatsen indeb\u00e6rer det minimumsbel\u00f8b, der bruges p\u00e5 spillet. Det er lige meget om spilleren vinder eller ej, det er v\u00e6sentligt, at bel\u00f8bet bliver brugt. S\u00e5 snart denne betingelse er opfyldt, g\u00e5r alle gevinster p\u00e5 gratis spins i kategorien rigtige penge.<\/p>\n<p>S\u00e5 faktisk er indsatsen en mekanisme til at beskytte kasinoets interesser. Samtidig medf\u00f8rer serier af gratis spins som regel ogs\u00e5 en \u00f8get sandsynlighed for, at store multiplikatorer falder ud, s\u00e5 gratis spins er n\u00e6sten garanteret at medf\u00f8re en betydelig stigning i indbetalingen.<\/p>\n<p style=\"text-align: center;\"><span style=\"font-weight: 400;\"><div class=\"tosh-btn\"><a href=\"\/go-casino\/\" target=\"_blank\" rel=\"noopener\">F\u00c5 BONUS<\/a><\/div><\/span><\/p>\n<h2>S\u00c5DAN G\u00d8R MAN KRAV TIL GRATIS SPINS<\/h2>\n<p>Hvordan gives RocketPlay casino gratis spins uden indskud, hvordan f\u00e5r man dem? Der er flere m\u00e5der at f\u00e5 denne bonus p\u00e5:<\/p>\n<ul>\n<li>Tilmeldingspris.<\/li>\n<li>Tillykke med bonusser er en almindelig praksis. S\u00e5danne midler krediteres normalt kontoen, hvilket indeb\u00e6rer indsatsbetingelser for at h\u00e6ve bonusser eller vinde rigtige penge.<\/li>\n<li>Vinderkombinationer. Hver spilleautomat giver sine egne s\u00e6t af kombinationer, der giver spilleren alle mulige former for bonusser, inklusive gratis spins. Forskellige online casinoer tilbyder forskellige betingelser for at h\u00e6ve penge vundet gennem gratis spins: midlerne kan straks g\u00e5 til spillerens hovedkonto eller bonuskonto med en indsats.<\/li>\n<\/ul>\n<p>Lager. Fra tid til anden afholdes forskellige kampagner p\u00e5 alle store spillesteder, som kan knyttes til helligdage og andre lejligheder. Faktisk involverer kampagner distribution af nogle l\u00e6kkerier, blandt andet uddeles der ofte gratis spins.<\/p>\n<p>Praktiske vittigheder. Forskellige lotterier, roulette, lotterier og andre bonustr\u00e6kninger er en standardpraksis, der underst\u00f8ttes regelm\u00e6ssigt af langt de fleste store sider. Gevinster i s\u00e5danne aktiviteter kan bel\u00f8be sig til tusindvis af gratis spins, dog kan indsatsbetingelserne for at vinde afvige fra standard.<\/p>\n<p>Betingelserne for at h\u00e6ve penge fra en bonuskonto kan altid findes i reglerne p\u00e5 siden, hvis vi taler om et licenseret online casino.<\/p>\n<p>Genopfyldning af depositum, k\u00f8b af VIP-statusser. At fylde saldoen op og k\u00f8be en VIP-status vil bestemt ikke g\u00e5 ubem\u00e6rket hen af \u200b\u200badministrationen af \u200b\u200bonline casinoet. Optjening af bonusser i en s\u00e5dan situation er almindelig praksis.<\/p>\n<p>Eksperter p\u00e5 det faktum at have en indbetaling skelner mellem to hovedtyper af gratis spins.<\/p>\n<p>Gratis spins uden indbetaling. Gratis spins er faktisk det spil, der svarer til den gratis pengebonus. Gambleren f\u00e5r ret til gratis spins p\u00e5 en hvilken som helst eller visse virtuelle spilleautomater. Pengene vundet p\u00e5 denne m\u00e5de g\u00e5r altid til kontoen med indsatsen.<\/p>\n<p>Gratis spins med et indskud. Mange spilleautomater tilbyder bonusser ved genopfyldning af en konto for et bestemt bel\u00f8b, og disse bonusser kan have et system p\u00e5 flere niveauer. De der. afh\u00e6ngigt af m\u00e6ngden af \u200b\u200bgenopfyldning, kan spilleren modtage en anden m\u00e6ngde af bonusmidler, inklusive gratis spins.<\/p>\n<p>Fordele ved RocketPlay casino bonus free spins:<\/p>\n<ul>\n<li>Bonussen kr\u00e6ver ikke reelle investeringer;<\/li>\n<li>Ved at bruge bonusmidler kan du vinde rigtige penge;<\/li>\n<li>Gratis spins uddeles ofte og let, hvis visse betingelser er opfyldt.<\/li>\n<\/ul>\n<p>Ulemper ved RocketPlay gratis spins casino Australien:<\/p>\n<ul>\n<li>For at h\u00e6ve gevinster skal du satse;<\/li>\n<li>(mulig) en begr\u00e6nset liste over spilleautomater til spillet;<\/li>\n<li>(mulig) begr\u00e6nset indsatsst\u00f8rrelse;<\/li>\n<li>De giver ofte og gerne ud, men ikke nok.<\/li>\n<\/ul>\n<p>Bonusspins er et behageligt f\u00e6nomen, der diversificerer gameplayet og lover yderligere fordele. Deres brug har b\u00e5de fordele og ulemper.<\/p>\n<p><img loading=\"lazy\" decoding=\"async\" class=\" wp-image-274 aligncenter\" src=\"https:\/\/rocketplay-new.com\/wp-content\/uploads\/2022\/08\/casino-free-spins-slot-sign-machine-vector-illustration-194647586-300x192.jpg\" alt=\"free spins rocketplay\" width=\"580\" height=\"371\" srcset=\"https:\/\/rocketplay-new.com\/wp-content\/uploads\/2022\/08\/casino-free-spins-slot-sign-machine-vector-illustration-194647586-300x192.jpg 300w, https:\/\/rocketplay-new.com\/wp-content\/uploads\/2022\/08\/casino-free-spins-slot-sign-machine-vector-illustration-194647586-768x492.jpg 768w, https:\/\/rocketplay-new.com\/wp-content\/uploads\/2022\/08\/casino-free-spins-slot-sign-machine-vector-illustration-194647586.jpg 800w\" sizes=\"auto, (max-width: 580px) 100vw, 580px\" \/><\/p>\n<h2>ANDRE ROKETSPIL-BONUSSER<\/h2>\n<p>Hovedopgaven for et online casino er at tiltr\u00e6kke nye spillere. For at g\u00f8re dette bruger spilportaler mange forskellige metoder. Og den mest almindelige er promovering af alle slags bonusser:<\/p>\n<ul>\n<li>Ingen indskudsbonus;<\/li>\n<li>Velkomstpakke;<\/li>\n<li>Penge tilbage;<\/li>\n<li>Genindl\u00e6s;<\/li>\n<li>Bonus i anledning af ferien;<\/li>\n<li>Genopfyldningsbonus.<\/li>\n<\/ul>\n<p>Enhver bonus er godt for spilleren. Du skal dog huske p\u00e5, at alle bonusser er omhyggeligt gennemt\u00e6nkte tr\u00e6k af online casinoer.<\/p>\n<p style=\"text-align: center;\"><span style=\"font-weight: 400;\"><div class=\"tosh-btn\"><a href=\"\/go-casino\/\" target=\"_blank\" rel=\"noopener\">F\u00c5 BONUS<\/a><\/div><\/span><\/p>\n<h2><span style=\"font-weight: 400;\">FAQ<\/span><\/h2>\n<h3>HVORDAN F\u00c5R MAN EN BONUS?<\/h3>\n<p>Registrering og bekr\u00e6ftelse er p\u00e5kr\u00e6vet for at modtage bonussen.<\/p>\n<h3>ER DET N\u00d8DVENDIGT AT VEDTE BONUSEN?<\/h3>\n<p>Ja, dette er et obligatorisk krav.<\/p>\n<h3>HVORDAN H\u00c5NDER MAN MIDLER FRA BONUSKONTOEN?<\/h3>\n<p>Gratis casino bonusser tiltr\u00e6kker meget opm\u00e6rksomhed. Samtidig skal det forst\u00e5s, at det simpelthen er umuligt at tr\u00e6kke dem tilbage med det samme. Spilleren kan bruge bonuskontoen til at forts\u00e6tte med at spille. For at h\u00e6ve penge fra det, skal du vinde de modtagne penge tilbage.<\/p>\n","protected":false},"excerpt":{"rendered":"<p>RocketPlay gratis spins er en af \u200b\u200bde mest almindelige typer af bonusspins i online slots. Spilleautomater indeb\u00e6rer normalt tilstedev\u00e6relsen af \u200b\u200ben bonuskonto eller indbetaling, som modtager gevinster fra gratis spins og andre bonusmidler. For at tr\u00e6kke dem tilbage, skal du opfylde betingelserne for indsatsen. For eksempel tilbyder et bestemt websted 20 gratis spins p\u00e5 en&#8230;<\/p>\n","protected":false},"author":1,"featured_media":0,"parent":0,"menu_order":0,"comment_status":"closed","ping_status":"closed","template":"single-no-sidebar.php","meta":{"_acf_changed":false,"_kad_post_transparent":"default","_kad_post_title":"default","_kad_post_layout":"default","_kad_post_sidebar_id":"","_kad_post_content_style":"default","_kad_post_vertical_padding":"default","_kad_post_feature":"","_kad_post_feature_position":"","_kad_post_header":false,"_kad_post_footer":false,"footnotes":""},"class_list":["post-1929","page","type-page","status-publish","hentry"],"acf":[],"rttpg_featured_image_url":null,"rttpg_author":{"display_name":"John","author_link":"https:\/\/rocketplay-new.com\/da\/author\/pemvas95n89x\/"},"rttpg_comment":0,"rttpg_category":null,"rttpg_excerpt":"RocketPlay gratis spins er en af \u200b\u200bde mest almindelige typer af bonusspins i online slots. Spilleautomater indeb\u00e6rer normalt tilstedev\u00e6relsen af \u200b\u200ben bonuskonto eller indbetaling, som modtager gevinster fra gratis spins og andre bonusmidler. For at tr\u00e6kke dem tilbage, skal du opfylde betingelserne for indsatsen. For eksempel tilbyder et bestemt websted 20 gratis spins p\u00e5 en...","_links":{"self":[{"href":"https:\/\/rocketplay-new.com\/da\/wp-json\/wp\/v2\/pages\/1929","targetHints":{"allow":["GET"]}}],"collection":[{"href":"https:\/\/rocketplay-new.com\/da\/wp-json\/wp\/v2\/pages"}],"about":[{"href":"https:\/\/rocketplay-new.com\/da\/wp-json\/wp\/v2\/types\/page"}],"author":[{"embeddable":true,"href":"https:\/\/rocketplay-new.com\/da\/wp-json\/wp\/v2\/users\/1"}],"replies":[{"embeddable":true,"href":"https:\/\/rocketplay-new.com\/da\/wp-json\/wp\/v2\/comments?post=1929"}],"version-history":[{"count":5,"href":"https:\/\/rocketplay-new.com\/da\/wp-json\/wp\/v2\/pages\/1929\/revisions"}],"predecessor-version":[{"id":5985,"href":"https:\/\/rocketplay-new.com\/da\/wp-json\/wp\/v2\/pages\/1929\/revisions\/5985"}],"wp:attachment":[{"href":"https:\/\/rocketplay-new.com\/da\/wp-json\/wp\/v2\/media?parent=1929"}],"curies":[{"name":"wp","href":"https:\/\/api.w.org\/{rel}","templated":true}]}}