{"id":1892,"date":"2022-09-20T12:17:34","date_gmt":"2022-09-20T09:17:34","guid":{"rendered":"https:\/\/rocketplay-new.com\/regular-bonuses\/"},"modified":"2025-04-02T18:14:52","modified_gmt":"2025-04-02T15:14:52","slug":"regular-bonuses","status":"publish","type":"page","link":"https:\/\/rocketplay-new.com\/da\/regular-bonuses\/","title":{"rendered":"Alt om almindelig bonus hos Rocket Play casino"},"content":{"rendered":"<p><img loading=\"lazy\" decoding=\"async\" class=\" wp-image-444 aligncenter\" src=\"https:\/\/rocketplay-new.com\/wp-content\/uploads\/2022\/09\/rocketplay-high-roller-bonus-1-300x93.webp\" alt=\"rocketplay high roller bonus\" width=\"655\" height=\"203\" srcset=\"https:\/\/rocketplay-new.com\/wp-content\/uploads\/2022\/09\/rocketplay-high-roller-bonus-1-300x93.webp 300w, https:\/\/rocketplay-new.com\/wp-content\/uploads\/2022\/09\/rocketplay-high-roller-bonus-1-768x238.webp 768w, https:\/\/rocketplay-new.com\/wp-content\/uploads\/2022\/09\/rocketplay-high-roller-bonus-1.webp 968w\" sizes=\"auto, (max-width: 655px) 100vw, 655px\" \/><\/p>\n<p>Det er obligatorisk for alle brugere at bruge permanente kampagner p\u00e5 casinoets hjemmeside. De giver dig mulighed for at g\u00f8re din fritid i institutionen sjovere, indbringende og hensynsl\u00f8s. Derudover, jo flere regelm\u00e6ssige bonusser et casino har, jo mere p\u00e5lideligt anses det for. S\u00e5 g\u00e5 ikke glip af din chance for at tjene ekstra penge, s\u00f8rg for at studere, hvilken <a href=\"https:\/\/rocketplay-new.com\/da\">Rocket Play<\/a> casino bonus der er aktuel for dig i \u00f8jeblikket, og brug den!<\/p>\n<p>S\u00e5danne tilbud kaldes almindelige, fordi de altid er tilg\u00e6ngelige. Du kan bruge dem med et interval p\u00e5 et bestemt antal dage. I dette tilf\u00e6lde en uge. Faste kunder, alle som allerede har benyttet sig af velkomsttilbud og genopfylder indbetalingen mere end to gange, kan anmode om en bonus.<\/p>\n<p><span style=\"font-weight: 400;\"><div class=\"tosh-btn\"><a href=\"\/go-casino\/\" target=\"_blank\" rel=\"noopener\">F\u00c5 BONUS<\/a><\/div><\/span><\/p>\n<p>I dette casino kan du f\u00e5 forskellige typer bel\u00f8nninger. For eksempel er kunder meget glade for Rocket Play gratis spins. Og ikke forg\u00e6ves, fordi dette er en fantastisk mulighed for at vinde uden at bruge selv minimumsbel\u00f8bet af dine personlige midler. Men du kan ogs\u00e5 f\u00e5 penge. Tabellen nedenfor viser alle typer almindelige kampagner.<\/p>\n<table>\n<tbody>\n<tr>\n<td><span style=\"font-weight: 400;\">Name<\/span><\/td>\n<td><span style=\"font-weight: 400;\">Type<\/span><\/td>\n<td>N\u00e5r udstedt<\/td>\n<td>Maksimal bel\u00f8nning<\/td>\n<\/tr>\n<tr>\n<td>Genindl\u00e6s<\/td>\n<td>Gratis spins<\/td>\n<td>Fredag<\/td>\n<td><span style=\"font-weight: 400;\">100 pcs<\/span><\/td>\n<\/tr>\n<tr>\n<td>Match bonus<\/td>\n<td><span style=\"font-weight: 400;\">Rigtige penge (50% p\u00e5 depositum)<\/span><\/td>\n<td>S\u00f8ndag<\/td>\n<td><span style=\"font-weight: 400;\">300 DKK<\/span><\/td>\n<\/tr>\n<tr>\n<td><span style=\"font-weight: 400;\">High Roller bonus<\/span><\/td>\n<td><span style=\"font-weight: 400;\">Rigtige penge (50% p\u00e5 depositum)<\/span><\/td>\n<td>Enhver dag<\/td>\n<td><span style=\"font-weight: 400;\">2500 DKK<\/span><\/td>\n<\/tr>\n<\/tbody>\n<\/table>\n<p>Som du kan se, kan du hver uge f\u00e5 yderligere pr\u00e6mier. Du kan kun bruge \u00e9n af dem, eller du kan bruge alle tre p\u00e5 \u00e9n gang p\u00e5 forskellige ugedage. Det hele afh\u00e6nger af, hvilken bankroll du har. Kasinoet kr\u00e6ver ikke store investeringer for at give dig en gave.<\/p>\n<h2>HVORDAN KRAV OG BRUGE MAN DENNE BONUS?<\/h2>\n<p>Lad os tale om hver af bonusserne separat, s\u00e5 du kan g\u00f8re alt rigtigt og f\u00e5 pr\u00e6mier. S\u00e5 fredagsbonussen kan opn\u00e5s p\u00e5 denne m\u00e5de:<\/p>\n<ul>\n<li>Log ind p\u00e5 din personlige profil p\u00e5 fredag.<\/li>\n<li>Foretag en genopfyldning ved kassen (fra 30 <span style=\"font-weight: 400;\">DKK<\/span>).<\/li>\n<li>F\u00e5 dine gratis spins.<\/li>\n<\/ul>\n<p>For 30 <span style=\"font-weight: 400;\">DKK<\/span> f\u00e5r du 20 spins, for 75 &#8211; 50 og for 150 &#8211; 100. V\u00e6lg derfor, hvad der er mere praktisk og rentabelt for dig. Et stort plus er, at du ikke beh\u00f8ver at lede efter separate Rocket Play kampagnekoder til dette. Aktivering sker automatisk.<\/p>\n<p>Om s\u00f8ndagen skal du g\u00f8re f\u00f8lgende for at modtage en gave:<\/p>\n<ul>\n<li>G\u00e5 ind p\u00e5 dit kontor.<\/li>\n<li>Fyld din konto op p\u00e5 den s\u00e6dvanlige m\u00e5de (fra 30 <span style=\"font-weight: 400;\">DKK<\/span>).<\/li>\n<li>Vent, indtil yderligere 50 % af det indbetalte bel\u00f8b er tilf\u00f8jet kontoen.<\/li>\n<\/ul>\n<p><span style=\"font-weight: 400;\"><div class=\"tosh-btn\"><a href=\"\/go-casino\/\" target=\"_blank\" rel=\"noopener\">F\u00c5 BONUS<\/a><\/div><\/span><\/p>\n<p>Men bonussen for dem, der spiller stort, er tilg\u00e6ngelig p\u00e5 alle ugens dage. For at aktivere den skal du ikke kun genopfylde kontoen, som i tidligere tilf\u00e6lde. Her skal du bruge Rocket Play bonuskoder. Her er den: HIGHROLLER. Du kan nemt finde feltet p\u00e5 webstedet, hvor du skal indtaste det, takket v\u00e6re enkel navigation. For at alt skal fungere, skal m\u00e6ngden af genopfyldning v\u00e6re fra 300 <span style=\"font-weight: 400;\">DKK<\/span>.<\/p>\n<p><img loading=\"lazy\" decoding=\"async\" class=\" wp-image-445 aligncenter\" src=\"https:\/\/rocketplay-new.com\/wp-content\/uploads\/2022\/09\/rocketplaycasino-300x113.webp\" alt=\"Rocket play regular bonus\" width=\"704\" height=\"265\" srcset=\"https:\/\/rocketplay-new.com\/wp-content\/uploads\/2022\/09\/rocketplaycasino-300x113.webp 300w, https:\/\/rocketplay-new.com\/wp-content\/uploads\/2022\/09\/rocketplaycasino-1024x384.webp 1024w, https:\/\/rocketplay-new.com\/wp-content\/uploads\/2022\/09\/rocketplaycasino-768x288.webp 768w, https:\/\/rocketplay-new.com\/wp-content\/uploads\/2022\/09\/rocketplaycasino.webp 1140w\" sizes=\"auto, (max-width: 704px) 100vw, 704px\" \/><\/p>\n<h2>KONKLUSION<\/h2>\n<p>Mange casinospillere kan simpelthen ikke spille uden bonusser. Disse tilsyneladende sm\u00e5 gaver fra institutionen kan jo i h\u00f8j grad lette spillet. De \u00f8ger bankrollen og forbedrer underholdningsoplevelsen. Derfor er det s\u00e5 vigtigt, at siden har tilbud til r\u00e5dighed l\u00f8bende.<\/p>\n<p>P\u00e5 denne side har regelm\u00e6ssige bonusser en masse fordele:<\/p>\n<ul>\n<li>tilg\u00e6ngelig for personer med enhver bankroll;<\/li>\n<li>let anmodet;<\/li>\n<li>ikke har vanskelige forhold;<\/li>\n<li>kan bruges hver uge, hvilket er ret ofte.<\/li>\n<\/ul>\n<p>Derfor kan vi sige, at enhver Rocket Play casino bonus Australia er en virkelig indbringende gave. De bliver tilg\u00e6ngelige umiddelbart efter, at du har foretaget en anden indbetaling og modtager den gave, du er berettiget til.<\/p>\n<p>Mange kasinoer er ikke s\u00e6rlig gener\u00f8se med gaver. De tilbyder ikke almindelige bonusser, og hvis de g\u00f8r det, har de strenge indsatskrav eller indsatser, der er for h\u00f8je. I Rocket Play er alt meget enklere og mere behageligt. De kr\u00e6ver ikke meget af dig. S\u00f8rg derfor for at bruge deres tilbud og g\u00f8r din spilleunderholdning endnu mere intens.<\/p>\n<p>L\u00e6s ogs\u00e5 om: <a href=\"https:\/\/rocketplay-new.com\/da\/loyalty-program\/\">Loyalitetsprogram<\/a><\/p>\n","protected":false},"excerpt":{"rendered":"<p>Det er obligatorisk for alle brugere at bruge permanente kampagner p\u00e5 casinoets hjemmeside. De giver dig mulighed for at g\u00f8re din fritid i institutionen sjovere, indbringende og hensynsl\u00f8s. Derudover, jo flere regelm\u00e6ssige bonusser et casino har, jo mere p\u00e5lideligt anses det for. S\u00e5 g\u00e5 ikke glip af din chance for at tjene ekstra penge, s\u00f8rg&#8230;<\/p>\n","protected":false},"author":1,"featured_media":0,"parent":0,"menu_order":0,"comment_status":"closed","ping_status":"closed","template":"","meta":{"_acf_changed":false,"_kad_post_transparent":"default","_kad_post_title":"default","_kad_post_layout":"default","_kad_post_sidebar_id":"","_kad_post_content_style":"default","_kad_post_vertical_padding":"default","_kad_post_feature":"","_kad_post_feature_position":"","_kad_post_header":false,"_kad_post_footer":false,"footnotes":""},"class_list":["post-1892","page","type-page","status-publish","hentry"],"acf":[],"rttpg_featured_image_url":null,"rttpg_author":{"display_name":"John","author_link":"https:\/\/rocketplay-new.com\/da\/author\/pemvas95n89x\/"},"rttpg_comment":0,"rttpg_category":null,"rttpg_excerpt":"Det er obligatorisk for alle brugere at bruge permanente kampagner p\u00e5 casinoets hjemmeside. De giver dig mulighed for at g\u00f8re din fritid i institutionen sjovere, indbringende og hensynsl\u00f8s. Derudover, jo flere regelm\u00e6ssige bonusser et casino har, jo mere p\u00e5lideligt anses det for. S\u00e5 g\u00e5 ikke glip af din chance for at tjene ekstra penge, s\u00f8rg...","_links":{"self":[{"href":"https:\/\/rocketplay-new.com\/da\/wp-json\/wp\/v2\/pages\/1892","targetHints":{"allow":["GET"]}}],"collection":[{"href":"https:\/\/rocketplay-new.com\/da\/wp-json\/wp\/v2\/pages"}],"about":[{"href":"https:\/\/rocketplay-new.com\/da\/wp-json\/wp\/v2\/types\/page"}],"author":[{"embeddable":true,"href":"https:\/\/rocketplay-new.com\/da\/wp-json\/wp\/v2\/users\/1"}],"replies":[{"embeddable":true,"href":"https:\/\/rocketplay-new.com\/da\/wp-json\/wp\/v2\/comments?post=1892"}],"version-history":[{"count":4,"href":"https:\/\/rocketplay-new.com\/da\/wp-json\/wp\/v2\/pages\/1892\/revisions"}],"predecessor-version":[{"id":5709,"href":"https:\/\/rocketplay-new.com\/da\/wp-json\/wp\/v2\/pages\/1892\/revisions\/5709"}],"wp:attachment":[{"href":"https:\/\/rocketplay-new.com\/da\/wp-json\/wp\/v2\/media?parent=1892"}],"curies":[{"name":"wp","href":"https:\/\/api.w.org\/{rel}","templated":true}]}}