{"id":1885,"date":"2022-09-20T12:29:07","date_gmt":"2022-09-20T09:29:07","guid":{"rendered":"https:\/\/rocketplay-new.com\/loyalty-program\/"},"modified":"2025-04-02T18:07:33","modified_gmt":"2025-04-02T15:07:33","slug":"loyalty-program","status":"publish","type":"page","link":"https:\/\/rocketplay-new.com\/da\/loyalty-program\/","title":{"rendered":"Om loyalitetsprogram"},"content":{"rendered":"<p><img loading=\"lazy\" decoding=\"async\" class=\" wp-image-451 aligncenter\" src=\"https:\/\/rocketplay-new.com\/wp-content\/uploads\/2022\/09\/rocket-play-casino-300x103.webp\" alt=\"Rocket play Loyalty program\" width=\"711\" height=\"244\" srcset=\"https:\/\/rocketplay-new.com\/wp-content\/uploads\/2022\/09\/rocket-play-casino-300x103.webp 300w, https:\/\/rocketplay-new.com\/wp-content\/uploads\/2022\/09\/rocket-play-casino.webp 728w\" sizes=\"auto, (max-width: 711px) 100vw, 711px\" \/><\/p>\n<p>Kundeloyalitet er en meget vigtig indikator for et kasino. En loyal spiller vender tilbage til institutionen igen, vil ikke v\u00e6re bange for at bruge kampagner og bruge rigtige penge til deres underholdning. Derfor er der specielle systemer designet til at \u00f8ge denne indikator p\u00e5 institutionen. S\u00e5dan opstod loyalitetsprogrammet <a href=\"https:\/\/rocketplay-new.com\/da\">Rocket Play<\/a>, som kan betragtes som ret simpelt, men samtidig meget rentabelt for kunderne.<\/p>\n<p>L\u00e6r mere om, hvordan det fungerer. Tro, for at modtage bonusserne i dette program, beh\u00f8ver du ikke at g\u00f8re noget s\u00e6rligt. Selvom du ved f\u00f8rste \u00f8jekast ikke kender detaljerne, kan dette virke noget forvirrende.<\/p>\n<p style=\"text-align: center;\"><span style=\"font-weight: 400;\"><div class=\"tosh-btn\"><a href=\"\/go-casino\/\" target=\"_blank\" rel=\"noopener\">F\u00c5 BONUS<\/a><\/div><\/span><\/p>\n<h2>HVAD ER EN CASINO LOYALITETSBONUS?<\/h2>\n<p>Hvis en person mere end \u00e9n gang viser sit engagement i en eller anden spilleklub, bliver han bel\u00f8nnet. Pr\u00e6mien, der uddeles som tak for din vedholdenhed, er loyalitetsbonussen. Det kan v\u00e6re penge, gratis spins af hjul i slots, rabatter og andre tilbud.<\/p>\n<p>Rocket Play online casino loyalitetsprogram bruger rigtige penge som bel\u00f8nning. Kun de udstedes ikke bare s\u00e5dan, men i form af cashback.<\/p>\n<p>Hvad er fordelene ved dette format:<\/p>\n<ul>\n<li>faktisk taber du f\u00e6rre penge, end du taber;<\/li>\n<li>psykologisk bliver det lettere at spille, da en del af tabet vil vende tilbage;<\/li>\n<li>der er konstant en lille indt\u00e6gt i form af et afkast, der kan genbruges til spillet.<\/li>\n<\/ul>\n<p>Cashback er en rigtig fed funktion. Gambling vil blive endnu sjovere. S\u00e5dan underholdning er ikke altid rentabelt. Der er sorte bj\u00e6lker, n\u00e5r heldet ikke f\u00f8lger spilleren, og det er frustrerende. Og n\u00e5r nogle penge er returneret, falder gambleren til ro og f\u00e5r et boost af motivation til yderligere underholdning.<\/p>\n<h2>HVORDAN FUNGERER LOYALITETSBONUSSER?<\/h2>\n<p>Lad os forestille os, at du er en casinokunde. Du har din egen konto, og du har finansieret den for at kunne spille. Du g\u00e5r ind i spillet, for eksempel slots, og placerer et v\u00e6ddem\u00e5l der. Bel\u00f8bet for dette v\u00e6ddem\u00e5l gemmes, og n\u00e5r du placerer det n\u00e6ste v\u00e6ddem\u00e5l, summeres de. Dette forts\u00e6tter indtil 30 AUD er indsamlet. Det er dette bel\u00f8b, der konverteres til \u00e9t CompPoints (CP).<\/p>\n<p>Disse point er indikatorer for din loyalitet. Jo flere af dem, jo h\u00f8jere er dit niveau i systemet. Derfor er det s\u00e5dan, casinoet forst\u00e5r, at du har spillet i lang tid, brugt dine penge p\u00e5 dets hjemmeside og pr\u00f8vet forskellige former for underholdning.<\/p>\n<p style=\"text-align: center;\"><span style=\"font-weight: 400;\"><div class=\"tosh-btn\"><a href=\"\/go-casino\/\" target=\"_blank\" rel=\"noopener\">F\u00c5 BONUS<\/a><\/div><\/span><\/p>\n<p>Jo flere point du har, jo h\u00f8jere vil cashback-procenten v\u00e6re. Den maksimale st\u00f8rrelse er 15%.<\/p>\n<p>Forresten, i loyalitetsprogrammet casino Rocket Play Australia er cashback opdelt i to typer:<\/p>\n<ul>\n<li>for tab i slots;<\/li>\n<li>for at tabe i live-spil.<\/li>\n<\/ul>\n<p>Den f\u00f8rste kommer om mandagen, den anden om torsdagen. S\u00e5 det viser sig, at i l\u00f8bet af ugen bliver midlerne returneret til dig to gange. Selvf\u00f8lgelig, hvis du spiller b\u00e5de slots og live casino.<\/p>\n<p><img loading=\"lazy\" decoding=\"async\" class=\" wp-image-452 aligncenter\" src=\"https:\/\/rocketplay-new.com\/wp-content\/uploads\/2022\/09\/how-to-claim-a-loyalty-bonus-htc-300x162.webp\" alt=\"Loyalty bonus\" width=\"644\" height=\"348\" srcset=\"https:\/\/rocketplay-new.com\/wp-content\/uploads\/2022\/09\/how-to-claim-a-loyalty-bonus-htc-300x162.webp 300w, https:\/\/rocketplay-new.com\/wp-content\/uploads\/2022\/09\/how-to-claim-a-loyalty-bonus-htc-1024x554.webp 1024w, https:\/\/rocketplay-new.com\/wp-content\/uploads\/2022\/09\/how-to-claim-a-loyalty-bonus-htc-768x415.webp 768w, https:\/\/rocketplay-new.com\/wp-content\/uploads\/2022\/09\/how-to-claim-a-loyalty-bonus-htc.webp 1480w\" sizes=\"auto, (max-width: 644px) 100vw, 644px\" \/><\/p>\n<h2>KONKLUSION<\/h2>\n<p>Loyalitetsgaver gives til alle brugere. Du beh\u00f8ver ikke vente l\u00e6nge p\u00e5, at alle fordelene bliver tilg\u00e6ngelige for dig. Du kan spore antallet af point og bel\u00f8bet for cashback p\u00e5 din personlige konto.<\/p>\n<p>Hvis du er en loyal kunde hos spillehuset, vil du v\u00e6re i stand til at m\u00e6rke alle fordelene ved det bedste casino loyalitetsprogram Rocket Play. Dette er ikke kun \u00f8konomisk fordelagtigt, men g\u00f8r dig ogs\u00e5 til et helt s\u00e6rligt medlem af casinof\u00e6llesskabet.<\/p>\n<p>L\u00e6s ogs\u00e5 om: <a href=\"https:\/\/rocketplay-new.com\/da\/vip\/\">VIP Program<\/a><\/p>\n","protected":false},"excerpt":{"rendered":"<p>Kundeloyalitet er en meget vigtig indikator for et kasino. En loyal spiller vender tilbage til institutionen igen, vil ikke v\u00e6re bange for at bruge kampagner og bruge rigtige penge til deres underholdning. Derfor er der specielle systemer designet til at \u00f8ge denne indikator p\u00e5 institutionen. S\u00e5dan opstod loyalitetsprogrammet Rocket Play, som kan betragtes som ret&#8230;<\/p>\n","protected":false},"author":1,"featured_media":0,"parent":0,"menu_order":0,"comment_status":"closed","ping_status":"closed","template":"","meta":{"_acf_changed":false,"_kad_post_transparent":"default","_kad_post_title":"default","_kad_post_layout":"default","_kad_post_sidebar_id":"","_kad_post_content_style":"default","_kad_post_vertical_padding":"default","_kad_post_feature":"","_kad_post_feature_position":"","_kad_post_header":false,"_kad_post_footer":false,"footnotes":""},"class_list":["post-1885","page","type-page","status-publish","hentry"],"acf":[],"rttpg_featured_image_url":null,"rttpg_author":{"display_name":"John","author_link":"https:\/\/rocketplay-new.com\/da\/author\/pemvas95n89x\/"},"rttpg_comment":0,"rttpg_category":null,"rttpg_excerpt":"Kundeloyalitet er en meget vigtig indikator for et kasino. En loyal spiller vender tilbage til institutionen igen, vil ikke v\u00e6re bange for at bruge kampagner og bruge rigtige penge til deres underholdning. Derfor er der specielle systemer designet til at \u00f8ge denne indikator p\u00e5 institutionen. S\u00e5dan opstod loyalitetsprogrammet Rocket Play, som kan betragtes som ret...","_links":{"self":[{"href":"https:\/\/rocketplay-new.com\/da\/wp-json\/wp\/v2\/pages\/1885","targetHints":{"allow":["GET"]}}],"collection":[{"href":"https:\/\/rocketplay-new.com\/da\/wp-json\/wp\/v2\/pages"}],"about":[{"href":"https:\/\/rocketplay-new.com\/da\/wp-json\/wp\/v2\/types\/page"}],"author":[{"embeddable":true,"href":"https:\/\/rocketplay-new.com\/da\/wp-json\/wp\/v2\/users\/1"}],"replies":[{"embeddable":true,"href":"https:\/\/rocketplay-new.com\/da\/wp-json\/wp\/v2\/comments?post=1885"}],"version-history":[{"count":5,"href":"https:\/\/rocketplay-new.com\/da\/wp-json\/wp\/v2\/pages\/1885\/revisions"}],"predecessor-version":[{"id":1886,"href":"https:\/\/rocketplay-new.com\/da\/wp-json\/wp\/v2\/pages\/1885\/revisions\/1886"}],"wp:attachment":[{"href":"https:\/\/rocketplay-new.com\/da\/wp-json\/wp\/v2\/media?parent=1885"}],"curies":[{"name":"wp","href":"https:\/\/api.w.org\/{rel}","templated":true}]}}