{"id":1862,"date":"2022-09-20T14:02:14","date_gmt":"2022-09-20T11:02:14","guid":{"rendered":"https:\/\/rocketplay-new.com\/9-coins\/"},"modified":"2025-04-02T14:20:03","modified_gmt":"2025-04-02T11:20:03","slug":"9-coins","status":"publish","type":"page","link":"https:\/\/rocketplay-new.com\/da\/9-coins\/","title":{"rendered":"9 Coins Slot anmeldelse"},"content":{"rendered":"<p><img loading=\"lazy\" decoding=\"async\" class=\"aligncenter wp-image-5037\" src=\"https:\/\/rocketplay-new.com\/wp-content\/uploads\/2024\/02\/9999.png\" alt=\"9 Coins \" width=\"800\" height=\"363\" srcset=\"https:\/\/rocketplay-new.com\/wp-content\/uploads\/2024\/02\/9999.png 1281w, https:\/\/rocketplay-new.com\/wp-content\/uploads\/2024\/02\/9999-300x136.png 300w, https:\/\/rocketplay-new.com\/wp-content\/uploads\/2024\/02\/9999-1024x465.png 1024w, https:\/\/rocketplay-new.com\/wp-content\/uploads\/2024\/02\/9999-768x349.png 768w\" sizes=\"auto, (max-width: 800px) 100vw, 800px\" \/><\/p>\n<h2>GRUNDL\u00c6GGENDE OPLYSNINGER<\/h2>\n<p>Det moderne udvalg af slots er virkelig enormt. Og det er sv\u00e6rt at finde noget us\u00e6dvanligt blandt dem. De er alle ens med hensyn til mekanik, antallet af hjul og linjer, animationer, risikospil og andre funktioner. Men hvis du finder Rocket Play 9 Coins slot online i casinoet, vil du forst\u00e5, at der er muligheder med originale kontroller og muligheder.<\/p>\n<p>Umiddelbart virker betydningen af dette slot ikke s\u00e5 interessant og sp\u00e6ndende. Men han har sine fans, og det er ikke for ingenting. Du beh\u00f8ver ikke at satse rigtige penge med det samme for at forst\u00e5 spillet. N\u00e5r alt kommer til alt, kan du altid k\u00f8re en demoversion, der vil g\u00f8re bekendtskab gratis.<\/p>\n<p style=\"text-align: center;\"><div class=\"tosh-btn\"><a href=\"\/go-casino\/\" target=\"_blank\" rel=\"noopener\">F\u00c5 BONUS<\/a><\/div><\/p>\n<p>Skaberen af spilleautomaten er Wazdan. Hun er kendt for at opfinde nye og interessante funktioner. Udviklingsteamet kommer ofte med friske ideer, som derefter implementeres i slots. Det er pr\u00e6cis, hvad der skete her. S\u00e5 lad os l\u00e6re ham bedre at kende i vores Rocket Play 9 Coins slot anmeldelse og beslutte, om du kan lide ham.<\/p>\n<h2>9 M\u00d8NTSYMBOLER OG GEVINSTTABEL<\/h2>\n<p>Ved f\u00f8rste \u00f8jekast har dette spil intet med plads at g\u00f8re. Men s\u00e5 snart du starter slot, h\u00f8rer du tematisk musik, der ser ud til at tage dig til de ukendte dybder af universet. Derudover er alle animationer i spillet lavet i denne stil.<\/p>\n<p>Men det vigtigste er selvf\u00f8lgelig ikke designet, men spillets funktioner.<\/p>\n<p>S\u00e5 du \u00e5bner spillet og ser et felt med 3 gange 3 celler foran dig. En us\u00e6dvanlig mulighed for en slot, men dette er kun begyndelsen. N\u00e5r du starter et slot, fyldes det ikke helt op med symboler. De stopper kun i nogle celler. S\u00e5 er det overhovedet muligt at tjene rigtige penge i Rocket Play 9 Coins slot?<\/p>\n<p>Der er ingen betalingslinjer her, s\u00e5 ingen kombination af symboler vil give fordele. Bortset fra \u00e9n.<\/p>\n<p>Dit m\u00e5l er, at tre symboler stopper p\u00e5 den centrale stribe p\u00e5 pladsen. Dette vil udl\u00f8se bonusrunden. Det er her alle betalinger venter p\u00e5 dig. Tabellen nedenfor viser dem alle.<\/p>\n<table>\n<tbody>\n<tr>\n<td><span style=\"font-weight: 400;\">Symbol<\/span><\/td>\n<td>Dens funktion<\/td>\n<\/tr>\n<tr>\n<td>Kontanter (almindelige m\u00f8nter)<\/td>\n<td><span style=\"font-weight: 400;\">Kan gange indsatsen fra x1 til x5<\/span><\/td>\n<\/tr>\n<tr>\n<td>Boks<\/td>\n<td><span style=\"font-weight: 400;\">Samler alle gevinster p\u00e5 banen og bringer en tilf\u00e6ldig multiplikator op til x9<\/span><\/td>\n<\/tr>\n<tr>\n<td>Mystiske symboler<\/td>\n<td>Forvandles til enhver af karaktererne<\/td>\n<\/tr>\n<tr>\n<td>Mystisk jackpot<\/td>\n<td>Konverterer til enhver Jackpot<\/td>\n<\/tr>\n<tr>\n<td><span style=\"font-weight: 400;\">Major<\/span><\/td>\n<td>Kan gange indsatsen til x50<\/td>\n<\/tr>\n<tr>\n<td>Mindre<\/td>\n<td>Kan gange indsatsen til x20<\/td>\n<\/tr>\n<tr>\n<td><span style=\"font-weight: 400;\">Mini<\/span><\/td>\n<td><span style=\"font-weight: 400;\">Kan gange indsatsen til x10<\/span><\/td>\n<\/tr>\n<\/tbody>\n<\/table>\n<p>&nbsp;<\/p>\n<p>I bonusrunden laver du 3 Rocket Play 9 Coins gratis spins. Og hvis mindst \u00e9t symbol bliver h\u00e6ngende p\u00e5 feltet, stiger antallet af spins igen. Dette kan forts\u00e6tte til det sidste. Hvad du kan f\u00e5 i l\u00f8bet af den profitable tilstand vil d\u00e6kke de ubrugelige spins lavet f\u00f8r.<\/p>\n<p>En anden vigtig faktor, der afg\u00f8r, om en spilleautomat er egnet til at spille eller ej, er RTP. Det viser, hvor mange procent af pengene brugt p\u00e5 spilleautomaten du vil returnere med et langt spil. Jo h\u00f8jere dette tal, jo bedre. Gennemsnittet inden for gambling er 95,5%. Denne slot har 96,06%, hvilket er lidt bedre end gennemsnittet.<\/p>\n<p style=\"text-align: center;\"><div class=\"tosh-btn\"><a href=\"\/go-casino\/\" target=\"_blank\" rel=\"noopener\">F\u00c5 BONUS<\/a><\/div><\/p>\n<p>P\u00e5 trods af at der er mange slots med en h\u00f8jere procentdel p\u00e5 markedet i dag, kan dette spil stadig betragtes som ganske rentabelt. Den bedste Rocket Play 9 Coins slot bonus venter p\u00e5 dig, n\u00e5r alle ni celler er fyldt med symboler under bonusrunden.<\/p>\n<p><img loading=\"lazy\" decoding=\"async\" class=\"aligncenter wp-image-5047\" src=\"https:\/\/rocketplay-new.com\/wp-content\/uploads\/2024\/02\/999-1.png\" alt=\"9 Coins 2\" width=\"800\" height=\"444\" srcset=\"https:\/\/rocketplay-new.com\/wp-content\/uploads\/2024\/02\/999-1.png 955w, https:\/\/rocketplay-new.com\/wp-content\/uploads\/2024\/02\/999-1-300x166.png 300w, https:\/\/rocketplay-new.com\/wp-content\/uploads\/2024\/02\/999-1-768x426.png 768w\" sizes=\"auto, (max-width: 800px) 100vw, 800px\" \/><\/p>\n<h3>9 M\u00d8NTSPLADE OSS<\/h3>\n<p>HVORDAN TJENNER MAN DET MAKSIMUM I DENNE SPILLE?<\/p>\n<p>For at g\u00f8re dette skal du udfylde alle cellerne i feltet med symboler. I dette tilf\u00e6lde f\u00e5r du Grand Jackpot.<\/p>\n<h3>HVOR MEGET KAN DU TJENE P\u00c5 DETTE SPIL?<\/h3>\n<p>Det n\u00f8jagtige bel\u00f8b afh\u00e6nger af din indsats. Den maksimale multiplikator du kan f\u00e5 er x500. Det er kun tilg\u00e6ngeligt i bonusrunden. Hvis du rammer den, vil de tidligere gevinster blive nulstillet. For du kan ikke f\u00e5 mere end det.<\/p>\n<h3>HVORDAN KAN JEG LANCERE SPILLET FRA EN MOBILTELEFON?<\/h3>\n<p>Dette g\u00f8res meget nemt. Du skal blot logge ind p\u00e5 din konto p\u00e5 casinosiden via en browser, finde denne slot og starte den. Det vil justere, s\u00e5 det passer til din sk\u00e6rm.<\/p>\n<p>L\u00e6s ogs\u00e5 om: <a href=\"https:\/\/rocketplay-new.com\/da\/go-casino\/\">Gold Express Slot<\/a><\/p>\n","protected":false},"excerpt":{"rendered":"<p>GRUNDL\u00c6GGENDE OPLYSNINGER Det moderne udvalg af slots er virkelig enormt. Og det er sv\u00e6rt at finde noget us\u00e6dvanligt blandt dem. De er alle ens med hensyn til mekanik, antallet af hjul og linjer, animationer, risikospil og andre funktioner. Men hvis du finder Rocket Play 9 Coins slot online i casinoet, vil du forst\u00e5, at der&#8230;<\/p>\n","protected":false},"author":1,"featured_media":0,"parent":0,"menu_order":0,"comment_status":"closed","ping_status":"closed","template":"","meta":{"_acf_changed":false,"_kad_post_transparent":"default","_kad_post_title":"default","_kad_post_layout":"default","_kad_post_sidebar_id":"","_kad_post_content_style":"default","_kad_post_vertical_padding":"default","_kad_post_feature":"","_kad_post_feature_position":"","_kad_post_header":false,"_kad_post_footer":false,"footnotes":""},"class_list":["post-1862","page","type-page","status-publish","hentry"],"acf":[],"rttpg_featured_image_url":null,"rttpg_author":{"display_name":"John","author_link":"https:\/\/rocketplay-new.com\/da\/author\/pemvas95n89x\/"},"rttpg_comment":0,"rttpg_category":null,"rttpg_excerpt":"GRUNDL\u00c6GGENDE OPLYSNINGER Det moderne udvalg af slots er virkelig enormt. Og det er sv\u00e6rt at finde noget us\u00e6dvanligt blandt dem. De er alle ens med hensyn til mekanik, antallet af hjul og linjer, animationer, risikospil og andre funktioner. Men hvis du finder Rocket Play 9 Coins slot online i casinoet, vil du forst\u00e5, at der...","_links":{"self":[{"href":"https:\/\/rocketplay-new.com\/da\/wp-json\/wp\/v2\/pages\/1862","targetHints":{"allow":["GET"]}}],"collection":[{"href":"https:\/\/rocketplay-new.com\/da\/wp-json\/wp\/v2\/pages"}],"about":[{"href":"https:\/\/rocketplay-new.com\/da\/wp-json\/wp\/v2\/types\/page"}],"author":[{"embeddable":true,"href":"https:\/\/rocketplay-new.com\/da\/wp-json\/wp\/v2\/users\/1"}],"replies":[{"embeddable":true,"href":"https:\/\/rocketplay-new.com\/da\/wp-json\/wp\/v2\/comments?post=1862"}],"version-history":[{"count":9,"href":"https:\/\/rocketplay-new.com\/da\/wp-json\/wp\/v2\/pages\/1862\/revisions"}],"predecessor-version":[{"id":5619,"href":"https:\/\/rocketplay-new.com\/da\/wp-json\/wp\/v2\/pages\/1862\/revisions\/5619"}],"wp:attachment":[{"href":"https:\/\/rocketplay-new.com\/da\/wp-json\/wp\/v2\/media?parent=1862"}],"curies":[{"name":"wp","href":"https:\/\/api.w.org\/{rel}","templated":true}]}}